{"id":25,"date":"2024-01-19T15:30:47","date_gmt":"2024-01-19T18:30:47","guid":{"rendered":"https:\/\/www.sbq.org.br\/vicosa\/?page_id=25"},"modified":"2024-07-15T22:00:19","modified_gmt":"2024-07-16T01:00:19","slug":"diretoria","status":"publish","type":"page","link":"https:\/\/www.sbq.org.br\/vicosa\/sobre-a-secretaria-regional-de-vicosa\/diretoria\/","title":{"rendered":"Diretoria"},"content":{"rendered":"\n<h3>Gest\u00e3o 2024-2026<\/h3>\n\n\n\n<p>Andr\u00e9 Fernando de Oliveira  &#8211; <strong>Secret\u00e1rio <\/strong>&#8211; DEQ\/UFV<\/p>\n\n\n\n<p><\/p>\n\n\n\n<p><\/p>\n\n\n\n<p><\/p>\n\n\n\n<p><\/p>\n","protected":false},"excerpt":{"rendered":"<p>Gest\u00e3o 2024-2026 Andr\u00e9 Fernando de Oliveira &#8211; Secret\u00e1rio &#8211; DEQ\/UFV<\/p>\n","protected":false},"author":1,"featured_media":0,"parent":3,"menu_order":0,"comment_status":"closed","ping_status":"closed","template":"institucional","meta":{"footnotes":""},"_links":{"self":[{"href":"https:\/\/www.sbq.org.br\/vicosa\/wp-json\/wp\/v2\/pages\/25"}],"collection":[{"href":"https:\/\/www.sbq.org.br\/vicosa\/wp-json\/wp\/v2\/pages"}],"about":[{"href":"https:\/\/www.sbq.org.br\/vicosa\/wp-json\/wp\/v2\/types\/page"}],"author":[{"embeddable":true,"href":"https:\/\/www.sbq.org.br\/vicosa\/wp-json\/wp\/v2\/users\/1"}],"replies":[{"embeddable":true,"href":"https:\/\/www.sbq.org.br\/vicosa\/wp-json\/wp\/v2\/comments?post=25"}],"version-history":[{"count":6,"href":"https:\/\/www.sbq.org.br\/vicosa\/wp-json\/wp\/v2\/pages\/25\/revisions"}],"predecessor-version":[{"id":133,"href":"https:\/\/www.sbq.org.br\/vicosa\/wp-json\/wp\/v2\/pages\/25\/revisions\/133"}],"up":[{"embeddable":true,"href":"https:\/\/www.sbq.org.br\/vicosa\/wp-json\/wp\/v2\/pages\/3"}],"wp:attachment":[{"href":"https:\/\/www.sbq.org.br\/vicosa\/wp-json\/wp\/v2\/media?parent=25"}],"curies":[{"name":"wp","href":"https:\/\/api.w.org\/{rel}","templated":true}]}}