{"id":21,"date":"2024-01-11T14:56:14","date_gmt":"2024-01-11T17:56:14","guid":{"rendered":"https:\/\/www.sbq.org.br\/vicosa\/?page_id=21"},"modified":"2024-07-15T22:35:04","modified_gmt":"2024-07-16T01:35:04","slug":"workshops-2","status":"publish","type":"page","link":"https:\/\/www.sbq.org.br\/vicosa\/workshops-2\/","title":{"rendered":"I WORKSHOP INTEGRADO DE QU\u00cdMICA &#8211;"},"content":{"rendered":"\n<p>A Sociedade Brasileira de Qu\u00edmica \u2013 Regional Vi\u00e7osa est\u00e1 apoiando o evento que visa apresentar, de maneira multidisciplinar e transdisciplinar a Qu\u00edmica, atrav\u00e9s de palestras e trabalhos de p\u00f3s-graduando dos 04 programas de p\u00f3s-gradua\u00e7\u00e3o do DEQ\/UFV<\/p>\n\n\n\n<p> <\/p>\n\n\n\n<div id=\"section-g6f4455\" class=\"wp-block-gutentor-e7 section-g6f4455 gutentor-element gutentor-element-list\"><ul class=\"grid-row gutentor-grid-item-wrap list-indicator-icon\"><li class=\"gutentor-list-item grid-lg-12 grid-md-12 grid-12\"><span class=\"gutentor-single-item gutentor-single-item-0\"><span class=\"gutentor-list-item-wrap g-s-list-wrap\"><span class=\"gutentor-single-list-item-icon\"><i class=\"list-item-icon fas fa-arrow-right\"><\/i><\/span><span class=\"gutentor-list-item\"><p class=\"gutentor-single-item-title\">Programa de P\u00f3s-Gradua\u00e7\u00e3o em Agroqu\u00edmica<\/p><\/span><\/span><\/span><\/li><li class=\"gutentor-list-item grid-lg-12 grid-md-12 grid-12\"><span class=\"gutentor-single-item gutentor-single-item-1\"><span class=\"gutentor-list-item-wrap g-s-list-wrap\"><span class=\"gutentor-single-list-item-icon\"><i class=\"list-item-icon fas fa-arrow-right\"><\/i><\/span><span class=\"gutentor-list-item\"><p class=\"gutentor-single-item-title\">Mestrado em Engenharia Qu\u00edmica<\/p><\/span><\/span><\/span><\/li><li class=\"gutentor-list-item grid-lg-12 grid-md-12 grid-12\"><span class=\"gutentor-single-item gutentor-single-item-2\"><span class=\"gutentor-list-item-wrap g-s-list-wrap\"><span class=\"gutentor-single-list-item-icon\"><i class=\"list-item-icon fas fa-arrow-right\"><\/i><\/span><span class=\"gutentor-list-item\"><p class=\"gutentor-single-item-title\">Mestrado  Profissionalizante em Qu\u00edmica (PROFQUI)<\/p><\/span><\/span><\/span><\/li><li class=\"gutentor-list-item grid-lg-12 grid-md-12 grid-12\"><span class=\"gutentor-single-item gutentor-single-item-3\"><span class=\"gutentor-list-item-wrap g-s-list-wrap\"><span class=\"gutentor-single-list-item-icon\"><i class=\"list-item-icon fas fa-arrow-right\"><\/i><\/span><span class=\"gutentor-list-item\"><p class=\"gutentor-single-item-title\">Programa de P\u00f3s-Gradua\u00e7\u00e3o Multic\u00eantrico Mineiro de Qu\u00edmica<\/p><\/span><\/span><\/span><\/li><\/ul><\/div>\n\n\n\n<p><\/p>\n\n\n\n<p><\/p>\n\n\n\n<p><\/p>\n\n\n\n<p>Em breve informa\u00e7\u00f5es mais detalhadas ser\u00e3o fornecidas em breve<\/p>\n\n\n\n<p><strong>Haver\u00e1 emiss\u00e3o de certificado.<\/strong><\/p>\n\n\n\n<p>Em breve ser\u00e1 disponibilizada a programa\u00e7\u00e3o detalhada.<\/p>\n","protected":false},"excerpt":{"rendered":"<p>A Sociedade Brasileira de Qu\u00edmica \u2013 Regional Vi\u00e7osa est\u00e1 apoiando o evento que visa apresentar, de maneira multidisciplinar e transdisciplinar a Qu\u00edmica, atrav\u00e9s de palestras e trabalhos de p\u00f3s-graduando dos 04 programas de p\u00f3s-gradua\u00e7\u00e3o do DEQ\/UFV Em breve informa\u00e7\u00f5es mais detalhadas ser\u00e3o fornecidas em breve Haver\u00e1 emiss\u00e3o de certificado. Em breve ser\u00e1 disponibilizada a programa\u00e7\u00e3o [&hellip;]<\/p>\n","protected":false},"author":1,"featured_media":0,"parent":0,"menu_order":0,"comment_status":"closed","ping_status":"closed","template":"wp-custom-template-noticias","meta":{"footnotes":""},"_links":{"self":[{"href":"https:\/\/www.sbq.org.br\/vicosa\/wp-json\/wp\/v2\/pages\/21"}],"collection":[{"href":"https:\/\/www.sbq.org.br\/vicosa\/wp-json\/wp\/v2\/pages"}],"about":[{"href":"https:\/\/www.sbq.org.br\/vicosa\/wp-json\/wp\/v2\/types\/page"}],"author":[{"embeddable":true,"href":"https:\/\/www.sbq.org.br\/vicosa\/wp-json\/wp\/v2\/users\/1"}],"replies":[{"embeddable":true,"href":"https:\/\/www.sbq.org.br\/vicosa\/wp-json\/wp\/v2\/comments?post=21"}],"version-history":[{"count":8,"href":"https:\/\/www.sbq.org.br\/vicosa\/wp-json\/wp\/v2\/pages\/21\/revisions"}],"predecessor-version":[{"id":148,"href":"https:\/\/www.sbq.org.br\/vicosa\/wp-json\/wp\/v2\/pages\/21\/revisions\/148"}],"wp:attachment":[{"href":"https:\/\/www.sbq.org.br\/vicosa\/wp-json\/wp\/v2\/media?parent=21"}],"curies":[{"name":"wp","href":"https:\/\/api.w.org\/{rel}","templated":true}]}}