{"id":2,"date":"2023-12-13T17:31:14","date_gmt":"2023-12-13T20:31:14","guid":{"rendered":"https:\/\/www.sbq.org.br\/regional_vicosa\/?page_id=2"},"modified":"2024-08-20T11:18:54","modified_gmt":"2024-08-20T14:18:54","slug":"seja-bem-vindo-a-secretaria-regional-de-vicosa-da-sbq","status":"publish","type":"page","link":"https:\/\/www.sbq.org.br\/vicosa\/","title":{"rendered":"Seja bem-vindo \u00e0 Secretaria Regional de Vi\u00e7osa da SBQ"},"content":{"rendered":"\n<p>Caros s\u00f3cios da SBQ-Regional Vi\u00e7osa,<\/p>\n\n\n\n<p>A Gest\u00e3o 2024-2026 assumiu a bandeira &#8220;juntos somos melhores que sozinhos&#8221;, que resume a import\u00e2ncia de rompermos um paradigma hist\u00f3rico e buscarmos a fus\u00e3o com a Secretaria Regional Minas (que representa diversas Institui\u00e7\u00f5es de Ensino Superior do Estado de Minas Gerais) e n\u00e3o sermos uma Secretaria Regional de um departamento na UFV. <\/p>\n\n\n\n<p>Essa fus\u00e3o permitir\u00e1 a maior colabora\u00e7\u00e3o com outras institui\u00e7\u00f5es, uma divulga\u00e7\u00e3o mais ampla e a\u00e7\u00f5es coordenadas.  \u00c9 importante ressaltar que ao ocorrer a fus\u00e3o com uma Secretaria maior n\u00e3o significa acabar com as a\u00e7\u00f5es realizadas pelo Docentes, T\u00e9cnicos e Alunos do Depto Qu\u00edmica UFV. Elas continuar\u00e3o, com a vantagem de estar dentro de uma secretaria maior, com maior suporte para divulga\u00e7\u00e3o, financeiro e potenciais parceiros.<\/p>\n\n\n\n<p> A ideia antiga de que a Secretaria Regional Minas era a UFMG e as atividades propostas por eles eram menos intensas que a UFV j\u00e1 n\u00e3o tem ader\u00eancia com a realidade e n\u00e3o h\u00e1 porque criticarmos os outros, mas ajud\u00e1-los a crescer, pois a SBQ somos todos n\u00f3s.<\/p>\n\n\n\n<p><a href=\"https:\/\/www.sbq.org.br\/vicosa\/por-que-ser-associado-a-sbq\/\" data-type=\"post\" data-id=\"4\" target=\"_blank\" rel=\"noreferrer noopener\">Por que ser associado \u00e0 SBQ?<\/a><\/p>\n\n\n\n<p><\/p>\n\n\n\n<p>Atenciosamente,<\/p>\n\n\n\n<p>Secretaria Regional Vi\u00e7osa &#8211; Gest\u00e3o 2024-2026<\/p>\n","protected":false},"excerpt":{"rendered":"<p>Caros s\u00f3cios da SBQ-Regional Vi\u00e7osa, A Gest\u00e3o 2024-2026 assumiu a bandeira &#8220;juntos somos melhores que sozinhos&#8221;, que resume a import\u00e2ncia de rompermos um paradigma hist\u00f3rico e buscarmos a fus\u00e3o com a Secretaria Regional Minas (que representa diversas Institui\u00e7\u00f5es de Ensino Superior do Estado de Minas Gerais) e n\u00e3o sermos uma Secretaria Regional de um departamento [&hellip;]<\/p>\n","protected":false},"author":1,"featured_media":0,"parent":0,"menu_order":0,"comment_status":"closed","ping_status":"open","template":"","meta":{"footnotes":""},"_links":{"self":[{"href":"https:\/\/www.sbq.org.br\/vicosa\/wp-json\/wp\/v2\/pages\/2"}],"collection":[{"href":"https:\/\/www.sbq.org.br\/vicosa\/wp-json\/wp\/v2\/pages"}],"about":[{"href":"https:\/\/www.sbq.org.br\/vicosa\/wp-json\/wp\/v2\/types\/page"}],"author":[{"embeddable":true,"href":"https:\/\/www.sbq.org.br\/vicosa\/wp-json\/wp\/v2\/users\/1"}],"replies":[{"embeddable":true,"href":"https:\/\/www.sbq.org.br\/vicosa\/wp-json\/wp\/v2\/comments?post=2"}],"version-history":[{"count":3,"href":"https:\/\/www.sbq.org.br\/vicosa\/wp-json\/wp\/v2\/pages\/2\/revisions"}],"predecessor-version":[{"id":157,"href":"https:\/\/www.sbq.org.br\/vicosa\/wp-json\/wp\/v2\/pages\/2\/revisions\/157"}],"wp:attachment":[{"href":"https:\/\/www.sbq.org.br\/vicosa\/wp-json\/wp\/v2\/media?parent=2"}],"curies":[{"name":"wp","href":"https:\/\/api.w.org\/{rel}","templated":true}]}}