{"id":17,"date":"2024-01-11T14:49:55","date_gmt":"2024-01-11T17:49:55","guid":{"rendered":"https:\/\/www.sbq.org.br\/vicosa\/?page_id=17"},"modified":"2024-01-11T14:49:55","modified_gmt":"2024-01-11T17:49:55","slug":"workshops","status":"publish","type":"page","link":"https:\/\/www.sbq.org.br\/vicosa\/workshops\/","title":{"rendered":"Workshops"},"content":{"rendered":"\n<section id=\"g011ea6\" class=\"wp-block-gutentor-p4 section-g011ea6 gutentor-post-module gutentor-advanced-post-module\" data-gpid=\"17\" data-l-ani=\"gp4-animation-1\" data-i-b=\"gutentor\/p1\" data-maxnumpages=\"1\">\n\n<section class=\"gutentor-post-module section-112ed97a-1df3-4e49-8aa6-964264a6c12c gutentor-post-module-p1 gutentor_p1_template1 wp-block-gutentor-p1 gutentor-blog-grid\" id=\"112ed97a-1df3-4e49-8aa6-964264a6c12c\" data-gbid=\"112ed97a-1df3-4e49-8aa6-964264a6c12c\" >\n<div class='grid-container'><div class='grid-row' ><article class='gutentor-post gutentor-post-no-thumb  grid-lg-12 grid-md-4 grid-12'><div class='gutentor-post-item'><div class=\"gutentor-post-title-data-wrap\"><h3 class=\"gutentor-post-title\"><a href=\"https:\/\/www.sbq.org.br\/vicosa\/campanha-de-fidelizacao-sbq-por-tempo-determinado\/\" rel=\"bookmark\">Campanha de fideliza\u00e7\u00e3o SBQ- por tempo determinado<\/a><\/h3><\/div><div class=\"gutentor-post-desc\">A SBQ est\u00e1 prestes a completar 40 anos e a diretoria est\u00e1 se empenhando para fidelizar s\u00f3cios antigo&hellip;<\/div><a class=\"gutentor-button gutentor-post-button\"  href=\"https:\/\/www.sbq.org.br\/vicosa\/campanha-de-fidelizacao-sbq-por-tempo-determinado\/\" href=\"https:\/\/www.sbq.org.br\/vicosa\/campanha-de-fidelizacao-sbq-por-tempo-determinado\/\"><span>Read More<\/span><\/a><\/div><\/article><article class='gutentor-post gutentor-post-no-thumb  grid-lg-12 grid-md-4 grid-12'><div class='gutentor-post-item'><div class=\"gutentor-post-title-data-wrap\"><h3 class=\"gutentor-post-title\"><a href=\"https:\/\/www.sbq.org.br\/vicosa\/por-que-ser-associado-a-sbq\/\" rel=\"bookmark\">Por que ser associado \u00e0 SBQ?<\/a><\/h3><\/div><div class=\"gutentor-post-desc\">Mensagem do presidente atual, do anterior e do sucessor ressaltando as cont\u00ednuas e relevantes a\u00e7\u00f5es &hellip;<\/div><a class=\"gutentor-button gutentor-post-button\"  href=\"https:\/\/www.sbq.org.br\/vicosa\/por-que-ser-associado-a-sbq\/\" href=\"https:\/\/www.sbq.org.br\/vicosa\/por-que-ser-associado-a-sbq\/\"><span>Read More<\/span><\/a><\/div><\/article><\/div><\/div><\/section>\n\n\n<div id=\"section-g92443c\" class=\"wp-block-gutentor-e17 section-g92443c gutentor-element gutentor-post-footer\"><div class=\"grid-container\"><div class=\"grid-row\">\n<div id=\"col-gm1c892a\" class=\"wp-block-gutentor-e15 gutentor-single-column  grid-lg-12 grid-md-12 grid-12\"><div id=\"section-gm1c892a\" class=\"section-gm1c892a gutentor-col-wrap\">\n<div id=\"section-ga1bbf4\" class=\"wp-block-gutentor-e12 section-ga1bbf4 gutentor-element gutentor-element-pagination text-align-center-mobile\"><div class=\"gutentor-pagination-wrap\" data-maxnumpages=\"1\"><ul class=\"gutentor-pagination\"><li class=\"gutentor-pagination-item gutentor-pagination-prev\"><a class=\"gutentor-pagination-link gutentor-disabled\" href=\"#\"><i class=\"fas fa-chevron-left\"><\/i>Previous<\/a><\/li><li class=\"gutentor-pagination-item gutentor-pagination-active\" data-gpage=\"1\"><a class=\"gutentor-pagination-link\" href=\"#\">1<\/a><\/li><li class=\"gutentor-pagination-item gutentor-pagination-next\"><a class=\"gutentor-pagination-link gutentor-disabled\" href=\"#\" data-gpage=\"2\">Next<i class=\"fas fa-chevron-right\"><\/i><\/a><\/li><\/ul><\/div><\/div>\n<\/div><\/div>\n<\/div><\/div><\/div>\n<\/section>\n","protected":false},"excerpt":{"rendered":"","protected":false},"author":1,"featured_media":0,"parent":0,"menu_order":0,"comment_status":"closed","ping_status":"closed","template":"","meta":{"footnotes":""},"_links":{"self":[{"href":"https:\/\/www.sbq.org.br\/vicosa\/wp-json\/wp\/v2\/pages\/17"}],"collection":[{"href":"https:\/\/www.sbq.org.br\/vicosa\/wp-json\/wp\/v2\/pages"}],"about":[{"href":"https:\/\/www.sbq.org.br\/vicosa\/wp-json\/wp\/v2\/types\/page"}],"author":[{"embeddable":true,"href":"https:\/\/www.sbq.org.br\/vicosa\/wp-json\/wp\/v2\/users\/1"}],"replies":[{"embeddable":true,"href":"https:\/\/www.sbq.org.br\/vicosa\/wp-json\/wp\/v2\/comments?post=17"}],"version-history":[{"count":2,"href":"https:\/\/www.sbq.org.br\/vicosa\/wp-json\/wp\/v2\/pages\/17\/revisions"}],"predecessor-version":[{"id":122,"href":"https:\/\/www.sbq.org.br\/vicosa\/wp-json\/wp\/v2\/pages\/17\/revisions\/122"}],"wp:attachment":[{"href":"https:\/\/www.sbq.org.br\/vicosa\/wp-json\/wp\/v2\/media?parent=17"}],"curies":[{"name":"wp","href":"https:\/\/api.w.org\/{rel}","templated":true}]}}