{"id":15,"date":"2024-01-11T14:48:42","date_gmt":"2024-01-11T17:48:42","guid":{"rendered":"https:\/\/www.sbq.org.br\/vicosa\/?page_id=15"},"modified":"2024-08-20T11:15:45","modified_gmt":"2024-08-20T14:15:45","slug":"links","status":"publish","type":"page","link":"https:\/\/www.sbq.org.br\/vicosa\/links\/","title":{"rendered":"Links"},"content":{"rendered":"\n<p><a href=\"http:\/\/www.ufv.br\/deq\" data-type=\"link\" data-id=\"http:\/\/www.ufv.br\/deq\">Departamento de Qu\u00edmica<\/a> &#8211; (DEQ\/UFV)<\/p>\n\n\n\n<p><a href=\"http:\/\/www.posagroquimica.ufv.br\/\" target=\"_blank\" rel=\"noreferrer noopener\">Programa de P\u00f3s-Gradua\u00e7\u00e3o em Agroqu\u00edmica<\/a> (DEQ\/UFV)<\/p>\n\n\n\n<p><a href=\"http:\/\/www.posquimica.ufv.br\" target=\"_blank\" rel=\"noreferrer noopener\">Programa de P\u00f3s-Gradua\u00e7\u00e3o Multic\u00eantrico em Qu\u00edmica de Minas Gerais &#8211; UFV<\/a><\/p>\n\n\n\n<p><a href=\"https:\/\/profqui.ufv.br\/\" target=\"_blank\" rel=\"noreferrer noopener\">Mestrado Profissional em Qu\u00edmica (PROFQUI)<\/a>  (DEQ\/UFV)<\/p>\n\n\n\n<p><a href=\"https:\/\/ppgenq.ufv.br\/\" target=\"_blank\" rel=\"noreferrer noopener\">Mestrado em Engenharia Qu\u00edmica<\/a> (DEQ\/UFV)<\/p>\n\n\n\n<p><a href=\"http:\/\/www.tede.ufv.br\/tedesimplificado\/tde_busca\/\" target=\"_blank\" rel=\"noreferrer noopener\">Tese e Disserta\u00e7\u00f5es &#8211; UFV<\/a><\/p>\n\n\n\n<p><a href=\"http:\/\/jbcs.sbq.org.br\/\" target=\"_blank\" rel=\"noreferrer noopener\">JBCS<\/a> &#8211; Journal of the Brazilian Chemical Society<\/p>\n\n\n\n<p><a href=\"http:\/\/quimicanova.sbq.org.br\/index.php\" target=\"_blank\" rel=\"noreferrer noopener\">Qu\u00edmica Nova<\/a>   &#8211; Revista Qu\u00edmica Nova<\/p>\n\n\n\n<p><a href=\"http:\/\/www.cnpq.br\/\" target=\"_blank\" rel=\"noreferrer noopener\">CNPq<\/a> &#8211; Conselho Nacional de Pesquisa<\/p>\n\n\n\n<p><a href=\"http:\/\/www.fapemig.br\/\" target=\"_blank\" rel=\"noreferrer noopener\">FAPEMIG<\/a> -Funda\u00e7\u00e3o de Amparo a Pesquisa do Estado de Minas Gerais<\/p>\n\n\n\n<p><a href=\"http:\/\/www.periodicos.capes.gov.br\/portugues\/index\" target=\"_blank\" rel=\"noreferrer noopener\">Peri\u00f3dicos da CAPES<\/a> &#8211; Acesso aos peri\u00f3dicos e bases de dados disponibilizadas pela CAPES<\/p>\n","protected":false},"excerpt":{"rendered":"<p>Departamento de Qu\u00edmica &#8211; (DEQ\/UFV) Programa de P\u00f3s-Gradua\u00e7\u00e3o em Agroqu\u00edmica (DEQ\/UFV) Programa de P\u00f3s-Gradua\u00e7\u00e3o Multic\u00eantrico em Qu\u00edmica de Minas Gerais &#8211; UFV Mestrado Profissional em Qu\u00edmica (PROFQUI) (DEQ\/UFV) Mestrado em Engenharia Qu\u00edmica (DEQ\/UFV) Tese e Disserta\u00e7\u00f5es &#8211; UFV JBCS &#8211; Journal of the Brazilian Chemical Society Qu\u00edmica Nova &#8211; Revista Qu\u00edmica Nova CNPq &#8211; Conselho [&hellip;]<\/p>\n","protected":false},"author":1,"featured_media":0,"parent":0,"menu_order":0,"comment_status":"closed","ping_status":"closed","template":"","meta":{"footnotes":""},"_links":{"self":[{"href":"https:\/\/www.sbq.org.br\/vicosa\/wp-json\/wp\/v2\/pages\/15"}],"collection":[{"href":"https:\/\/www.sbq.org.br\/vicosa\/wp-json\/wp\/v2\/pages"}],"about":[{"href":"https:\/\/www.sbq.org.br\/vicosa\/wp-json\/wp\/v2\/types\/page"}],"author":[{"embeddable":true,"href":"https:\/\/www.sbq.org.br\/vicosa\/wp-json\/wp\/v2\/users\/1"}],"replies":[{"embeddable":true,"href":"https:\/\/www.sbq.org.br\/vicosa\/wp-json\/wp\/v2\/comments?post=15"}],"version-history":[{"count":4,"href":"https:\/\/www.sbq.org.br\/vicosa\/wp-json\/wp\/v2\/pages\/15\/revisions"}],"predecessor-version":[{"id":156,"href":"https:\/\/www.sbq.org.br\/vicosa\/wp-json\/wp\/v2\/pages\/15\/revisions\/156"}],"wp:attachment":[{"href":"https:\/\/www.sbq.org.br\/vicosa\/wp-json\/wp\/v2\/media?parent=15"}],"curies":[{"name":"wp","href":"https:\/\/api.w.org\/{rel}","templated":true}]}}