{"id":12,"date":"2024-01-11T14:46:45","date_gmt":"2024-01-11T17:46:45","guid":{"rendered":"https:\/\/www.sbq.org.br\/vicosa\/?page_id=12"},"modified":"2024-07-15T22:15:11","modified_gmt":"2024-07-16T01:15:11","slug":"noticias","status":"publish","type":"page","link":"https:\/\/www.sbq.org.br\/vicosa\/noticias\/","title":{"rendered":"Not\u00edcias"},"content":{"rendered":"\n<\/h2><strong>Nova Secretaria (30\/06\/24) &#8211; Buscando a Fus\u00e3o para Ampliar Horizontes<\/strong><\/h2>\n\n\n\n<p> A nova Secretaria foi eleita com a convic\u00e7\u00e3o que a maior visibilidade do DEQ (que representa 93% dos membros da secretaria regional &#8211; 13 em 14 membros) ocorrer\u00e1 com a fus\u00e3o com a Secretaria Regional Minas, que abarca cerca de 15 Institui\u00e7\u00f5es de Ensino Superior. A divulga\u00e7\u00e3o de nossas atividades e contribui\u00e7\u00f5es ser\u00e1 muito mais efetiva.<\/p>\n\n\n\n<section id=\"g05dbc1\" class=\"wp-block-gutentor-p4 section-g05dbc1 gutentor-post-module gutentor-advanced-post-module\" data-gpid=\"12\" data-l-ani=\"gp4-animation-1\" data-i-b=\"gutentor\/p1\" data-maxnumpages=\"1\">\n\n\n<div id=\"section-g0e53b6\" class=\"wp-block-gutentor-e17 section-g0e53b6 gutentor-element gutentor-post-footer\"><div class=\"grid-container\"><div class=\"grid-row\">\n<div id=\"col-gm0a77f1\" class=\"wp-block-gutentor-e15 gutentor-single-column  grid-lg-12 grid-md-12 grid-12\"><div id=\"section-gm0a77f1\" class=\"section-gm0a77f1 gutentor-col-wrap\">\n<div id=\"section-g1ae732\" class=\"wp-block-gutentor-e12 section-g1ae732 gutentor-element gutentor-element-pagination text-align-center-mobile\"><div class=\"gutentor-pagination-wrap\" data-maxnumpages=\"1\"><ul class=\"gutentor-pagination\"><li class=\"gutentor-pagination-item gutentor-pagination-prev\"><a class=\"gutentor-pagination-link gutentor-disabled\" href=\"#\"><i class=\"fas fa-chevron-left\"><\/i>Previous<\/a><\/li><li class=\"gutentor-pagination-item gutentor-pagination-active\" data-gpage=\"1\"><a class=\"gutentor-pagination-link\" href=\"#\">1<\/a><\/li><li class=\"gutentor-pagination-item gutentor-pagination-next\"><a class=\"gutentor-pagination-link gutentor-disabled\" href=\"#\" data-gpage=\"2\">Next<i class=\"fas fa-chevron-right\"><\/i><\/a><\/li><\/ul><\/div><\/div>\n<\/div><\/div>\n<\/div><\/div><\/div>\n<\/section>\n","protected":false},"excerpt":{"rendered":"<p>Nova Secretaria (30\/06\/24) &#8211; Buscando a Fus\u00e3o para Ampliar Horizontes A nova Secretaria foi eleita com a convic\u00e7\u00e3o que a maior visibilidade do DEQ (que representa 93% dos membros da secretaria regional &#8211; 13 em 14 membros) ocorrer\u00e1 com a fus\u00e3o com a Secretaria Regional Minas, que abarca cerca de 15 Institui\u00e7\u00f5es de Ensino Superior. [&hellip;]<\/p>\n","protected":false},"author":1,"featured_media":0,"parent":0,"menu_order":0,"comment_status":"closed","ping_status":"closed","template":"wp-custom-template-noticias","meta":{"footnotes":""},"_links":{"self":[{"href":"https:\/\/www.sbq.org.br\/vicosa\/wp-json\/wp\/v2\/pages\/12"}],"collection":[{"href":"https:\/\/www.sbq.org.br\/vicosa\/wp-json\/wp\/v2\/pages"}],"about":[{"href":"https:\/\/www.sbq.org.br\/vicosa\/wp-json\/wp\/v2\/types\/page"}],"author":[{"embeddable":true,"href":"https:\/\/www.sbq.org.br\/vicosa\/wp-json\/wp\/v2\/users\/1"}],"replies":[{"embeddable":true,"href":"https:\/\/www.sbq.org.br\/vicosa\/wp-json\/wp\/v2\/comments?post=12"}],"version-history":[{"count":5,"href":"https:\/\/www.sbq.org.br\/vicosa\/wp-json\/wp\/v2\/pages\/12\/revisions"}],"predecessor-version":[{"id":139,"href":"https:\/\/www.sbq.org.br\/vicosa\/wp-json\/wp\/v2\/pages\/12\/revisions\/139"}],"wp:attachment":[{"href":"https:\/\/www.sbq.org.br\/vicosa\/wp-json\/wp\/v2\/media?parent=12"}],"curies":[{"name":"wp","href":"https:\/\/api.w.org\/{rel}","templated":true}]}}