{"id":2,"date":"2023-12-13T17:31:13","date_gmt":"2023-12-13T20:31:13","guid":{"rendered":"https:\/\/www.sbq.org.br\/regional_santacatarina\/?page_id=2"},"modified":"2025-10-07T22:34:16","modified_gmt":"2025-10-08T01:34:16","slug":"pagina-exemplo","status":"publish","type":"page","link":"https:\/\/www.sbq.org.br\/santacatarina\/","title":{"rendered":"Seja bem-vindo \u00e0 Secretaria Regional de Santa Catarina da SBQ"},"content":{"rendered":"\n<figure class=\"wp-block-image aligncenter size-full is-resized\"><img loading=\"lazy\" decoding=\"async\" width=\"3307\" height=\"2331\" src=\"http:\/\/www.sbq.org.br\/santacatarina\/wp-content\/uploads\/sites\/35\/2025\/10\/BRANCO_400-DPI.png\" alt=\"\" class=\"wp-image-110\" style=\"width:325px;height:auto\" \/><\/figure>\n\n\n\n<p>Estamos envidando esfor\u00e7os para manter o site da Secretaria com informa\u00e7\u00f5es atualizadas. Para que esta atualiza\u00e7\u00e3o seja cont\u00ednua, solicitamos sua contribui\u00e7\u00e3o encaminhando-nos not\u00edcias, site de eventos e o link de seu grupo ou laborat\u00f3rio de pesquisa (ou ambos) para serem divulgados na nossa p\u00e1gina.<\/p>\n\n\n\n<p>Cr\u00edticas e sugest\u00f5es s\u00e3o bem vindas!<\/p>\n\n\n\n<p><strong>Acompanhem nossas atualiza\u00e7\u00f5es nas redes sociais: <a href=\"https:\/\/www.instagram.com\/sbquimica_sc\/\" data-type=\"link\" data-id=\"https:\/\/www.instagram.com\/sbquimica_sc\/\">@sbquimica_sc<\/a><\/strong><\/p>\n","protected":false},"excerpt":{"rendered":"<p>Estamos envidando esfor\u00e7os para manter o site da Secretaria com informa\u00e7\u00f5es atualizadas. Para que esta atualiza\u00e7\u00e3o seja cont\u00ednua, solicitamos sua contribui\u00e7\u00e3o encaminhando-nos not\u00edcias, site de eventos e o link de seu grupo ou laborat\u00f3rio de pesquisa (ou ambos) para serem divulgados na nossa p\u00e1gina. Cr\u00edticas e sugest\u00f5es s\u00e3o bem vindas! Acompanhem nossas atualiza\u00e7\u00f5es nas redes [&hellip;]<\/p>\n","protected":false},"author":1,"featured_media":0,"parent":0,"menu_order":0,"comment_status":"closed","ping_status":"open","template":"","meta":{"footnotes":""},"_links":{"self":[{"href":"https:\/\/www.sbq.org.br\/santacatarina\/wp-json\/wp\/v2\/pages\/2"}],"collection":[{"href":"https:\/\/www.sbq.org.br\/santacatarina\/wp-json\/wp\/v2\/pages"}],"about":[{"href":"https:\/\/www.sbq.org.br\/santacatarina\/wp-json\/wp\/v2\/types\/page"}],"author":[{"embeddable":true,"href":"https:\/\/www.sbq.org.br\/santacatarina\/wp-json\/wp\/v2\/users\/1"}],"replies":[{"embeddable":true,"href":"https:\/\/www.sbq.org.br\/santacatarina\/wp-json\/wp\/v2\/comments?post=2"}],"version-history":[{"count":3,"href":"https:\/\/www.sbq.org.br\/santacatarina\/wp-json\/wp\/v2\/pages\/2\/revisions"}],"predecessor-version":[{"id":111,"href":"https:\/\/www.sbq.org.br\/santacatarina\/wp-json\/wp\/v2\/pages\/2\/revisions\/111"}],"wp:attachment":[{"href":"https:\/\/www.sbq.org.br\/santacatarina\/wp-json\/wp\/v2\/media?parent=2"}],"curies":[{"name":"wp","href":"https:\/\/api.w.org\/{rel}","templated":true}]}}