{"id":13,"date":"2024-01-11T11:56:54","date_gmt":"2024-01-11T14:56:54","guid":{"rendered":"https:\/\/www.sbq.org.br\/santacatarina\/?page_id=13"},"modified":"2024-01-11T11:56:54","modified_gmt":"2024-01-11T14:56:54","slug":"links","status":"publish","type":"page","link":"https:\/\/www.sbq.org.br\/santacatarina\/links\/","title":{"rendered":"Links"},"content":{"rendered":"\n<p><a href=\"http:\/\/www.qmc.ufsc.br\" target=\"_blank\" rel=\"noreferrer noopener\">Departamento de Qu\u00edmica &#8211; UFSC<\/a><\/p>\n\n\n\n<p>P\u00e1gina eletr\u00f4nica do Departamento de Qu\u00edmica da Universidade Federal de Santa Catarina, sediada em Florian\u00f3polis-SC<\/p>\n\n\n\n<p><a href=\"http:\/\/www.iupac.org\" target=\"_blank\" rel=\"noreferrer noopener\">IUPAC<\/a><\/p>\n\n\n\n<p>Uni\u00e3o Internacional de Qu\u00edmica Pura e Aplicada<\/p>\n","protected":false},"excerpt":{"rendered":"<p>Departamento de Qu\u00edmica &#8211; UFSC P\u00e1gina eletr\u00f4nica do Departamento de Qu\u00edmica da Universidade Federal de Santa Catarina, sediada em Florian\u00f3polis-SC IUPAC Uni\u00e3o Internacional de Qu\u00edmica Pura e Aplicada<\/p>\n","protected":false},"author":1,"featured_media":0,"parent":0,"menu_order":0,"comment_status":"closed","ping_status":"closed","template":"","meta":{"footnotes":""},"_links":{"self":[{"href":"https:\/\/www.sbq.org.br\/santacatarina\/wp-json\/wp\/v2\/pages\/13"}],"collection":[{"href":"https:\/\/www.sbq.org.br\/santacatarina\/wp-json\/wp\/v2\/pages"}],"about":[{"href":"https:\/\/www.sbq.org.br\/santacatarina\/wp-json\/wp\/v2\/types\/page"}],"author":[{"embeddable":true,"href":"https:\/\/www.sbq.org.br\/santacatarina\/wp-json\/wp\/v2\/users\/1"}],"replies":[{"embeddable":true,"href":"https:\/\/www.sbq.org.br\/santacatarina\/wp-json\/wp\/v2\/comments?post=13"}],"version-history":[{"count":1,"href":"https:\/\/www.sbq.org.br\/santacatarina\/wp-json\/wp\/v2\/pages\/13\/revisions"}],"predecessor-version":[{"id":14,"href":"https:\/\/www.sbq.org.br\/santacatarina\/wp-json\/wp\/v2\/pages\/13\/revisions\/14"}],"wp:attachment":[{"href":"https:\/\/www.sbq.org.br\/santacatarina\/wp-json\/wp\/v2\/media?parent=13"}],"curies":[{"name":"wp","href":"https:\/\/api.w.org\/{rel}","templated":true}]}}