{"id":2,"date":"2023-12-13T17:31:11","date_gmt":"2023-12-13T20:31:11","guid":{"rendered":"https:\/\/www.sbq.org.br\/regional_roraima\/?page_id=2"},"modified":"2024-01-11T11:48:51","modified_gmt":"2024-01-11T14:48:51","slug":"pagina-exemplo","status":"publish","type":"page","link":"https:\/\/www.sbq.org.br\/roraima\/","title":{"rendered":"Seja bem-vindo \u00e0 Secretaria Regional de Roraima da SBQ"},"content":{"rendered":"\n<p>N\u00f3s da SBQ-Roraima estamos gratos pela sua visita. Aqui voc\u00ea encontra um breve relato sobre as atividades realizadas e tamb\u00e9m sobre as atividades que est\u00e3o por vir. Fiquem atentos e participem!<\/p>\n","protected":false},"excerpt":{"rendered":"<p>N\u00f3s da SBQ-Roraima estamos gratos pela sua visita. Aqui voc\u00ea encontra um breve relato sobre as atividades realizadas e tamb\u00e9m sobre as atividades que est\u00e3o por vir. Fiquem atentos e participem!<\/p>\n","protected":false},"author":1,"featured_media":0,"parent":0,"menu_order":0,"comment_status":"closed","ping_status":"open","template":"","meta":{"footnotes":""},"_links":{"self":[{"href":"https:\/\/www.sbq.org.br\/roraima\/wp-json\/wp\/v2\/pages\/2"}],"collection":[{"href":"https:\/\/www.sbq.org.br\/roraima\/wp-json\/wp\/v2\/pages"}],"about":[{"href":"https:\/\/www.sbq.org.br\/roraima\/wp-json\/wp\/v2\/types\/page"}],"author":[{"embeddable":true,"href":"https:\/\/www.sbq.org.br\/roraima\/wp-json\/wp\/v2\/users\/1"}],"replies":[{"embeddable":true,"href":"https:\/\/www.sbq.org.br\/roraima\/wp-json\/wp\/v2\/comments?post=2"}],"version-history":[{"count":1,"href":"https:\/\/www.sbq.org.br\/roraima\/wp-json\/wp\/v2\/pages\/2\/revisions"}],"predecessor-version":[{"id":8,"href":"https:\/\/www.sbq.org.br\/roraima\/wp-json\/wp\/v2\/pages\/2\/revisions\/8"}],"wp:attachment":[{"href":"https:\/\/www.sbq.org.br\/roraima\/wp-json\/wp\/v2\/media?parent=2"}],"curies":[{"name":"wp","href":"https:\/\/api.w.org\/{rel}","templated":true}]}}