{"id":16,"date":"2024-01-11T11:52:47","date_gmt":"2024-01-11T14:52:47","guid":{"rendered":"https:\/\/www.sbq.org.br\/roraima\/?page_id=16"},"modified":"2024-01-11T11:54:26","modified_gmt":"2024-01-11T14:54:26","slug":"links","status":"publish","type":"page","link":"https:\/\/www.sbq.org.br\/roraima\/links\/","title":{"rendered":"Links"},"content":{"rendered":"\n<p><a href=\"https:\/\/docs.google.com\/forms\/d\/e\/1FAIpQLSeDCjtGyp9mJKP0sx871eXDK3AtpQWUcLeY1cSWyn3M14HWMg\/viewform\" target=\"_blank\" rel=\"noreferrer noopener\">Concurso de desenho da logo para a SBQ\/RR<\/a><\/p>\n\n\n\n<p>Formul\u00e1rio de inscri\u00e7\u00f5es para o concurso de desenho da logo para a SBQ\/RR<\/p>\n","protected":false},"excerpt":{"rendered":"<p>Concurso de desenho da logo para a SBQ\/RR Formul\u00e1rio de inscri\u00e7\u00f5es para o concurso de desenho da logo para a SBQ\/RR<\/p>\n","protected":false},"author":1,"featured_media":0,"parent":0,"menu_order":0,"comment_status":"closed","ping_status":"closed","template":"","meta":{"footnotes":""},"_links":{"self":[{"href":"https:\/\/www.sbq.org.br\/roraima\/wp-json\/wp\/v2\/pages\/16"}],"collection":[{"href":"https:\/\/www.sbq.org.br\/roraima\/wp-json\/wp\/v2\/pages"}],"about":[{"href":"https:\/\/www.sbq.org.br\/roraima\/wp-json\/wp\/v2\/types\/page"}],"author":[{"embeddable":true,"href":"https:\/\/www.sbq.org.br\/roraima\/wp-json\/wp\/v2\/users\/1"}],"replies":[{"embeddable":true,"href":"https:\/\/www.sbq.org.br\/roraima\/wp-json\/wp\/v2\/comments?post=16"}],"version-history":[{"count":2,"href":"https:\/\/www.sbq.org.br\/roraima\/wp-json\/wp\/v2\/pages\/16\/revisions"}],"predecessor-version":[{"id":20,"href":"https:\/\/www.sbq.org.br\/roraima\/wp-json\/wp\/v2\/pages\/16\/revisions\/20"}],"wp:attachment":[{"href":"https:\/\/www.sbq.org.br\/roraima\/wp-json\/wp\/v2\/media?parent=16"}],"curies":[{"name":"wp","href":"https:\/\/api.w.org\/{rel}","templated":true}]}}