{"id":40,"date":"2024-01-11T11:43:45","date_gmt":"2024-01-11T14:43:45","guid":{"rendered":"https:\/\/www.sbq.org.br\/riograndesul\/?page_id=40"},"modified":"2025-04-30T21:45:56","modified_gmt":"2025-05-01T00:45:56","slug":"eventos","status":"publish","type":"page","link":"https:\/\/www.sbq.org.br\/riograndesul\/eventos\/","title":{"rendered":"Eventos"},"content":{"rendered":"\n<section id=\"g42614f\" class=\"wp-block-gutentor-p4 section-g42614f gutentor-post-module gutentor-advanced-post-module\" data-gpid=\"40\" data-l-ani=\"gp4-animation-1\" data-i-b=\"gutentor\/p1\" data-maxnumpages=\"3\">\n\n<section class=\"gutentor-post-module section-94ab3f9d-1cc5-4281-9f80-0866ec11d2ea gutentor-post-module-p1 gutentor_p1_template1 wp-block-gutentor-p1 gutentor-blog-grid\" id=\"94ab3f9d-1cc5-4281-9f80-0866ec11d2ea\" data-gbid=\"94ab3f9d-1cc5-4281-9f80-0866ec11d2ea\" >\n<div class='grid-container'><div class='grid-row' ><article class='gutentor-post gutentor-post-no-thumb  grid-lg-12 grid-md-4 grid-12'><div class='gutentor-post-item'><div class=\"gutentor-post-title-data-wrap\"><h3 class=\"gutentor-post-title\"><a href=\"https:\/\/www.sbq.org.br\/riograndesul\/3-webinario-da-sbq-rs\/\" rel=\"bookmark\">3\u00b0 Webin\u00e1rio da SBQ-RS<\/a><\/h3><\/div><div class=\"gutentor-post-desc\">Data: 25\/03\/2025\n\n\n\nHor\u00e1rio: 14:00 h\n\n\n\nPalestrante:\u00a0Profa. Dra. Giovanna Machado &#8211; Pesquisadora do &hellip;<\/div><a class=\"gutentor-button gutentor-post-button\"  href=\"https:\/\/www.sbq.org.br\/riograndesul\/3-webinario-da-sbq-rs\/\" href=\"https:\/\/www.sbq.org.br\/riograndesul\/3-webinario-da-sbq-rs\/\"><span>Read More<\/span><\/a><\/div><\/article><article class='gutentor-post gutentor-post-no-thumb  grid-lg-12 grid-md-4 grid-12'><div class='gutentor-post-item'><div class=\"gutentor-post-title-data-wrap\"><h3 class=\"gutentor-post-title\"><a href=\"https:\/\/www.sbq.org.br\/riograndesul\/2-webinario-da-sbq-rs\/\" rel=\"bookmark\">2\u00b0 Webin\u00e1rio da SBQ-RS<\/a><\/h3><\/div><div class=\"gutentor-post-desc\">Data: 30\/10\/2024\n\n\n\nHor\u00e1rio: 10:00 h\n\n\n\nPalestrante:&nbsp;Profa. Simone St\u00fclp &#8211;&nbsp;Secret\u00e1ria de I&hellip;<\/div><a class=\"gutentor-button gutentor-post-button\"  href=\"https:\/\/www.sbq.org.br\/riograndesul\/2-webinario-da-sbq-rs\/\" href=\"https:\/\/www.sbq.org.br\/riograndesul\/2-webinario-da-sbq-rs\/\"><span>Read More<\/span><\/a><\/div><\/article><article class='gutentor-post gutentor-post-no-thumb  grid-lg-12 grid-md-4 grid-12'><div class='gutentor-post-item'><div class=\"gutentor-post-title-data-wrap\"><h3 class=\"gutentor-post-title\"><a href=\"https:\/\/www.sbq.org.br\/riograndesul\/1-webinario-da-sbq-rs\/\" rel=\"bookmark\">1\u00b0 Webin\u00e1rio da SBQ-RS<\/a><\/h3><\/div><div class=\"gutentor-post-desc\">Data: 23\/09\/2024\n\n\n\nHor\u00e1rio: 10:30 h\n\n\n\nPalestrante:\u00a0Profa. Marcia Foster Mesko (UFPel) &#8211; Secret\u00e1ria&hellip;<\/div><a class=\"gutentor-button gutentor-post-button\"  href=\"https:\/\/www.sbq.org.br\/riograndesul\/1-webinario-da-sbq-rs\/\" href=\"https:\/\/www.sbq.org.br\/riograndesul\/1-webinario-da-sbq-rs\/\"><span>Read More<\/span><\/a><\/div><\/article><article class='gutentor-post gutentor-post-no-thumb  grid-lg-12 grid-md-4 grid-12'><div class='gutentor-post-item'><div class=\"gutentor-post-title-data-wrap\"><h3 class=\"gutentor-post-title\"><a href=\"https:\/\/www.sbq.org.br\/riograndesul\/mestrado-profissional-em-engenharia-de-materiais-e-processos-sustentaveis\/\" rel=\"bookmark\">Mestrado Profissional em Engenharia de Materiais e Processos Sustent\u00e1veis<\/a><\/h3><\/div><div class=\"gutentor-post-desc\">O Programa \u00e9 direcionado a profissionais que buscam capacita\u00e7\u00e3o cient\u00edfica e tecnol\u00f3gica para o dese&hellip;<\/div><a class=\"gutentor-button gutentor-post-button\"  href=\"https:\/\/www.sbq.org.br\/riograndesul\/mestrado-profissional-em-engenharia-de-materiais-e-processos-sustentaveis\/\" href=\"https:\/\/www.sbq.org.br\/riograndesul\/mestrado-profissional-em-engenharia-de-materiais-e-processos-sustentaveis\/\"><span>Read More<\/span><\/a><\/div><\/article><article class='gutentor-post gutentor-post-no-thumb  grid-lg-12 grid-md-4 grid-12'><div class='gutentor-post-item'><div class=\"gutentor-post-title-data-wrap\"><h3 class=\"gutentor-post-title\"><a href=\"https:\/\/www.sbq.org.br\/riograndesul\/xxiv-encontro-da-sbqsul\/\" rel=\"bookmark\">XXIV Encontro da SBQSul<\/a><\/h3><\/div><div class=\"gutentor-post-desc\">O XXIV encontro de qu\u00edmica da regi\u00e3o sul, com o tema &quot;A Qu\u00edmica na Interface&quot;, foi realiza&hellip;<\/div><a class=\"gutentor-button gutentor-post-button\"  href=\"https:\/\/www.sbq.org.br\/riograndesul\/xxiv-encontro-da-sbqsul\/\" href=\"https:\/\/www.sbq.org.br\/riograndesul\/xxiv-encontro-da-sbqsul\/\"><span>Read More<\/span><\/a><\/div><\/article><article class='gutentor-post gutentor-post-no-thumb  grid-lg-12 grid-md-4 grid-12'><div class='gutentor-post-item'><div class=\"gutentor-post-title-data-wrap\"><h3 class=\"gutentor-post-title\"><a href=\"https:\/\/www.sbq.org.br\/riograndesul\/26th-international-liquid-crystal-conference\/\" rel=\"bookmark\">26th International Liquid Crystal Conference<\/a><\/h3><\/div><div class=\"gutentor-post-desc\">Welcome to the website for the 26th International Liquid Crystal Conference (ILCC 2016). &nbsp;The I&hellip;<\/div><a class=\"gutentor-button gutentor-post-button\"  href=\"https:\/\/www.sbq.org.br\/riograndesul\/26th-international-liquid-crystal-conference\/\" href=\"https:\/\/www.sbq.org.br\/riograndesul\/26th-international-liquid-crystal-conference\/\"><span>Read More<\/span><\/a><\/div><\/article><article class='gutentor-post gutentor-post-no-thumb  grid-lg-12 grid-md-4 grid-12'><div class='gutentor-post-item'><div class=\"gutentor-post-title-data-wrap\"><h3 class=\"gutentor-post-title\"><a href=\"https:\/\/www.sbq.org.br\/riograndesul\/xxii-encontro-da-sbqsul\/\" rel=\"bookmark\">XXII Encontro da SBQSul<\/a><\/h3><\/div><div class=\"gutentor-post-desc\">A SBQ-Sul est\u00e1 no ar. Vamos participar. \u202aInforma\u00e7\u00f5es: http:\/\/www.sbqsul.com.br\/O XXII Encontro da SB&hellip;<\/div><a class=\"gutentor-button gutentor-post-button\"  href=\"https:\/\/www.sbq.org.br\/riograndesul\/xxii-encontro-da-sbqsul\/\" href=\"https:\/\/www.sbq.org.br\/riograndesul\/xxii-encontro-da-sbqsul\/\"><span>Read More<\/span><\/a><\/div><\/article><article class='gutentor-post gutentor-post-no-thumb  grid-lg-12 grid-md-4 grid-12'><div class='gutentor-post-item'><div class=\"gutentor-post-title-data-wrap\"><h3 class=\"gutentor-post-title\"><a href=\"https:\/\/www.sbq.org.br\/riograndesul\/encontro-de-divulgacao-cientifica-das-atividades-do-projeto-acao-transversal-casadinho-pocad-mct-cnpq-mec-capes\/\" rel=\"bookmark\">Encontro de Divulga\u00e7\u00e3o Cient\u00edfica  das Atividades do Projeto a\u00e7\u00e3o Transversal &#8211; Casadinho\/Pocad (MCT\/CNPq\/MEC\/CAPES)<\/a><\/h3><\/div><div class=\"gutentor-post-desc\">O projeto busca \u201cEstabelecer coopera\u00e7\u00e3o acad\u00eamica inter-regional entre grupos de pesquisa em Qu\u00edmica&hellip;<\/div><a class=\"gutentor-button gutentor-post-button\"  href=\"https:\/\/www.sbq.org.br\/riograndesul\/encontro-de-divulgacao-cientifica-das-atividades-do-projeto-acao-transversal-casadinho-pocad-mct-cnpq-mec-capes\/\" href=\"https:\/\/www.sbq.org.br\/riograndesul\/encontro-de-divulgacao-cientifica-das-atividades-do-projeto-acao-transversal-casadinho-pocad-mct-cnpq-mec-capes\/\"><span>Read More<\/span><\/a><\/div><\/article><article class='gutentor-post gutentor-post-no-thumb  grid-lg-12 grid-md-4 grid-12'><div class='gutentor-post-item'><div class=\"gutentor-post-title-data-wrap\"><h3 class=\"gutentor-post-title\"><a href=\"https:\/\/www.sbq.org.br\/riograndesul\/sbq-sul-joinville-sc-de-11-a-13-de-novembro-de-2015\/\" rel=\"bookmark\">SBQ Sul &#8211; Joinville, SC de 11 a 13 de novembro de 2015<\/a><\/h3><\/div><div class=\"gutentor-post-desc\">A comiss\u00e3o organizadora do evento da SBQ Sul convida a todos a participar do congresso regional da S&hellip;<\/div><a class=\"gutentor-button gutentor-post-button\"  href=\"https:\/\/www.sbq.org.br\/riograndesul\/sbq-sul-joinville-sc-de-11-a-13-de-novembro-de-2015\/\" href=\"https:\/\/www.sbq.org.br\/riograndesul\/sbq-sul-joinville-sc-de-11-a-13-de-novembro-de-2015\/\"><span>Read More<\/span><\/a><\/div><\/article><article class='gutentor-post gutentor-post-no-thumb  grid-lg-12 grid-md-4 grid-12'><div class='gutentor-post-item'><div class=\"gutentor-post-title-data-wrap\"><h3 class=\"gutentor-post-title\"><a href=\"https:\/\/www.sbq.org.br\/riograndesul\/livro-de-quimica-organica-experimental\/\" rel=\"bookmark\">Livro de Qu\u00edmica Org\u00e2nica Experimental<\/a><\/h3><\/div><div class=\"gutentor-post-desc\">Na 38a reuni\u00e3o anual da SBQ o prof. Hugo participou da sess\u00e3o de aut\u00f3grafo do seu livro. A Regional &hellip;<\/div><a class=\"gutentor-button gutentor-post-button\"  href=\"https:\/\/www.sbq.org.br\/riograndesul\/livro-de-quimica-organica-experimental\/\" href=\"https:\/\/www.sbq.org.br\/riograndesul\/livro-de-quimica-organica-experimental\/\"><span>Read More<\/span><\/a><\/div><\/article><\/div><\/div><\/section>\n\n\n<div id=\"section-gf890e4\" class=\"wp-block-gutentor-e17 section-gf890e4 gutentor-element gutentor-post-footer\"><div class=\"grid-container\"><div class=\"grid-row\">\n<div id=\"col-gm11d74a\" class=\"wp-block-gutentor-e15 gutentor-single-column  grid-lg-12 grid-md-12 grid-12\"><div id=\"section-gm11d74a\" class=\"section-gm11d74a gutentor-col-wrap\">\n<div id=\"section-gbf43e3\" class=\"wp-block-gutentor-e12 section-gbf43e3 gutentor-element gutentor-element-pagination text-align-center-mobile\"><div class=\"gutentor-pagination-wrap\" data-maxnumpages=\"3\"><ul class=\"gutentor-pagination\"><li class=\"gutentor-pagination-item gutentor-pagination-prev\"><a class=\"gutentor-pagination-link gutentor-disabled\" href=\"#\"><i class=\"fas fa-chevron-left\"><\/i>Previous<\/a><\/li><li class=\"gutentor-pagination-item gutentor-pagination-active\" data-gpage=\"1\"><a class=\"gutentor-pagination-link\" href=\"#\">1<\/a><\/li><li class=\"gutentor-pagination-item\"><a class=\"gutentor-pagination-link\" href=\"#\" data-gpage=\"2\">2<\/a><\/li><li class=\"gutentor-pagination-item\"><a class=\"gutentor-pagination-link\" href=\"#\" data-gpage=\"3\">3<\/a><\/li><li class=\"gutentor-pagination-item gutentor-pagination-next\"><a class=\"gutentor-pagination-link\" href=\"#\" data-gpage=\"2\">Next<i class=\"fas fa-chevron-right\"><\/i><\/a><\/li><\/ul><\/div><\/div>\n<\/div><\/div>\n<\/div><\/div><\/div>\n<\/section>\n","protected":false},"excerpt":{"rendered":"","protected":false},"author":1,"featured_media":0,"parent":0,"menu_order":0,"comment_status":"closed","ping_status":"closed","template":"","meta":{"footnotes":""},"_links":{"self":[{"href":"https:\/\/www.sbq.org.br\/riograndesul\/wp-json\/wp\/v2\/pages\/40"}],"collection":[{"href":"https:\/\/www.sbq.org.br\/riograndesul\/wp-json\/wp\/v2\/pages"}],"about":[{"href":"https:\/\/www.sbq.org.br\/riograndesul\/wp-json\/wp\/v2\/types\/page"}],"author":[{"embeddable":true,"href":"https:\/\/www.sbq.org.br\/riograndesul\/wp-json\/wp\/v2\/users\/1"}],"replies":[{"embeddable":true,"href":"https:\/\/www.sbq.org.br\/riograndesul\/wp-json\/wp\/v2\/comments?post=40"}],"version-history":[{"count":3,"href":"https:\/\/www.sbq.org.br\/riograndesul\/wp-json\/wp\/v2\/pages\/40\/revisions"}],"predecessor-version":[{"id":183,"href":"https:\/\/www.sbq.org.br\/riograndesul\/wp-json\/wp\/v2\/pages\/40\/revisions\/183"}],"wp:attachment":[{"href":"https:\/\/www.sbq.org.br\/riograndesul\/wp-json\/wp\/v2\/media?parent=40"}],"curies":[{"name":"wp","href":"https:\/\/api.w.org\/{rel}","templated":true}]}}