{"id":38,"date":"2024-01-11T11:42:50","date_gmt":"2024-01-11T14:42:50","guid":{"rendered":"https:\/\/www.sbq.org.br\/riograndesul\/?page_id=38"},"modified":"2024-08-20T10:41:00","modified_gmt":"2024-08-20T13:41:00","slug":"links","status":"publish","type":"page","link":"https:\/\/www.sbq.org.br\/riograndesul\/links\/","title":{"rendered":"Links"},"content":{"rendered":"\n<p><a href=\"http:\/\/www.ufsm.br\/quimica_organica\" target=\"_blank\" rel=\"noreferrer noopener\">Organica Web<\/a><\/p>\n\n\n\n<p>Pagina de Qu\u00edmica Org\u00e2nica da UFSM (mantida pelo Prof Hugo Braibante)<\/p>\n\n\n\n<p><a href=\"http:\/\/www.ufrgs.br\/edeq2012\/\" target=\"_blank\" rel=\"noreferrer noopener\">32o EDEQ &#8211; Encontro de Debates<\/a><\/p>\n\n\n\n<p>A Universidade Federal do Rio Grande do Sul e o Instituto Federal de Educa\u00e7\u00e3o, Ci\u00eancia e Tecnologia \u2013 IFRS- Campus Porto Alegre se uniram para sediar o 32\u00ba EDEQ que busca retomar as diversas etapas da constru\u00e7\u00e3o da educa\u00e7\u00e3o em ci\u00eancias e qu\u00edmica no Rio Grande do Sul, bem como organizar as pr\u00e1ticas que fazem a diferen\u00e7a quando se fala em educa\u00e7\u00e3o.<\/p>\n\n\n\n<p><a href=\"http:\/\/sbqsul2012.galoa.com.br\/node\/15\" target=\"_blank\" rel=\"noreferrer noopener\">XIX Encontro de Qu\u00edmica da Regional Sul da SBQ<\/a><\/p>\n\n\n\n<p>Encontro da regional Sul da SBQ que tem como tema &#8220;A Contribui\u00e7\u00e3o da Qu\u00edmica para o Desenvolvimento Tecnol\u00f3gico e Sustent\u00e1vel\u201d<\/p>\n\n\n\n<p><a href=\"https:\/\/www.sbq.org.br\/riograndesul\/o-legado-da-rio20\/\" data-type=\"post\" data-id=\"10\">O Legado da RIO+20<\/a><\/p>\n\n\n\n<p>O concurso \u201cO LEGADO DA RIO+20: QUE FUTURO QUEREMOS?\u201d tem como objetivo incentivar o desenvolvimento de projetos voltados para o debate acerca do tema da sustentabilidade no contexto interdisciplinar, tendo como eixo central a import\u00e2ncia da Qu\u00edmica na constru\u00e7\u00e3o de um mundo sustent\u00e1vel.<\/p>\n\n\n\n<p><a href=\"http:\/\/www.ufpel.edu.br\/ccqfa\/esete4\/index.htm\" target=\"_blank\" rel=\"noreferrer noopener\">4\u00ba Encontro sobre Sel\u00eanio e Tel\u00fario<\/a><\/p>\n\n\n\n<p>O 4\u00ba Encontro sobre Sel\u00eanio e Tel\u00fario Brasil &#8211; ESeTe-IV ser\u00e1 realizado na bela cidade de Torres, litoral do Rio Grande do Sul, no Guarita Park Hotel, entre os dias 3 e 6 de dezembro de 2012. Uma das atra\u00e7\u00f5es do ESeTe-IV ser\u00e1 a publica\u00e7\u00e3o de uma edi\u00e7\u00e3o especial da revista Tetrahedron: \u201cTetrahedron Symposium-in-Print\u201d em Sel\u00eanio e Tel\u00fario. Em breve estaremos disponibilizando mais informa\u00e7\u00f5es sobre o evento.<\/p>\n","protected":false},"excerpt":{"rendered":"<p>Organica Web Pagina de Qu\u00edmica Org\u00e2nica da UFSM (mantida pelo Prof Hugo Braibante) 32o EDEQ &#8211; Encontro de Debates A Universidade Federal do Rio Grande do Sul e o Instituto Federal de Educa\u00e7\u00e3o, Ci\u00eancia e Tecnologia \u2013 IFRS- Campus Porto Alegre se uniram para sediar o 32\u00ba EDEQ que busca retomar as diversas etapas da [&hellip;]<\/p>\n","protected":false},"author":1,"featured_media":0,"parent":0,"menu_order":0,"comment_status":"closed","ping_status":"closed","template":"","meta":{"footnotes":""},"_links":{"self":[{"href":"https:\/\/www.sbq.org.br\/riograndesul\/wp-json\/wp\/v2\/pages\/38"}],"collection":[{"href":"https:\/\/www.sbq.org.br\/riograndesul\/wp-json\/wp\/v2\/pages"}],"about":[{"href":"https:\/\/www.sbq.org.br\/riograndesul\/wp-json\/wp\/v2\/types\/page"}],"author":[{"embeddable":true,"href":"https:\/\/www.sbq.org.br\/riograndesul\/wp-json\/wp\/v2\/users\/1"}],"replies":[{"embeddable":true,"href":"https:\/\/www.sbq.org.br\/riograndesul\/wp-json\/wp\/v2\/comments?post=38"}],"version-history":[{"count":2,"href":"https:\/\/www.sbq.org.br\/riograndesul\/wp-json\/wp\/v2\/pages\/38\/revisions"}],"predecessor-version":[{"id":150,"href":"https:\/\/www.sbq.org.br\/riograndesul\/wp-json\/wp\/v2\/pages\/38\/revisions\/150"}],"wp:attachment":[{"href":"https:\/\/www.sbq.org.br\/riograndesul\/wp-json\/wp\/v2\/media?parent=38"}],"curies":[{"name":"wp","href":"https:\/\/api.w.org\/{rel}","templated":true}]}}