{"id":2,"date":"2023-12-13T17:31:10","date_gmt":"2023-12-13T20:31:10","guid":{"rendered":"https:\/\/www.sbq.org.br\/regional_riograndesul\/?page_id=2"},"modified":"2025-04-30T19:31:02","modified_gmt":"2025-04-30T22:31:02","slug":"seja-bem-vindo-a-secretaria-regional-do-rio-grande-do-sul-da-sbq","status":"publish","type":"page","link":"https:\/\/www.sbq.org.br\/riograndesul\/","title":{"rendered":"Seja bem-vindo \u00e0 Secretaria Regional do Rio Grande do Sul da SBQ"},"content":{"rendered":"\n<p>Este \u00e9 o espa\u00e7o para a Secretaria Regional do Rio Grande do Sul da Sociedade Brasileira de Qu\u00edmica (SBQ-RS), onde as contribui\u00e7\u00f5es com materiais e not\u00edcias para publica\u00e7\u00f5es s\u00e3o muito bem vindos. A SBQ-RS tem como objetivo principal incentivar e aproximar o(a)s s\u00f3cios \u00e0s atividades da SBQ, bem como atrair pesquisadores e estudantes de institui\u00e7\u00f5es do Rio Grande do Sul para interagirem com a Sociedade Brasileira de Qu\u00edmica.<\/p>\n","protected":false},"excerpt":{"rendered":"<p>Este \u00e9 o espa\u00e7o para a Secretaria Regional do Rio Grande do Sul da Sociedade Brasileira de Qu\u00edmica (SBQ-RS), onde as contribui\u00e7\u00f5es com materiais e not\u00edcias para publica\u00e7\u00f5es s\u00e3o muito bem vindos. A SBQ-RS tem como objetivo principal incentivar e aproximar o(a)s s\u00f3cios \u00e0s atividades da SBQ, bem como atrair pesquisadores e estudantes de institui\u00e7\u00f5es [&hellip;]<\/p>\n","protected":false},"author":1,"featured_media":0,"parent":0,"menu_order":0,"comment_status":"closed","ping_status":"open","template":"","meta":{"footnotes":""},"_links":{"self":[{"href":"https:\/\/www.sbq.org.br\/riograndesul\/wp-json\/wp\/v2\/pages\/2"}],"collection":[{"href":"https:\/\/www.sbq.org.br\/riograndesul\/wp-json\/wp\/v2\/pages"}],"about":[{"href":"https:\/\/www.sbq.org.br\/riograndesul\/wp-json\/wp\/v2\/types\/page"}],"author":[{"embeddable":true,"href":"https:\/\/www.sbq.org.br\/riograndesul\/wp-json\/wp\/v2\/users\/1"}],"replies":[{"embeddable":true,"href":"https:\/\/www.sbq.org.br\/riograndesul\/wp-json\/wp\/v2\/comments?post=2"}],"version-history":[{"count":2,"href":"https:\/\/www.sbq.org.br\/riograndesul\/wp-json\/wp\/v2\/pages\/2\/revisions"}],"predecessor-version":[{"id":153,"href":"https:\/\/www.sbq.org.br\/riograndesul\/wp-json\/wp\/v2\/pages\/2\/revisions\/153"}],"wp:attachment":[{"href":"https:\/\/www.sbq.org.br\/riograndesul\/wp-json\/wp\/v2\/media?parent=2"}],"curies":[{"name":"wp","href":"https:\/\/api.w.org\/{rel}","templated":true}]}}