{"id":154,"date":"2025-04-30T20:22:08","date_gmt":"2025-04-30T23:22:08","guid":{"rendered":"https:\/\/www.sbq.org.br\/riograndesul\/?page_id=154"},"modified":"2025-04-30T21:40:52","modified_gmt":"2025-05-01T00:40:52","slug":"historico","status":"publish","type":"page","link":"https:\/\/www.sbq.org.br\/riograndesul\/sobre-a-secretaria-regional-do-rio-grande-do-sul\/historico\/","title":{"rendered":"Hist\u00f3rico"},"content":{"rendered":"\n<p><strong>2022-2024<\/strong><\/p>\n\n\n\n<p>    <em> <strong>Secret\u00e1rio: <\/strong>Prof. Anderson Schwingel Ribeiro (UFPel)<\/em><\/p>\n\n\n\n<p>     <em><strong>Vice-secret\u00e1rio: <\/strong>Profa. Rochele Sogari Picoloto (UFSM)<\/em><\/p>\n\n\n\n<p><strong>     <\/strong><em><strong>Tesoureiro: <\/strong>Profa.\u00a0Clarissa Piccinin Frizzo (UFSM)<\/em><\/p>\n\n\n\n<p>______________________________________________________________<\/p>\n\n\n\n<p><strong>2020-2022<\/strong><\/p>\n\n\n\n<p>     <em><strong>Secret\u00e1rio: <\/strong>Prof. Anderson Schwingel Ribeiro (UFPel)<\/em><\/p>\n\n\n\n<p>     <em><strong>Vice-secret\u00e1rio: <\/strong>Prof. Thiago Barcellos da Silva (UCS)<\/em><\/p>\n\n\n\n<p>     <em><strong>Tesoureiro: <\/strong>Profa. Rochele Sogari Picoloto (UFSM)<\/em><\/p>\n\n\n\n<p>______________________________________________________________<\/p>\n\n\n\n<p><strong>2016-2018<\/strong><\/p>\n\n\n\n<p>     <em><strong>Secret\u00e1rio: <\/strong>F\u00e1bio Andrei Duarte (UFSM)<\/em><\/p>\n\n\n\n<p>     <em><strong>Vice-secret\u00e1rio:<\/strong> Hugo Tubal Schmitz Braibante (UFSM)<\/em><\/p>\n\n\n\n<p>     <strong><em>Tesoureiro:<\/em><\/strong><\/p>\n\n\n\n<p>______________________________________________________________<\/p>\n\n\n\n<p><strong>2014-2016<\/strong><\/p>\n\n\n\n<p>    <em> <strong>Secret\u00e1rio: <\/strong>Aloir Antonio Merlo (UFRGS)<\/em><\/p>\n\n\n\n<p>     <em><strong>Vice-secret\u00e1rio:<\/strong> Rog\u00e9rio M. Dallago (URI)<\/em><\/p>\n\n\n\n<p>    <em> <strong>Tesoureiro:<\/strong> F\u00e1bio Andrei Duarte (UFSM)<\/em><\/p>\n\n\n\n<p>______________________________________________________________<\/p>\n\n\n\n<p><strong>2012-2014<\/strong><\/p>\n\n\n\n<p>     <em><strong>Secret\u00e1rio:<\/strong> Prof. Marco Fl\u00f4res Ferr\u00e3o (UNISC)<\/em><\/p>\n\n\n\n<p>    <em> <strong>Vice-secret\u00e1rio:<\/strong> Prof. Aloir Antonio Merlo (UFRGS)<\/em><\/p>\n\n\n\n<p>     <em><strong>Tesoureiro:<\/strong> Prof. Rog\u00e9rio Marcos Dallago (URI)<\/em><\/p>\n\n\n\n<p>______________________________________________________________<\/p>\n","protected":false},"excerpt":{"rendered":"<p>2022-2024 Secret\u00e1rio: Prof. Anderson Schwingel Ribeiro (UFPel) Vice-secret\u00e1rio: Profa. Rochele Sogari Picoloto (UFSM) Tesoureiro: Profa.\u00a0Clarissa Piccinin Frizzo (UFSM) ______________________________________________________________ 2020-2022 Secret\u00e1rio: Prof. Anderson Schwingel Ribeiro (UFPel) Vice-secret\u00e1rio: Prof. Thiago Barcellos da Silva (UCS) Tesoureiro: Profa. Rochele Sogari Picoloto (UFSM) ______________________________________________________________ 2016-2018 Secret\u00e1rio: F\u00e1bio Andrei Duarte (UFSM) Vice-secret\u00e1rio: Hugo Tubal Schmitz Braibante (UFSM) Tesoureiro: ______________________________________________________________ 2014-2016 [&hellip;]<\/p>\n","protected":false},"author":34,"featured_media":0,"parent":3,"menu_order":0,"comment_status":"closed","ping_status":"closed","template":"institucional","meta":{"footnotes":""},"_links":{"self":[{"href":"https:\/\/www.sbq.org.br\/riograndesul\/wp-json\/wp\/v2\/pages\/154"}],"collection":[{"href":"https:\/\/www.sbq.org.br\/riograndesul\/wp-json\/wp\/v2\/pages"}],"about":[{"href":"https:\/\/www.sbq.org.br\/riograndesul\/wp-json\/wp\/v2\/types\/page"}],"author":[{"embeddable":true,"href":"https:\/\/www.sbq.org.br\/riograndesul\/wp-json\/wp\/v2\/users\/34"}],"replies":[{"embeddable":true,"href":"https:\/\/www.sbq.org.br\/riograndesul\/wp-json\/wp\/v2\/comments?post=154"}],"version-history":[{"count":3,"href":"https:\/\/www.sbq.org.br\/riograndesul\/wp-json\/wp\/v2\/pages\/154\/revisions"}],"predecessor-version":[{"id":159,"href":"https:\/\/www.sbq.org.br\/riograndesul\/wp-json\/wp\/v2\/pages\/154\/revisions\/159"}],"up":[{"embeddable":true,"href":"https:\/\/www.sbq.org.br\/riograndesul\/wp-json\/wp\/v2\/pages\/3"}],"wp:attachment":[{"href":"https:\/\/www.sbq.org.br\/riograndesul\/wp-json\/wp\/v2\/media?parent=154"}],"curies":[{"name":"wp","href":"https:\/\/api.w.org\/{rel}","templated":true}]}}