{"id":22,"date":"2024-01-11T11:33:06","date_gmt":"2024-01-11T14:33:06","guid":{"rendered":"https:\/\/www.sbq.org.br\/riodejaneiro\/?page_id=22"},"modified":"2024-01-11T11:33:06","modified_gmt":"2024-01-11T14:33:06","slug":"links","status":"publish","type":"page","link":"https:\/\/www.sbq.org.br\/riodejaneiro\/links\/","title":{"rendered":"Links"},"content":{"rendered":"\n<p><a href=\"http:\/\/www.uff.br\/rvq\" target=\"_blank\" rel=\"noreferrer noopener\">RVq<\/a><\/p>\n\n\n\n<p>Revista Virtual de Qu\u00edmica<\/p>\n\n\n\n<p><a href=\"http:\/\/www.inct-inofar.ccs.ufrj.br\/\" target=\"_blank\" rel=\"noreferrer noopener\">INCT-Inofar<\/a><\/p>\n\n\n\n<p>O Instituto Nacional de Ci\u00eancia e Tecnologia de F\u00e1rmacos e Medicamentos (INCT-INOFAR), coordenado pelo Professor Titular Eliezer J. Barreiro, LASSBio (UFRJ), conta com a participa\u00e7\u00e3o de pesquisadores de v\u00e1rios estados da Federa\u00e7\u00e3o, tendo como principal \u00e1rea de atua\u00e7\u00e3o a Qu\u00edmica Medicinal e como miss\u00e3o a descoberta e desenvolvimento de novos candidatos a f\u00e1rmacos, oriundos de projetos de inova\u00e7\u00e3o radical e ou incremental, incluindo a s\u00edntese de f\u00e1rmacos gen\u00e9ricos.<\/p>\n\n\n\n<p><a href=\"http:\/\/www.cnpq.br\/\" target=\"_blank\" rel=\"noreferrer noopener\">CNPq<\/a><\/p>\n\n\n\n<p>Conselho Nacional de Desenvolvimento Cient\u00edfico e Tecnol\u00f3gico &#8211; &#8220;National Counsel of Technological and Scientific Development&#8221;<\/p>\n\n\n\n<p><a href=\"http:\/\/www.capes.gov.br\/\" target=\"_blank\" rel=\"noreferrer noopener\">CAPES<\/a><\/p>\n\n\n\n<p>Coordena\u00e7\u00e3o de Aperfei\u00e7oamento de Pessoal de N\u00edvel Superior<\/p>\n\n\n\n<p><a href=\"http:\/\/www.faperj.br\/\" target=\"_blank\" rel=\"noreferrer noopener\">FAPERJ<\/a><\/p>\n\n\n\n<p>Funda\u00e7\u00e3o Carlos Chagas Filho de Amparo \u00e0 Pesquisa do Estado do Rio de Janeiro \u2013 FAPERJ<\/p>\n\n\n\n<p><a href=\"http:\/\/www.int.gov.br\/\" target=\"_blank\" rel=\"noreferrer noopener\">INT<\/a><\/p>\n\n\n\n<p>Fundado em 1921, o Instituto Nacional de Tecnologia &#8211; INT \u00e9 \u00f3rg\u00e3o p\u00fablico federal da administra\u00e7\u00e3o direta, pertencente \u00e0 estrutura do Minist\u00e9rio da Ci\u00eancia, Tecnologia e Inova\u00e7\u00e3o &#8211; MCTI<\/p>\n\n\n\n<p><a href=\"http:\/\/www.crq3.org.br\/\" target=\"_blank\" rel=\"noreferrer noopener\">CRQ do Rio de Janeiro<\/a><\/p>\n\n\n\n<p>O CRQ-III \u00e9 a institui\u00e7\u00e3o respons\u00e1vel, nos Estados do Rio de Janeiro e do Esp\u00edrito Santo, pela fiscaliza\u00e7\u00e3o do exerc\u00edcio profissional e de empresas com atividade na \u00e1rea da qu\u00edmica.<\/p>\n","protected":false},"excerpt":{"rendered":"<p>RVq Revista Virtual de Qu\u00edmica INCT-Inofar O Instituto Nacional de Ci\u00eancia e Tecnologia de F\u00e1rmacos e Medicamentos (INCT-INOFAR), coordenado pelo Professor Titular Eliezer J. Barreiro, LASSBio (UFRJ), conta com a participa\u00e7\u00e3o de pesquisadores de v\u00e1rios estados da Federa\u00e7\u00e3o, tendo como principal \u00e1rea de atua\u00e7\u00e3o a Qu\u00edmica Medicinal e como miss\u00e3o a descoberta e desenvolvimento de [&hellip;]<\/p>\n","protected":false},"author":1,"featured_media":0,"parent":0,"menu_order":0,"comment_status":"closed","ping_status":"closed","template":"","meta":{"footnotes":""},"_links":{"self":[{"href":"https:\/\/www.sbq.org.br\/riodejaneiro\/wp-json\/wp\/v2\/pages\/22"}],"collection":[{"href":"https:\/\/www.sbq.org.br\/riodejaneiro\/wp-json\/wp\/v2\/pages"}],"about":[{"href":"https:\/\/www.sbq.org.br\/riodejaneiro\/wp-json\/wp\/v2\/types\/page"}],"author":[{"embeddable":true,"href":"https:\/\/www.sbq.org.br\/riodejaneiro\/wp-json\/wp\/v2\/users\/1"}],"replies":[{"embeddable":true,"href":"https:\/\/www.sbq.org.br\/riodejaneiro\/wp-json\/wp\/v2\/comments?post=22"}],"version-history":[{"count":1,"href":"https:\/\/www.sbq.org.br\/riodejaneiro\/wp-json\/wp\/v2\/pages\/22\/revisions"}],"predecessor-version":[{"id":23,"href":"https:\/\/www.sbq.org.br\/riodejaneiro\/wp-json\/wp\/v2\/pages\/22\/revisions\/23"}],"wp:attachment":[{"href":"https:\/\/www.sbq.org.br\/riodejaneiro\/wp-json\/wp\/v2\/media?parent=22"}],"curies":[{"name":"wp","href":"https:\/\/api.w.org\/{rel}","templated":true}]}}