{"id":19,"date":"2024-01-11T11:29:18","date_gmt":"2024-01-11T14:29:18","guid":{"rendered":"https:\/\/www.sbq.org.br\/riodejaneiro\/?page_id=19"},"modified":"2024-01-11T11:29:18","modified_gmt":"2024-01-11T14:29:18","slug":"noticias","status":"publish","type":"page","link":"https:\/\/www.sbq.org.br\/riodejaneiro\/noticias\/","title":{"rendered":"Not\u00edcias"},"content":{"rendered":"\n<section id=\"g91cf87\" class=\"wp-block-gutentor-p4 section-g91cf87 gutentor-post-module gutentor-advanced-post-module\" data-gpid=\"19\" data-l-ani=\"gp4-animation-1\" data-i-b=\"gutentor\/p1\" data-maxnumpages=\"2\">\n\n<section class=\"gutentor-post-module section-0b80fd24-cb99-4d19-abef-7212720ee578 gutentor-post-module-p1 gutentor_p1_template1 wp-block-gutentor-p1 gutentor-blog-grid\" id=\"0b80fd24-cb99-4d19-abef-7212720ee578\" data-gbid=\"0b80fd24-cb99-4d19-abef-7212720ee578\" >\n<div class='grid-container'><div class='grid-row' ><article class='gutentor-post gutentor-post-no-thumb  grid-lg-12 grid-md-4 grid-12'><div class='gutentor-post-item'><div class=\"gutentor-post-title-data-wrap\"><h3 class=\"gutentor-post-title\"><a href=\"https:\/\/www.sbq.org.br\/riodejaneiro\/reuniao-sbqrio\/\" rel=\"bookmark\">Reuni\u00e3o &#8211; SBQRio<\/a><\/h3><\/div><div class=\"gutentor-post-desc\">Caros Associados&nbsp;Gostar\u00edamos de convid\u00e1-los a participar da reuni\u00e3o da Regional Rio de Janeiro &hellip;<\/div><a class=\"gutentor-button gutentor-post-button\"  href=\"https:\/\/www.sbq.org.br\/riodejaneiro\/reuniao-sbqrio\/\" href=\"https:\/\/www.sbq.org.br\/riodejaneiro\/reuniao-sbqrio\/\"><span>Read More<\/span><\/a><\/div><\/article><article class='gutentor-post gutentor-post-no-thumb  grid-lg-12 grid-md-4 grid-12'><div class='gutentor-post-item'><div class=\"gutentor-post-title-data-wrap\"><h3 class=\"gutentor-post-title\"><a href=\"https:\/\/www.sbq.org.br\/riodejaneiro\/conheca-a-revista-virtual-de-quimica-e-contribua-submetendo-artigos\/\" rel=\"bookmark\">Conhe\u00e7a a Revista Virtual de Qu\u00edmica e Contribua Submetendo Artigos<\/a><\/h3><\/div><div class=\"gutentor-post-desc\">A Revista Virtual de Qu\u00edmica \u00e9 uma publica\u00e7\u00e3o eletr\u00f4nica (ISSN 1984-6835) bimestral, sem fins lucrat&hellip;<\/div><a class=\"gutentor-button gutentor-post-button\"  href=\"https:\/\/www.sbq.org.br\/riodejaneiro\/conheca-a-revista-virtual-de-quimica-e-contribua-submetendo-artigos\/\" href=\"https:\/\/www.sbq.org.br\/riodejaneiro\/conheca-a-revista-virtual-de-quimica-e-contribua-submetendo-artigos\/\"><span>Read More<\/span><\/a><\/div><\/article><\/div><\/div><\/section>\n\n\n<div id=\"section-g18c72e\" class=\"wp-block-gutentor-e17 section-g18c72e gutentor-element gutentor-post-footer\"><div class=\"grid-container\"><div class=\"grid-row\">\n<div id=\"col-gm1d2442\" class=\"wp-block-gutentor-e15 gutentor-single-column  grid-lg-12 grid-md-12 grid-12\"><div id=\"section-gm1d2442\" class=\"section-gm1d2442 gutentor-col-wrap\">\n<div id=\"section-g6cf0af\" class=\"wp-block-gutentor-e12 section-g6cf0af gutentor-element gutentor-element-pagination text-align-center-mobile\"><div class=\"gutentor-pagination-wrap\" data-maxnumpages=\"2\"><ul class=\"gutentor-pagination\"><li class=\"gutentor-pagination-item gutentor-pagination-prev\"><a class=\"gutentor-pagination-link gutentor-disabled\" href=\"#\"><i class=\"fas fa-chevron-left\"><\/i>Previous<\/a><\/li><li class=\"gutentor-pagination-item gutentor-pagination-active\" data-gpage=\"1\"><a class=\"gutentor-pagination-link\" href=\"#\">1<\/a><\/li><li class=\"gutentor-pagination-item\"><a class=\"gutentor-pagination-link\" href=\"#\" data-gpage=\"2\">2<\/a><\/li><li class=\"gutentor-pagination-item gutentor-pagination-next\"><a class=\"gutentor-pagination-link\" href=\"#\" data-gpage=\"2\">Next<i class=\"fas fa-chevron-right\"><\/i><\/a><\/li><\/ul><\/div><\/div>\n<\/div><\/div>\n<\/div><\/div><\/div>\n<\/section>\n","protected":false},"excerpt":{"rendered":"","protected":false},"author":1,"featured_media":0,"parent":0,"menu_order":0,"comment_status":"closed","ping_status":"closed","template":"","meta":{"footnotes":""},"_links":{"self":[{"href":"https:\/\/www.sbq.org.br\/riodejaneiro\/wp-json\/wp\/v2\/pages\/19"}],"collection":[{"href":"https:\/\/www.sbq.org.br\/riodejaneiro\/wp-json\/wp\/v2\/pages"}],"about":[{"href":"https:\/\/www.sbq.org.br\/riodejaneiro\/wp-json\/wp\/v2\/types\/page"}],"author":[{"embeddable":true,"href":"https:\/\/www.sbq.org.br\/riodejaneiro\/wp-json\/wp\/v2\/users\/1"}],"replies":[{"embeddable":true,"href":"https:\/\/www.sbq.org.br\/riodejaneiro\/wp-json\/wp\/v2\/comments?post=19"}],"version-history":[{"count":2,"href":"https:\/\/www.sbq.org.br\/riodejaneiro\/wp-json\/wp\/v2\/pages\/19\/revisions"}],"predecessor-version":[{"id":118,"href":"https:\/\/www.sbq.org.br\/riodejaneiro\/wp-json\/wp\/v2\/pages\/19\/revisions\/118"}],"wp:attachment":[{"href":"https:\/\/www.sbq.org.br\/riodejaneiro\/wp-json\/wp\/v2\/media?parent=19"}],"curies":[{"name":"wp","href":"https:\/\/api.w.org\/{rel}","templated":true}]}}