{"id":16,"date":"2024-01-11T11:27:42","date_gmt":"2024-01-11T14:27:42","guid":{"rendered":"https:\/\/www.sbq.org.br\/riodejaneiro\/?page_id=16"},"modified":"2024-05-14T16:22:49","modified_gmt":"2024-05-14T19:22:49","slug":"relatorio-de-atividades-2010-2012-xiii-encontro-regional-da-sociedade-brasileira-de-quimica","status":"publish","type":"page","link":"https:\/\/www.sbq.org.br\/riodejaneiro\/relatorio-de-atividades-2010-2012-xiii-encontro-regional-da-sociedade-brasileira-de-quimica\/","title":{"rendered":"RELAT\u00d3RIO DE ATIVIDADES 2010-2012 &#8211; : XIII Encontro Regional da Sociedade Brasileira de Qu\u00edmica"},"content":{"rendered":"\n<p>O XIII Encontro Regional de Qu\u00edmica da SBQ-Rio (XIIIERSBQ-Rio) &#8211; organizado pela Secretaria Regional Rio de Janeiro da Sociedade Brasileira de Qu\u00edmica (SBQ-Rio; <a href=\"http:\/\/www.uff.br\/sbqrio\/\">http:\/\/www.uff.br\/sbqrio\/<\/a>) &#8211; teve como tema central \u201cOS DESAFIOS DA QU\u00cdMICA NA \u201cD\u00c9CADA DE OURO\u201d DO RIO DE JANEIRO&#8221;, planejado com o objetivo de tra\u00e7ar o papel da Qu\u00edmica Fluminense no novo dec\u00eanio, visando diagnosticar gargalos, novas tend\u00eancias e oportunidades.<br>Em linhas gerais, a Programa\u00e7\u00e3o do XIIIERSBQ-Rio foi planejada em conson\u00e2ncia com as metas prec\u00edpuas propostas pelo Ano Internacional da Qu\u00edmica (AIQ), comemorado em 2011, que visam conscientizar sobre a import\u00e2ncia da Qu\u00edmica como ci\u00eancia indispens\u00e1vel para a sustentabilidade de todos os processos vitais da atualidade e aumentar o interesse dos jovens pela Qu\u00edmica. Nesta XIII edi\u00e7\u00e3o, o Encontro Regional da SBQ-Rio, em car\u00e1ter inovador as edi\u00e7\u00f5es anteriores, contou em sua programa\u00e7\u00e3o com a realiza\u00e7\u00e3o de uma sess\u00e3o denominada \u201cshow da Qu\u00edmica\u201d, na qual foram realizadas oficinas de trabalho, experimenta\u00e7\u00e3o em Qu\u00edmica, atividades educativas e exposi\u00e7\u00e3o sobre o Ano Internacional da Qu\u00edmica. Est\u00e1 sess\u00e3o teve como p\u00fablico-alvo estudantes e professores do ensino m\u00e9dio e fundamental de col\u00e9gios estaduais e municipais do Rio de Janeiro, cuja participa\u00e7\u00e3o no evento foi isenta do pagamento de taxa de inscri\u00e7\u00e3o e visava oferecer os primeiros contatos com a Qu\u00edmica e demonstrar sua aplicabilidade em nossas atividades cotidianas.<br>As atividades propostas para o XIII Encontro Regional de Qu\u00edmica da SBQ-Rio (XIIIERSBQ-Rio) se agregaram aquelas organizadas e executadas pela Sociedade Brasileira de Qu\u00edmica Nacional (SBQ), mas dado seu car\u00e1ter regional permitiu mapear as realidades do Estado do Rio de Janeiro e assegurar a participa\u00e7\u00e3o equ\u00e2nime de estudantes, professores, pesquisadores e profissionais da Qu\u00edmica, ou de \u00e1reas afins, tendo mobilizado, atrav\u00e9s da parceria com museus e com a Secret\u00e1ria do Estado de Educa\u00e7\u00e3o do RJ, os estudantes e professores das \u00e1reas mais carentes do Estado.<\/p>\n","protected":false},"excerpt":{"rendered":"<p>O XIII Encontro Regional de Qu\u00edmica da SBQ-Rio (XIIIERSBQ-Rio) &#8211; organizado pela Secretaria Regional Rio de Janeiro da Sociedade Brasileira de Qu\u00edmica (SBQ-Rio; http:\/\/www.uff.br\/sbqrio\/) &#8211; teve como tema central \u201cOS DESAFIOS DA QU\u00cdMICA NA \u201cD\u00c9CADA DE OURO\u201d DO RIO DE JANEIRO&#8221;, planejado com o objetivo de tra\u00e7ar o papel da Qu\u00edmica Fluminense no novo dec\u00eanio, [&hellip;]<\/p>\n","protected":false},"author":1,"featured_media":0,"parent":0,"menu_order":0,"comment_status":"closed","ping_status":"closed","template":"institucional","meta":{"footnotes":""},"_links":{"self":[{"href":"https:\/\/www.sbq.org.br\/riodejaneiro\/wp-json\/wp\/v2\/pages\/16"}],"collection":[{"href":"https:\/\/www.sbq.org.br\/riodejaneiro\/wp-json\/wp\/v2\/pages"}],"about":[{"href":"https:\/\/www.sbq.org.br\/riodejaneiro\/wp-json\/wp\/v2\/types\/page"}],"author":[{"embeddable":true,"href":"https:\/\/www.sbq.org.br\/riodejaneiro\/wp-json\/wp\/v2\/users\/1"}],"replies":[{"embeddable":true,"href":"https:\/\/www.sbq.org.br\/riodejaneiro\/wp-json\/wp\/v2\/comments?post=16"}],"version-history":[{"count":1,"href":"https:\/\/www.sbq.org.br\/riodejaneiro\/wp-json\/wp\/v2\/pages\/16\/revisions"}],"predecessor-version":[{"id":17,"href":"https:\/\/www.sbq.org.br\/riodejaneiro\/wp-json\/wp\/v2\/pages\/16\/revisions\/17"}],"wp:attachment":[{"href":"https:\/\/www.sbq.org.br\/riodejaneiro\/wp-json\/wp\/v2\/media?parent=16"}],"curies":[{"name":"wp","href":"https:\/\/api.w.org\/{rel}","templated":true}]}}