{"id":13,"date":"2024-01-11T11:27:05","date_gmt":"2024-01-11T14:27:05","guid":{"rendered":"https:\/\/www.sbq.org.br\/riodejaneiro\/?page_id=13"},"modified":"2024-10-21T18:54:50","modified_gmt":"2024-10-21T21:54:50","slug":"sobre-a-secretaria-regional-do-rio-de-janeiro-2","status":"publish","type":"page","link":"https:\/\/www.sbq.org.br\/riodejaneiro\/sobre-a-secretaria-regional-do-rio-de-janeiro-2\/","title":{"rendered":"Sobre a Secretaria Regional do Rio de Janeiro"},"content":{"rendered":"\n<p>Endere\u00e7o para contato:&nbsp;<\/p>\n\n\n\n<p>Pontif\u00edcia Universidade Cat\u00f3lica do Rio de Janeiro &#8211; PUC-Rio<\/p>\n\n\n\n<p>Rua Marqu\u00eas de S\u00e3o Vicente, 225 &#8211; G\u00e1vea<\/p>\n\n\n\n<p>Ed. Cardeal Leme\/ Departamento de Quimica<\/p>\n\n\n\n<p>Rio de Janeiro &#8211; RJ<\/p>\n\n\n\n<p>CEP: 22451900<\/p>\n\n\n\n<p>E-mail: <a href=\"mailto:sec.reg.rio@sbq.org.br\">sec.reg.rio@sbq.org.br<\/a><\/p>\n\n\n\n<p>Telefone\/FAX: +55(21) 3527-1820<\/p>\n","protected":false},"excerpt":{"rendered":"<p>Endere\u00e7o para contato:&nbsp; Pontif\u00edcia Universidade Cat\u00f3lica do Rio de Janeiro &#8211; PUC-Rio Rua Marqu\u00eas de S\u00e3o Vicente, 225 &#8211; G\u00e1vea Ed. Cardeal Leme\/ Departamento de Quimica Rio de Janeiro &#8211; RJ CEP: 22451900 E-mail: sec.reg.rio@sbq.org.br Telefone\/FAX: +55(21) 3527-1820<\/p>\n","protected":false},"author":1,"featured_media":0,"parent":0,"menu_order":0,"comment_status":"closed","ping_status":"closed","template":"institucional","meta":{"footnotes":""},"_links":{"self":[{"href":"https:\/\/www.sbq.org.br\/riodejaneiro\/wp-json\/wp\/v2\/pages\/13"}],"collection":[{"href":"https:\/\/www.sbq.org.br\/riodejaneiro\/wp-json\/wp\/v2\/pages"}],"about":[{"href":"https:\/\/www.sbq.org.br\/riodejaneiro\/wp-json\/wp\/v2\/types\/page"}],"author":[{"embeddable":true,"href":"https:\/\/www.sbq.org.br\/riodejaneiro\/wp-json\/wp\/v2\/users\/1"}],"replies":[{"embeddable":true,"href":"https:\/\/www.sbq.org.br\/riodejaneiro\/wp-json\/wp\/v2\/comments?post=13"}],"version-history":[{"count":3,"href":"https:\/\/www.sbq.org.br\/riodejaneiro\/wp-json\/wp\/v2\/pages\/13\/revisions"}],"predecessor-version":[{"id":120,"href":"https:\/\/www.sbq.org.br\/riodejaneiro\/wp-json\/wp\/v2\/pages\/13\/revisions\/120"}],"wp:attachment":[{"href":"https:\/\/www.sbq.org.br\/riodejaneiro\/wp-json\/wp\/v2\/media?parent=13"}],"curies":[{"name":"wp","href":"https:\/\/api.w.org\/{rel}","templated":true}]}}