{"id":85,"date":"2024-01-10T11:47:05","date_gmt":"2024-01-10T14:47:05","guid":{"rendered":"https:\/\/www.sbq.org.br\/produtos\/?page_id=85"},"modified":"2024-01-10T11:47:05","modified_gmt":"2024-01-10T14:47:05","slug":"noticias","status":"publish","type":"page","link":"https:\/\/www.sbq.org.br\/produtos\/noticias\/","title":{"rendered":"Not\u00edcias"},"content":{"rendered":"\n<section id=\"gb14926\" class=\"wp-block-gutentor-p4 section-gb14926 gutentor-post-module gutentor-advanced-post-module\" data-gpid=\"85\" data-l-ani=\"gp4-animation-1\" data-i-b=\"gutentor\/p1\" data-maxnumpages=\"3\">\n\n<section class=\"gutentor-post-module section-9ff8ab41-6c0e-42ae-b2e5-9ab147a6dee6 gutentor-post-module-p1 gutentor_p1_template1 wp-block-gutentor-p1 gutentor-blog-grid\" id=\"9ff8ab41-6c0e-42ae-b2e5-9ab147a6dee6\" data-gbid=\"9ff8ab41-6c0e-42ae-b2e5-9ab147a6dee6\" >\n<div class='grid-container'><div class='grid-row' ><article class='gutentor-post gutentor-post-no-thumb  grid-lg-12 grid-md-4 grid-12'><div class='gutentor-post-item'><div class=\"gutentor-post-title-data-wrap\"><h3 class=\"gutentor-post-title\"><a href=\"https:\/\/www.sbq.org.br\/produtos\/webinario-uma-abordagem-sobre-os-compostos-volateis-na-autenticacao-atividade-biologica-e-relacoes-ecologicas-de-plantas-aromaticas-da-amazonia\/\" rel=\"bookmark\">Webin\u00e1rio: Uma abordagem sobre os compostos vol\u00e1teis na autentica\u00e7\u00e3o, atividade biol\u00f3gica e rela\u00e7\u00f5es ecol\u00f3gicas de plantas arom\u00e1ticas da Amaz\u00f4nia<\/a><\/h3><\/div><div class=\"gutentor-post-desc\">Temos a honra de convidar a todas e todos da DPN para prestigiar o webn\u00e1rio da Profa. Dra. Joyce Kel&hellip;<\/div><a class=\"gutentor-button gutentor-post-button\"  href=\"https:\/\/www.sbq.org.br\/produtos\/webinario-uma-abordagem-sobre-os-compostos-volateis-na-autenticacao-atividade-biologica-e-relacoes-ecologicas-de-plantas-aromaticas-da-amazonia\/\" href=\"https:\/\/www.sbq.org.br\/produtos\/webinario-uma-abordagem-sobre-os-compostos-volateis-na-autenticacao-atividade-biologica-e-relacoes-ecologicas-de-plantas-aromaticas-da-amazonia\/\"><span>Read More<\/span><\/a><\/div><\/article><article class='gutentor-post gutentor-post-no-thumb  grid-lg-12 grid-md-4 grid-12'><div class='gutentor-post-item'><div class=\"gutentor-post-title-data-wrap\"><h3 class=\"gutentor-post-title\"><a href=\"https:\/\/www.sbq.org.br\/produtos\/webinario-abordagem-in-silico-para-determinar-as-caracteristicas-admet-de-moleculas-de-origem-natural\/\" rel=\"bookmark\">Webin\u00e1rio: Abordagem in silico para determinar as caracter\u00edsticas ADMET de mol\u00e9culas de origem natural<\/a><\/h3><\/div><div class=\"gutentor-post-desc\">O evento, exclusivamente on-line, ocorrer\u00e1 no dia 10\/10\/2023 \u00e0s 16h (hor\u00e1rio de Bras\u00edlia) e ser\u00e1 tra&hellip;<\/div><a class=\"gutentor-button gutentor-post-button\"  href=\"https:\/\/www.sbq.org.br\/produtos\/webinario-abordagem-in-silico-para-determinar-as-caracteristicas-admet-de-moleculas-de-origem-natural\/\" href=\"https:\/\/www.sbq.org.br\/produtos\/webinario-abordagem-in-silico-para-determinar-as-caracteristicas-admet-de-moleculas-de-origem-natural\/\"><span>Read More<\/span><\/a><\/div><\/article><article class='gutentor-post gutentor-post-no-thumb  grid-lg-12 grid-md-4 grid-12'><div class='gutentor-post-item'><div class=\"gutentor-post-title-data-wrap\"><h3 class=\"gutentor-post-title\"><a href=\"https:\/\/www.sbq.org.br\/produtos\/11o-simposio-brasileiro-de-oleos-essenciais\/\" rel=\"bookmark\">11\u00ba Simp\u00f3sio Brasileiro de \u00d3leos Essenciais<\/a><\/h3><\/div><div class=\"gutentor-post-desc\">O\u00a011\u00ba Simp\u00f3sio Brasileiro de \u00d3leos Essenciais, de 8 a 10 de novembro de 2023, no Instituto Agron\u00f4mic&hellip;<\/div><a class=\"gutentor-button gutentor-post-button\"  href=\"https:\/\/www.sbq.org.br\/produtos\/11o-simposio-brasileiro-de-oleos-essenciais\/\" href=\"https:\/\/www.sbq.org.br\/produtos\/11o-simposio-brasileiro-de-oleos-essenciais\/\"><span>Read More<\/span><\/a><\/div><\/article><article class='gutentor-post gutentor-post-no-thumb  grid-lg-12 grid-md-4 grid-12'><div class='gutentor-post-item'><div class=\"gutentor-post-title-data-wrap\"><h3 class=\"gutentor-post-title\"><a href=\"https:\/\/www.sbq.org.br\/produtos\/minicurso-ferramentas-de-biologia-molecular-na-quimica-de-produtos-naturais\/\" rel=\"bookmark\">Minicurso: Ferramentas de Biologia Molecular na Qu\u00edmica de Produtos Naturais<\/a><\/h3><\/div><div class=\"gutentor-post-desc\">Nos dias 11 e 18 de abril de 2023 (ambos ter\u00e7a-feira), das 14h \u00e0s 16h (hor\u00e1rio de Bras\u00edlia), a DPN r&hellip;<\/div><a class=\"gutentor-button gutentor-post-button\"  href=\"https:\/\/www.sbq.org.br\/produtos\/minicurso-ferramentas-de-biologia-molecular-na-quimica-de-produtos-naturais\/\" href=\"https:\/\/www.sbq.org.br\/produtos\/minicurso-ferramentas-de-biologia-molecular-na-quimica-de-produtos-naturais\/\"><span>Read More<\/span><\/a><\/div><\/article><article class='gutentor-post gutentor-post-no-thumb  grid-lg-12 grid-md-4 grid-12'><div class='gutentor-post-item'><div class=\"gutentor-post-title-data-wrap\"><h3 class=\"gutentor-post-title\"><a href=\"https:\/\/www.sbq.org.br\/produtos\/scibiosus-2023\/\" rel=\"bookmark\">SciBioSus 2023<\/a><\/h3><\/div><div class=\"gutentor-post-desc\">The II International Congress on Science, Biodiversity and Sustainability was created on the purpose&hellip;<\/div><a class=\"gutentor-button gutentor-post-button\"  href=\"https:\/\/www.sbq.org.br\/produtos\/scibiosus-2023\/\" href=\"https:\/\/www.sbq.org.br\/produtos\/scibiosus-2023\/\"><span>Read More<\/span><\/a><\/div><\/article><article class='gutentor-post gutentor-post-no-thumb  grid-lg-12 grid-md-4 grid-12'><div class='gutentor-post-item'><div class=\"gutentor-post-title-data-wrap\"><h3 class=\"gutentor-post-title\"><a href=\"https:\/\/www.sbq.org.br\/produtos\/webinario-asteraceae-dos-campos-gerais-do-parana-fonte-de-metabolitos-especializados-com-potencial-farmacologico\/\" rel=\"bookmark\">Webin\u00e1rio: Asteraceae dos Campos Gerais do Paran\u00e1: fonte de metab\u00f3litos especializados com potencial farmacol\u00f3gico<\/a><\/h3><\/div><div class=\"gutentor-post-desc\">Na pr\u00f3xima ter\u00e7a-feira, 28 de mar\u00e7o de 2023, \u00e0s 14h (hor\u00e1rio de Bras\u00edlia), a DPN receber\u00e1 a Profa. D&hellip;<\/div><a class=\"gutentor-button gutentor-post-button\"  href=\"https:\/\/www.sbq.org.br\/produtos\/webinario-asteraceae-dos-campos-gerais-do-parana-fonte-de-metabolitos-especializados-com-potencial-farmacologico\/\" href=\"https:\/\/www.sbq.org.br\/produtos\/webinario-asteraceae-dos-campos-gerais-do-parana-fonte-de-metabolitos-especializados-com-potencial-farmacologico\/\"><span>Read More<\/span><\/a><\/div><\/article><article class='gutentor-post gutentor-post-no-thumb  grid-lg-12 grid-md-4 grid-12'><div class='gutentor-post-item'><div class=\"gutentor-post-title-data-wrap\"><h3 class=\"gutentor-post-title\"><a href=\"https:\/\/www.sbq.org.br\/produtos\/ix-simposio-de-plantas-medicinais-do-vale-do-sao-francisco\/\" rel=\"bookmark\">IX Simp\u00f3sio de Plantas Medicinais do Vale do S\u00e3o Francisco<\/a><\/h3><\/div><div class=\"gutentor-post-desc\">Est\u00e3o abertas as inscri\u00e7\u00f5es para o IX Simp\u00f3sio de Plantas Medicinais do Vale do S\u00e3o Francisco (PLAME&hellip;<\/div><a class=\"gutentor-button gutentor-post-button\"  href=\"https:\/\/www.sbq.org.br\/produtos\/ix-simposio-de-plantas-medicinais-do-vale-do-sao-francisco\/\" href=\"https:\/\/www.sbq.org.br\/produtos\/ix-simposio-de-plantas-medicinais-do-vale-do-sao-francisco\/\"><span>Read More<\/span><\/a><\/div><\/article><article class='gutentor-post gutentor-post-no-thumb  grid-lg-12 grid-md-4 grid-12'><div class='gutentor-post-item'><div class=\"gutentor-post-title-data-wrap\"><h3 class=\"gutentor-post-title\"><a href=\"https:\/\/www.sbq.org.br\/produtos\/inscricoes-abertas-para-o-9th-bcnp-xxxv-resem\/\" rel=\"bookmark\">Inscri\u00e7\u00f5es abertas para o 9th BCNP &#8211; XXXV RESEM<\/a><\/h3><\/div><div class=\"gutentor-post-desc\">Encontram-se abertas as inscri\u00e7\u00f5es para o 9th&nbsp;BNCP e XXXV RESEM, que ocorrer\u00e3o no per\u00edodo de 24&hellip;<\/div><a class=\"gutentor-button gutentor-post-button\"  href=\"https:\/\/www.sbq.org.br\/produtos\/inscricoes-abertas-para-o-9th-bcnp-xxxv-resem\/\" href=\"https:\/\/www.sbq.org.br\/produtos\/inscricoes-abertas-para-o-9th-bcnp-xxxv-resem\/\"><span>Read More<\/span><\/a><\/div><\/article><article class='gutentor-post gutentor-post-no-thumb  grid-lg-12 grid-md-4 grid-12'><div class='gutentor-post-item'><div class=\"gutentor-post-title-data-wrap\"><h3 class=\"gutentor-post-title\"><a href=\"https:\/\/www.sbq.org.br\/produtos\/webinario-ciencia-tecnologia-e-inovacao-pilares-para-o-desenvolvimento-nacional-sustentavel\/\" rel=\"bookmark\">Webin\u00e1rio: Ci\u00eancia, Tecnologia e Inova\u00e7\u00e3o: Pilares para o Desenvolvimento Nacional Sustent\u00e1vel<\/a><\/h3><\/div><div class=\"gutentor-post-desc\">Na pr\u00f3xima quinta-feira,\u00a008 de dezembro de 2022, \u00e0s\u00a014h\u00a0(hor\u00e1rio de Bras\u00edlia), a DPN receber\u00e1 a Prof&hellip;<\/div><a class=\"gutentor-button gutentor-post-button\"  href=\"https:\/\/www.sbq.org.br\/produtos\/webinario-ciencia-tecnologia-e-inovacao-pilares-para-o-desenvolvimento-nacional-sustentavel\/\" href=\"https:\/\/www.sbq.org.br\/produtos\/webinario-ciencia-tecnologia-e-inovacao-pilares-para-o-desenvolvimento-nacional-sustentavel\/\"><span>Read More<\/span><\/a><\/div><\/article><article class='gutentor-post gutentor-post-no-thumb  grid-lg-12 grid-md-4 grid-12'><div class='gutentor-post-item'><div class=\"gutentor-post-title-data-wrap\"><h3 class=\"gutentor-post-title\"><a href=\"https:\/\/www.sbq.org.br\/produtos\/profa-alaide-braga-de-oliveira-ufmg-e-agraciada-com-a-medalha-jose-israel-vargas\/\" rel=\"bookmark\">Profa. Ala\u00edde Braga de Oliveira (UFMG) \u00e9 agraciada com a medalha Jos\u00e9 Israel Vargas<\/a><\/h3><\/div><div class=\"gutentor-post-desc\">Profa. Ala\u00edde Braga de Oliveira (UFMG) \u00e9 agraciada com a medalha Jos\u00e9 Israel Vargas do M\u00e9rito em Pes&hellip;<\/div><a class=\"gutentor-button gutentor-post-button\"  href=\"https:\/\/www.sbq.org.br\/produtos\/profa-alaide-braga-de-oliveira-ufmg-e-agraciada-com-a-medalha-jose-israel-vargas\/\" href=\"https:\/\/www.sbq.org.br\/produtos\/profa-alaide-braga-de-oliveira-ufmg-e-agraciada-com-a-medalha-jose-israel-vargas\/\"><span>Read More<\/span><\/a><\/div><\/article><\/div><\/div><\/section>\n\n\n<div id=\"section-g95452d\" class=\"wp-block-gutentor-e17 section-g95452d gutentor-element gutentor-post-footer\"><div class=\"grid-container\"><div class=\"grid-row\">\n<div id=\"col-gmd00611\" class=\"wp-block-gutentor-e15 gutentor-single-column  grid-lg-12 grid-md-12 grid-12\"><div id=\"section-gmd00611\" class=\"section-gmd00611 gutentor-col-wrap\">\n<div id=\"section-g316404\" class=\"wp-block-gutentor-e12 section-g316404 gutentor-element gutentor-element-pagination text-align-center-mobile\"><div class=\"gutentor-pagination-wrap\" data-maxnumpages=\"3\"><ul class=\"gutentor-pagination\"><li class=\"gutentor-pagination-item gutentor-pagination-prev\"><a class=\"gutentor-pagination-link gutentor-disabled\" href=\"#\"><i class=\"fas fa-chevron-left\"><\/i>Previous<\/a><\/li><li class=\"gutentor-pagination-item gutentor-pagination-active\" data-gpage=\"1\"><a class=\"gutentor-pagination-link\" href=\"#\">1<\/a><\/li><li class=\"gutentor-pagination-item\"><a class=\"gutentor-pagination-link\" href=\"#\" data-gpage=\"2\">2<\/a><\/li><li class=\"gutentor-pagination-item\"><a class=\"gutentor-pagination-link\" href=\"#\" data-gpage=\"3\">3<\/a><\/li><li class=\"gutentor-pagination-item gutentor-pagination-next\"><a class=\"gutentor-pagination-link\" href=\"#\" data-gpage=\"2\">Next<i class=\"fas fa-chevron-right\"><\/i><\/a><\/li><\/ul><\/div><\/div>\n<\/div><\/div>\n<\/div><\/div><\/div>\n<\/section>\n","protected":false},"excerpt":{"rendered":"","protected":false},"author":1,"featured_media":0,"parent":0,"menu_order":0,"comment_status":"closed","ping_status":"closed","template":"","meta":{"footnotes":""},"_links":{"self":[{"href":"https:\/\/www.sbq.org.br\/produtos\/wp-json\/wp\/v2\/pages\/85"}],"collection":[{"href":"https:\/\/www.sbq.org.br\/produtos\/wp-json\/wp\/v2\/pages"}],"about":[{"href":"https:\/\/www.sbq.org.br\/produtos\/wp-json\/wp\/v2\/types\/page"}],"author":[{"embeddable":true,"href":"https:\/\/www.sbq.org.br\/produtos\/wp-json\/wp\/v2\/users\/1"}],"replies":[{"embeddable":true,"href":"https:\/\/www.sbq.org.br\/produtos\/wp-json\/wp\/v2\/comments?post=85"}],"version-history":[{"count":1,"href":"https:\/\/www.sbq.org.br\/produtos\/wp-json\/wp\/v2\/pages\/85\/revisions"}],"predecessor-version":[{"id":86,"href":"https:\/\/www.sbq.org.br\/produtos\/wp-json\/wp\/v2\/pages\/85\/revisions\/86"}],"wp:attachment":[{"href":"https:\/\/www.sbq.org.br\/produtos\/wp-json\/wp\/v2\/media?parent=85"}],"curies":[{"name":"wp","href":"https:\/\/api.w.org\/{rel}","templated":true}]}}