{"id":76,"date":"2023-07-24T14:46:27","date_gmt":"2023-07-24T17:46:27","guid":{"rendered":"https:\/\/www.sbq.org.br\/divisao_produtos\/historico-do-bcnp-resem\/"},"modified":"2024-10-21T15:30:22","modified_gmt":"2024-10-21T18:30:22","slug":"historico-do-bcnp-resem","status":"publish","type":"page","link":"https:\/\/www.sbq.org.br\/produtos\/historico-do-bcnp-resem\/","title":{"rendered":"Hist\u00f3rico do BCNP-RESEM"},"content":{"rendered":"\n<figure class=\"wp-block-image size-full is-resized\"><img loading=\"lazy\" decoding=\"async\" width=\"249\" height=\"252\" src=\"https:\/\/www.sbq.org.br\/produtos\/wp-content\/uploads\/sites\/14\/2024\/10\/image.png\" alt=\"\" class=\"wp-image-302\" style=\"width:155px;height:auto\" \/><\/figure>\n\n\n<p>O Brazilian Conference on Natural Products (BCNP) \u00e9 um evento cient\u00edfico organizado pela Divis\u00e3o de Produtos Naturais (QPN) da Sociedade Brasileira de Qu\u00edmica (SBQ). Trata-se de um encontro internacional que re\u00fane pesquisadores, estudantes e profissionais da \u00e1rea de produtos naturais de todo o mundo para discutir e trocar ideias sobre suas vis\u00f5es e experi\u00eancias em t\u00f3picos relacionados aos recentes avan\u00e7os na \u00e1rea de produtos naturais. O evento \u00e9 bienal e, geralmente, \u00e9 realizado em diferentes locais no Brasil pela QPN\/SBQ, em conjunto ou n\u00e3o com comiss\u00f5es organizadoras locais do local onde o evento ocorrer\u00e1.<\/p>\n<p>A primeira edi\u00e7\u00e3o do BCNP foi realizada em 2007 no Hotel Fazenda Colina Verde, em S\u00e3o Pedro, S\u00e3o Paulo. Foram quatro dias de imers\u00e3o, nos quais se discutiram temas como biodiversidade e produtos naturais, atividades biol\u00f3gicas e farmacol\u00f3gicas de produtos naturais, fabrica\u00e7\u00e3o e controle de qualidade de medicamentos fitoter\u00e1picos e \u00f3leos essenciais, bioss\u00edntese e biologia molecular de produtos naturais, al\u00e9m dos recentes avan\u00e7os nas t\u00e9cnicas de isolamento e identifica\u00e7\u00e3o de produtos naturais. O evento foi imersivo, sem sess\u00f5es paralelas, o que permitiu um relacionamento estreito entre os participantes e conferencistas. Contou com 300 inscritos, 264 trabalhos apresentados e participantes de cinco diferentes pa\u00edses. Desde ent\u00e3o, o evento tem se consolidado como uma plataforma importante para a apresenta\u00e7\u00e3o e discuss\u00e3o de pesquisas recentes, descobertas e desenvolvimentos relacionados a produtos naturais, abrangendo aspectos como descoberta de novos compostos, atividade biol\u00f3gica, s\u00edntese, aplica\u00e7\u00f5es terap\u00eauticas e biotecnol\u00f3gicas, evolu\u00e7\u00e3o de metab\u00f3litos secund\u00e1rios e vias metab\u00f3licas, bem como aplica\u00e7\u00f5es biotecnol\u00f3gicas e industriais de produtos naturais, entre outros.<\/p>\n<p>O presidente do primeiro BCNP foi o professor Dr. Raimundo Braz Filho, enquanto o presidente de honra foi o ilustre Prof. Dr. Otto Richard Gottlieb. Pioneiro no estudo da biodiversidade da flora brasileira, o professor Otto Gottlieb destacou-se por seus estudos em quimiotaxonomia e na busca de marcadores quimiotaxon\u00f4micos. A partir de seus estudos sobre qu\u00edmica biol\u00f3gica e percebendo a necessidade de esfor\u00e7os multidisciplinares para entender o funcionamento da natureza, ele iniciou, em 1978, a Reuni\u00e3o Anual sobre Evolu\u00e7\u00e3o, Sistem\u00e1tica e Ecologia Micromoleculares (RESEM).<\/p>\n<p>As duas primeiras reuni\u00f5es foram realizadas no Instituto de Qu\u00edmica da Universidade de S\u00e3o Paulo, em 1978 e 1979, com o prop\u00f3sito de apoiar o crescimento e amadurecimento do grupo do Prof. Gottlieb, que trabalhava na nova disciplina por ele rec\u00e9m-criada no Brasil. A complexidade do tema envolvia justamente a integra\u00e7\u00e3o de diferentes \u00e1reas, como bot\u00e2nica, qu\u00edmica, sistem\u00e1tica, ecologia, evolu\u00e7\u00e3o, entre outras. A terceira RESEM aconteceu apenas em 1981, no Instituto de Qu\u00edmica da Universidade Federal Fluminense, em Niter\u00f3i. A partir de ent\u00e3o, esses encontros tornaram-se itinerantes, com o objetivo de incentivar pesquisas multi- e interdisciplinares em todo o pa\u00eds. Em 2007, a XXVII RESEM uniu-se ao BCNP sob a tutela da Divis\u00e3o de Produtos Naturais (QPN) da Sociedade Brasileira de Qu\u00edmica (SBQ), e desde ent\u00e3o, esses dois eventos t\u00eam sido realizados conjuntamente.<\/p>","protected":false},"excerpt":{"rendered":"<p>O Brazilian Conference on Natural Products (BCNP) \u00e9 um evento cient\u00edfico organizado pela Divis\u00e3o de Produtos Naturais (QPN) da Sociedade Brasileira de Qu\u00edmica (SBQ). Trata-se de um encontro internacional que re\u00fane pesquisadores, estudantes e profissionais da \u00e1rea de produtos naturais de todo o mundo para discutir e trocar ideias sobre suas vis\u00f5es e experi\u00eancias em [&hellip;]<\/p>\n","protected":false},"author":1,"featured_media":0,"parent":0,"menu_order":0,"comment_status":"closed","ping_status":"closed","template":"wp-custom-template-bcnp-resem","meta":{"footnotes":""},"_links":{"self":[{"href":"https:\/\/www.sbq.org.br\/produtos\/wp-json\/wp\/v2\/pages\/76"}],"collection":[{"href":"https:\/\/www.sbq.org.br\/produtos\/wp-json\/wp\/v2\/pages"}],"about":[{"href":"https:\/\/www.sbq.org.br\/produtos\/wp-json\/wp\/v2\/types\/page"}],"author":[{"embeddable":true,"href":"https:\/\/www.sbq.org.br\/produtos\/wp-json\/wp\/v2\/users\/1"}],"replies":[{"embeddable":true,"href":"https:\/\/www.sbq.org.br\/produtos\/wp-json\/wp\/v2\/comments?post=76"}],"version-history":[{"count":3,"href":"https:\/\/www.sbq.org.br\/produtos\/wp-json\/wp\/v2\/pages\/76\/revisions"}],"predecessor-version":[{"id":303,"href":"https:\/\/www.sbq.org.br\/produtos\/wp-json\/wp\/v2\/pages\/76\/revisions\/303"}],"wp:attachment":[{"href":"https:\/\/www.sbq.org.br\/produtos\/wp-json\/wp\/v2\/media?parent=76"}],"curies":[{"name":"wp","href":"https:\/\/api.w.org\/{rel}","templated":true}]}}