{"id":55,"date":"2022-09-12T14:33:55","date_gmt":"2022-09-12T17:33:55","guid":{"rendered":"https:\/\/www.sbq.org.br\/divisao_produtos\/grupos-de-pesquisa\/"},"modified":"2024-11-11T17:13:57","modified_gmt":"2024-11-11T20:13:57","slug":"grupos-de-pesquisa","status":"publish","type":"page","link":"https:\/\/www.sbq.org.br\/produtos\/grupos-de-pesquisa\/","title":{"rendered":"Grupos de Pesquisa"},"content":{"rendered":"\n<p>Nesse espa\u00e7o reunimos as informa\u00e7\u00f5es sobre os grupos de pesquisa que atuam na \u00e1rea de Qu\u00edmica de Produtos Naturais no Brasil.<\/p>\n\n\n\n<p>Se voc\u00ea lidera ou faz parte de algum grupo de pesquisa que n\u00e3o est\u00e1 listado abaixo, envie os dados do seu grupo para o nosso email (dpn.sbq@gmail.com).<\/p>\n\n\n\n<p><a href=\"http:\/\/www.instagram.com\/bitpna\/\" target=\"_blank\" rel=\"noreferrer noopener\"><u>Bioprospec\u00e7\u00e3o e Inova\u00e7\u00e3o Tecnol\u00f3gica de Produtos Naturais da Amaz\u00f4nia<\/u><\/a><br>Universidade Federal do Par\u00e1 (UFPA)<br><strong>Pesquisadores Respons\u00e1veis: <\/strong>Joyce Kelly do Ros\u00e1rio da Silva e Pablo Lu\u00eds Figueiredo<br><strong>Emails para contato: <\/strong><a href=\"mailto:joycekellys@ufpa.br\" target=\"_blank\" rel=\"noreferrer noopener\">joycekellys@ufpa.br<\/a><\/p>\n\n\n\n<p><a href=\"http:\/\/lpimenta.qui.ufmg.br\" target=\"_blank\" rel=\"noreferrer noopener\"><u>CerQBio &#8211; Laborat\u00f3rio de Quimio e Bioprospec\u00e7\u00e3o de Plantas do Cerrado<\/u><\/a><br>Universidade Federal de Minas Gerais (UFMG)<br><strong>Pesquisadora Respons\u00e1vel: <\/strong>L\u00facia Pinheiro Santos Pimenta<br><strong>Emails para contato:<\/strong> <a href=\"mailto:cerqbiol@gmail.com\">cerqbiol@gmail.com<\/a>; <a href=\"mailto:trabalhoslucia@gmail.com\">trabalhoslucia@gmail.com<\/a>; <a href=\"mailto:lpimenta@qui.ufmg.br\">lpimenta@qui.ufmg.br<\/a><\/p>\n\n\n\n<p><a href=\"https:\/\/www.cbip.ufscar.br\" target=\"_blank\" rel=\"noreferrer noopener\"><u>Controle Biorracional de Insetos Pragas &#8211; CBIP \/ INCT<\/u><\/a><br>Universidade Federal de S\u00e3o Carlos (UFSCar)<br><strong>Pesquisadores Respons\u00e1velis: <\/strong>Profa. Dra. Maria F\u00e1tima das Gra\u00e7as Fernandes da Silva (Coordenadora) e Prof. Dr. Paulo C\u00e9zar Vieira (vice-coordenador)<br><strong>Email para contato:<\/strong> <a href=\"mailto:dmfs@ufscar.br\" target=\"_blank\" rel=\"noreferrer noopener\">dmfs@ufscar.br<\/a><\/p>\n\n\n\n<p><a href=\"http:\/\/dgp.cnpq.br\/dgp\/espelhogrupo\/333488\" target=\"_blank\" rel=\"noreferrer noopener\"><u>Ecologia Qu\u00edmica Aplicada<\/u><\/a><br>Universidade Federal do Piau\u00ed (UFPI)<br>Instagram: <a href=\"https:\/\/www.instagram.com\/ecologiaquimicaaplicada\/\">https:\/\/www.instagram.com\/ecologiaquimicaaplicada\/<\/a><br><strong>Pesquisadora Respons\u00e1vel: <\/strong>Francisca Diana da Silva Ara\u00fajo<br><strong>Emails para contato: <\/strong><a href=\"mailto:ecologiaquimica@ufpi.edu.br\" target=\"_blank\" rel=\"noreferrer noopener\">ecologiaquimica@ufpi.edu.br<\/a>; <a href=\"mailto:diana.araujo@ufpi.edu.br\" target=\"_blank\" rel=\"noreferrer noopener\">diana.araujo@ufpi.edu.br<\/a><\/p>\n\n\n\n<p><a href=\"http:\/\/dgp.cnpq.br\/dgp\/espelhogrupo\/1169\" target=\"_blank\" rel=\"noreferrer noopener\">GeBioMMi &#8211; Grupo de Estudos em Bioqu\u00edmica Micromolecular de Microorganismos<\/a><br>Departamento de Qu\u00edmica \u2013 Universidade Federal de S\u00e3o Carlos (UFSCar)<br><strong>Pesquisador Respons\u00e1vel: <\/strong>Edson Rodrigues Filho<br><strong>Email para contato: <\/strong><a href=\"mailto:edinho.labiommi@gmail.com\">edinho.labiommi@gmail.com<\/a><\/p>\n\n\n\n<p><a href=\"http:\/\/dgp.cnpq.br\/dgp\/espelhogrupo\/4247563192427200\" target=\"_blank\" rel=\"noreferrer noopener\"><u>Green Biotech Network<\/u><\/a><br>Universidade Estadual Paulista J\u00falio de Mesquita Filho &#8211; UNESP (Faculdade de Ci\u00eancias Agron\u00f4micas &#8211; Botucatu, e Faculdade de Ci\u00eancias &#8211; Bauru)<br><strong>Pesquisadores Respons\u00e1veis: <\/strong>Cristiano Funari e Daniel Rinaldo<br><strong>Email para contato: <\/strong>daniel.rinaldo@unesp.br<\/p>\n\n\n\n<p>Grupo de Pesquisa em Produtos Naturais &#8211; GPPN<br>Universidade Federal da Bahia (UFBA)<br><strong>Pesquisador Respons\u00e1vel: <\/strong>Jorge Mauricio David<br><strong>Emails para contato: <\/strong><a href=\"mailto:jmdavid@ufba.br\" target=\"_blank\" rel=\"noreferrer noopener\">jmdavid@ufba.br<\/a>; <a href=\"mailto:jorgemauricio.david@gmail.com\" target=\"_blank\" rel=\"noreferrer noopener\">jorgemauricio.david@gmail.com<\/a><\/p>\n\n\n\n<p><a href=\"http:\/\/millercrotti.wixsite.com\/research-group\" target=\"_blank\" rel=\"noreferrer noopener\"><u>Grupo de Pesquisa em Qu\u00edmica Org\u00e2nica e Espectrometria de Massas<\/u><\/a><br>Faculdade de Flosofia, Ci\u00eancias e Letras de Ribeir\u00e3o Preto, Universidade de S\u00e3o Paulo (Departamento de Qu\u00edmica, FFCLRP-USP)<br>Twitter: <a href=\"https:\/\/twitter.com\/millercrotti\">https:\/\/twitter.com\/millercrotti<\/a><br><strong>Pesquisador Respons\u00e1vel:<\/strong> Prof. Ant\u00f4nio Eduardo Miller Crotti<br><strong>Email para contato:<\/strong> <a href=\"mailto:millercrotti@ffclrp.usp.br\" target=\"_blank\" rel=\"noreferrer noopener\">millercrotti@ffclrp.usp.br<\/a><\/p>\n\n\n\n<p>Grupo de Pesquisa em Metabol\u00f4mica e Espectrometria de Massas &#8211; GPMEM<br>Universidade do Estado do Amazonas (UEA)<br><strong>Pesquisador Respons\u00e1vel: <\/strong>Hector Henrique Ferreira Koolen<br><strong>Email para contato: <\/strong><a href=\"mailto:hkoolen@uea.edu.br\" target=\"_blank\" rel=\"noreferrer noopener\">hkoolen@uea.edu.br<\/a><\/p>\n\n\n\n<p><a href=\"http:\/\/rmn.quimica.ufg.br\" target=\"_blank\" rel=\"noreferrer noopener\"><u>Grupo de Pesquisa em RMN (LabRMN)<\/u><\/a><br>Universidade Federal de Goi\u00e1s (UFG)<br><strong>Pesquisador Respons\u00e1vel: <\/strong>Luciano Morais Li\u00e3o<br><strong>Email para contato: <\/strong><a href=\"mailto:lucianoliao@ufg.br\" target=\"_blank\" rel=\"noreferrer noopener\">lucianoliao@ufg.br<\/a><\/p>\n\n\n\n<p>Grupo de Pesquisa em S\u00edntese e Produtos Naturais<br>Universidade Federal de Minas Gerais (UFMG)<br><strong>Pesquisadora Respons\u00e1vel: <\/strong>Jacqueline Aparecida Takahashi<br><strong>Email para contato: <\/strong><a href=\"mailto:jacqueline@ufmg.br\" target=\"_blank\" rel=\"noreferrer noopener\">jacqueline@ufmg.br<\/a><\/p>\n\n\n\n<p>Grupo de Qu\u00edmica Org\u00e2nica da UFPA<br>Universidade Federal do Par\u00e1 (UFPA)<br><strong>Pesquisadores Respons\u00e1veis: <\/strong>Lourivaldo da Silva Santos (Lider) e Mara Silvia Pinheiro Arruda (Vice-Lider)<br><strong>Emails para contato: <\/strong><a href=\"mailto:lsslouri@gmail.com\" target=\"_blank\" rel=\"noreferrer noopener\">lsslouri@gmail.com<\/a>; <a href=\"mailto:lss@ufpa.br\" target=\"_blank\" rel=\"noreferrer noopener\">lss@ufpa.br<\/a><\/p>\n\n\n\n<p>Grupo Especializado em Subst\u00e2ncias Secund\u00e1rias e em Bioconvers\u00e3o por Lepid\u00f3pteros (GESSBIL)<br>Universidade Federal da Grande Dourados (UFGD)<br><strong>Pesquisador respons\u00e1vel:<\/strong> Cl\u00e1udio Rodrigo Nogueira<br><strong>E-mail para contato: <\/strong><a href=\"mailto:claudiornogueira@ufgd.edu.br\">claudiornogueira@ufgd.edu.br<\/a><\/p>\n\n\n\n<p><a href=\"http:\/\/laboratoriofitosin.blogspot.com\" target=\"_blank\" rel=\"noreferrer noopener\"><u>Grupo FitoSin<\/u><\/a><br>Departamento de Qu\u00edmica \u2013 Universidade Estadual de Maring\u00e1 (UEM)<br><strong>Pesquisadores Respons\u00e1veis: <\/strong>Profa Dra Silvana Maria de Oliveira e Armando Mateus Pomini<br><strong>Emails para contato: <\/strong><a href=\"mailto:smoliveira@uem.br\" target=\"_blank\" rel=\"noreferrer noopener\">smoliveira@uem.br<\/a> e <a href=\"mailto:ampomini@uem.br\" target=\"_blank\" rel=\"noreferrer noopener\">ampomini@uem.br<\/a><\/p>\n\n\n\n<p>Grupo LaBQuiM (Laborat\u00f3rio de Bioensaios e Qu\u00edmica de Microrganismos)<br>Universidade Federal do Par\u00e1 (UFPA)<br><strong>Pesquisadores Respons\u00e1veis:<\/strong> Andrey Moacir do R. Marinho e Patr\u00edcia Santana B. Marinho<br><strong>Email para contato: <\/strong><a href=\"mailto:andrey@ufpa.br\" target=\"_blank\" rel=\"noreferrer noopener\">andrey@ufpa.br<\/a><\/p>\n\n\n\n<p>GSPN: Grupo de S\u00edntese e Produtos Naturais<br>Universidade Estadual de Maring\u00e1 (UEM)<br><strong>Instagram: <\/strong><a href=\"https:\/\/www.instagram.com\/laboratorio_gspn\/\">https:\/\/www.instagram.com\/laboratorio_gspn\/<\/a><br><strong>Pesquisadoras Respons\u00e1veis: <\/strong>Debora Cristina Baldoqui e Maria Helena Sarragiotto<br><strong>Emails para contato: <\/strong><a href=\"mailto:dcbaldoqui@uem.br\" target=\"_blank\" rel=\"noreferrer noopener\">dcbaldoqui@uem.br<\/a>; <a href=\"mailto:mhsarragiotto@uem.br\" target=\"_blank\" rel=\"noreferrer noopener\">mhsarragiotto@uem.br<\/a><\/p>\n\n\n\n<p>Grupo de Estudo de Qu\u00edmica de Biomol\u00e9culas (GEQBiom)<br>Universidade Federal do Amazonas (UFAM)<br><strong>Link do diret\u00f3rio:<\/strong> <a href=\"http:\/\/dgp.cnpq.br\/dgp\/espelhogrupo\/244163\">http:\/\/dgp.cnpq.br\/dgp\/espelhogrupo\/244163<\/a><br><strong>Pesquisador Respons\u00e1vel: <\/strong>Emmanoel Vila\u00e7a Costa<br><strong>Emails para contato: <\/strong><a href=\"mailto:evc@ufam.edu.br\">evc@ufam.edu.br<\/a><\/p>\n\n\n\n<p>Laborat\u00f3rio de Biologia Qu\u00edmica Microbiana (LaBioQuiMi)<br>Universidade Estadual de Campinas (Unicamp)<br><strong>Pesquisadora Respons\u00e1vel:<\/strong> Taicia Pacheco Fill<br><strong>Email para contato: <\/strong><a href=\"mailto:taicia@unicamp.br\" target=\"_blank\" rel=\"noreferrer noopener\">taicia@unicamp.br<\/a><\/p>\n\n\n\n<p>Laborat\u00f3rio de Fitoqu\u00edmica e Farmacognosia<br>Faculdade de Ci\u00eancias Farmac\u00eauticas, Universidade de S\u00e3o Paulo (USP)<br><strong>Pesquisador Respons\u00e1vel:<\/strong> Daniel Pecoraro Demarque<br><strong>Email para contato: <\/strong><a href=\"mailto:danieldemarque@usp.br\" target=\"_blank\" rel=\"noreferrer noopener\">danieldemarque@usp.br<\/a><\/p>\n\n\n\n<p><a href=\"http:\/\/dgp.cnpq.br\/dgp\/espelhogrupo\/35822\" target=\"_blank\" rel=\"noreferrer noopener\"><u>Laborat\u00f3rio de Pesquisa em Qu\u00edmica Org\u00e2nica de Sergipe (LABORGANICS)<\/u><\/a><br>Departamento de Qu\u00edmica &#8211; Universidade Federal de Sergipe (UFS)<br><strong>Pesquisadores Respons\u00e1veis: <\/strong>Prof. Dra. Val\u00e9ria Regina de Souza Moraes e Prof. Dr. Paulo Cesar de Lima Nogueira<br><strong>Emails para contato: <\/strong><a href=\"mailto:valrsmoraes@academico.ufs.br\">valrsmoraes@academico.ufs.br<\/a> e <a href=\"mailto:pclimanog@uol.com.br\" target=\"_blank\" rel=\"noreferrer noopener\">pclimanog@uol.com.br<\/a><\/p>\n\n\n\n<p><a href=\"http:\/\/labpn.quimica.ufg.br\" target=\"_blank\" rel=\"noreferrer noopener\"><u>Laborat\u00f3rio de Produtos Naturais e S\u00edntese Org\u00e2nica<\/u><\/a><br>Instituto de Qu\u00edmica \u2013 Universidade Federal de Goi\u00e1s (UFG)<br><strong>Instagram: <\/strong><a href=\"https:\/\/www.instagram.com\/labpn.ufg\/\">https:\/\/www.instagram.com\/labpn.ufg\/<\/a><br><strong>Pesquisadoras Respons\u00e1veis: <\/strong>Profa. Dra. Cecilia Maria Alves de Oliveira, Profa. Dra. Lucilia Kato e Profa. Dra. Vanessa Gisele Pasqualotto Severino<br><strong>Emails para contato: <\/strong><a href=\"mailto:labpn105@gmail.com\" target=\"_blank\" rel=\"noreferrer noopener\">labpn105@gmail.com<\/a> e <a href=\"mailto:vanessapasqualotto@ufg.br\" target=\"_blank\" rel=\"noreferrer noopener\">vanessapasqualotto@ufg.br<\/a><\/p>\n\n\n\n<p>Laborat\u00f3rio de Produtos Naturais Paulo Cezar Vieira<br>Universidade Federal do Esp\u00edrito Santo (UFES)<br><strong>Pesquisador Respons\u00e1vel: <\/strong>Warley de Souza Borges<br><strong>Email para contato: <\/strong><a href=\"mailto:warley.borges@ufes.br\" target=\"_blank\" rel=\"noreferrer noopener\">warley.borges@ufes.br<\/a><\/p>\n\n\n\n<p><a href=\"http:\/\/labiorg.com.br\/\" target=\"_blank\" rel=\"noreferrer noopener\">Laborat\u00f3rio de Qu\u00edmica BioOrg\u00e2nica Otto Richard Gottlieb (LabiOrg)<\/a><br>Universidade Federal de S\u00e3o Paulo (UNIFESP) &#8211; Campus Diadema<br><strong>Pesquisadores Respons\u00e1veis: <\/strong>Prof. Thiago A.M. Veiga; Profa. Patr\u00edcia Sartorelli; Profa. L\u00edvia Soman<br><strong>Email para contato: <\/strong><a href=\"mailto:tveiga@unifesp.br\" target=\"_blank\" rel=\"noreferrer noopener\">tveiga@unifesp.br<\/a><\/p>\n\n\n\n<p><a href=\"http:\/\/www.iq.usp.br\/portaliqusp\/?q=pt-br\/users\/massuo-jorge-kato\" target=\"_blank\" rel=\"noreferrer noopener\">Laborat\u00f3rio de Qu\u00edmica de Produtos Naturais<\/a><br>Instituto de Qu\u00edmica, Universidade de S\u00e3o Paulo (USP)<br><strong>Pesquisador Respons\u00e1vel:<\/strong> <a href=\"http:\/\/www.instagram.com\/massuojorgekato\/\" target=\"_blank\" rel=\"noreferrer noopener\">Massuo Jorge Kato<\/a><br><strong>Email para contato:<\/strong> <a href=\"mailto:massuojorge@gmail.com\" target=\"_blank\" rel=\"noreferrer noopener\">massuojorge@gmail.com<\/a><\/p>\n\n\n\n<p><a href=\"https:\/\/www.instagram.com\/lqpn_ufma\/\" target=\"_blank\" rel=\"noreferrer noopener\">Laborat\u00f3rio de Qu\u00edmica de Produtos Naturais (LQPN)<\/a><br>Universidade Federal do Maranh\u00e3o (UFMA)<br><strong>Pesquisadora Respons\u00e1vel:<\/strong> Prof\u00aa Dr\u00aa Cl\u00e1udia Quintino da Rocha<br><strong>Email para contato:<\/strong> <a href=\"mailto:rocha.claudia@ufma.br\">rocha.claudia@ufma.br<\/a><\/p>\n\n\n\n<p>LAPEMESP &#8211; Laborat\u00f3rio de Pesquisas do Metabolismo Especial<br>\u200bInstituto de Pesquisa de Produtos Naturais &#8211; Universidade Federal do Rio de Janeiro (UFRJ)<br>Instagram: <a href=\"https:\/\/www.instagram.com\/lapemesp_ufrj\/\">https:\/\/www.instagram.com\/lapemesp_ufrj\/<\/a><br><strong>Pesquisador Respons\u00e1vel: <\/strong>Roberto Carlos Campos Martins<br><strong>Email para contato: <\/strong><a href=\"mailto:roberto@ippn.ufrj.br\" target=\"_blank\" rel=\"noreferrer noopener\">roberto@ippn.ufrj.br<\/a><\/p>\n\n\n\n<p><a href=\"https:\/\/sites.google.com\/site\/lapnemufms\/\"><u>LAPNEM \u2013 Laborat\u00f3rio de produtos naturais e espectrometria de massas<\/u><\/a><br>Universidade Federal de Mato Grosso do Sul (UFMS)<br>Instagram: <a href=\"https:\/\/www.instagram.com\/lapnem.ufms\/\" target=\"_blank\" rel=\"noreferrer noopener\">https:\/\/www.instagram.com\/lapnem.ufms\/<\/a><br><strong>Pesquisadores Respons\u00e1veis:<\/strong> Denise Brentan da SIlva e Carlos Alexandre Carollo<br><strong>Emails para contato: <\/strong><a href=\"mailto:denise.brentan@ufms.br\" target=\"_blank\" rel=\"noreferrer noopener\">denise.brentan@ufms.br<\/a>; <a href=\"mailto:lapnem.facfan@ufms.br\" target=\"_blank\" rel=\"noreferrer noopener\">lapnem.facfan@ufms.br<\/a><\/p>\n\n\n\n<p>LQPN-UFRRJ &#8211; Laborat\u00f3rio de Qu\u00edmica de Produtos Naturais da Universidade Federal Rural do Rio de Janeiro<br>Universidade Federal Rural do Rio de Janeiro (UFRRJ)<br><strong>Pesquisador Respons\u00e1vel: <\/strong>Mario Geraldo de Carvalho<br><strong>Email para contato: <\/strong><a href=\"mailto:mariogdecarvalho@gmail.com\" target=\"_blank\" rel=\"noreferrer noopener\">mariogdecarvalho@gmail.com<\/a><\/p>\n\n\n\n<p class=\"has-small-font-size\" style=\"margin-top:0;margin-bottom:0\"><a href=\"https:\/\/gruposandjo.paginas.ufsc.br\/\" data-type=\"link\" data-id=\"https:\/\/gruposandjo.paginas.ufsc.br\/\">LQPN-UFSC: Laborat\u00f3rio de Qu\u00edmica de Produtos Naturais<\/a><br>Universidade Federal de Santa Catarina (UFSC)<br>Instagram: <a href=\"https:\/\/www.instagram.com\/lqpn_quimica_ufsc\/\">@lqpn_quimica_ufsc<\/a><br><strong>Pesquisador Respons\u00e1vel: <\/strong>Louis Pergaud Sandjo<br><strong>Email para contato: <\/strong><a href=\"mailto:p.l.sandjo@ufsc.br\">p.l.sandjo@ufsc.br<\/a><\/p>\n\n\n\n<p><strong>Website do Lab:<\/strong> <a href=\"https:\/\/gruposandjo.paginas.ufsc.br\">https:\/\/gruposandjo.paginas.ufsc.br<\/a><\/p>\n\n\n\n<p><a href=\"http:\/\/dgp.cnpq.br\/dgp\/espelhogrupo\/217922\" target=\"_blank\" rel=\"noreferrer noopener\"><u>Metabol\u00f4mica e investiga\u00e7\u00e3o de atividades biol\u00f3gicas de Produtos Naturais<\/u><\/a><br>Universidade Federal de Alfenas (UNIFAL-MG)<br>Instagram: <a href=\"https:\/\/www.instagram.com\/lfqm.unifalmg\/\" target=\"_blank\" rel=\"noreferrer noopener\">https:\/\/www.instagram.com\/lfqm.unifalmg\/<\/a><br><strong>Pesquisadoras Respons\u00e1veis: <\/strong>Marisi Gomes Soares e Daniela Aparecida Chagas de Paula<br><strong>Emails para contato: <\/strong><a href=\"mailto:marisi.soares@unifal-mg.edu.br\" target=\"_blank\" rel=\"noreferrer noopener\">marisi.soares@unifal-mg.edu.br<\/a>; <a href=\"mailto:daniela.chagas@unifal-mg.edu.br\" target=\"_blank\" rel=\"noreferrer noopener\">daniela.chagas@unifal-mg.edu.br<\/a><\/p>\n\n\n\n<p>Mol\u00e9culas Bioativas<br>Universidade Federal de Roraima (UFRR)<br><strong>Pesquisadores Respons\u00e1veis: <\/strong>Adriana Flach e Luiz Antonio Mendon\u00e7a Alves da Costa<br><strong>Emails para contato: <\/strong><a href=\"mailto:aflach@gmail.com\" target=\"_blank\" rel=\"noreferrer noopener\">aflach@gmail.com<\/a>; <a href=\"mailto:luizufrr@gmail.com\" target=\"_blank\" rel=\"noreferrer noopener\">luizufrr@gmail.com<\/a><\/p>\n\n\n\n<p><a href=\"http:\/\/zeus.qui.ufmg.br\/~neplam\/principal.htm\" target=\"_blank\" rel=\"noreferrer noopener\"><u>NEPLAM = N\u00facleo de Estudos de Plantas Medicinais<\/u><\/a><br>Universidade Federal de Minas Gerais (UFMG)<br><strong>Pesquisadores Respons\u00e1veis:<\/strong> Lucienir Pains Duarte \/ Grasiely Faria de Sousa \/ Diogo Montes Vidal<br><strong>Emails para contato: <\/strong><a href=\"mailto:lucienir@ufmg.br\" target=\"_blank\" rel=\"noreferrer noopener\">lucienir@ufmg.br<\/a> \/ <a href=\"mailto:grasiely_sousa@yahoo.com.br\" target=\"_blank\" rel=\"noreferrer noopener\">grasiely_sousa@yahoo.com.br<\/a> \/ <a href=\"mailto:diogomvidal@gmail.com\" target=\"_blank\" rel=\"noreferrer noopener\">diogomvidal@gmail.com<\/a><\/p>\n\n\n\n<p><a href=\"http:\/\/dgp.cnpq.br\/dgp\/espelhogrupo\/4876933776983617\" target=\"_blank\" rel=\"noreferrer noopener\"><u>NEQUIMA &#8211; N\u00facleo de Estudos Qu\u00edmicos de Micromol\u00e9culas da Amaz\u00f4nia<\/u><\/a><br>Universidade Federal do Amazonas (UFAM)<br><strong>Pesquisador respons\u00e1vel: <\/strong>Marcos Batista Machado e Rita de C\u00e1ssia Saraiva Nunomura<br><strong>E-mail para contato: <\/strong>marcosmachado@ufam.edu.br<\/p>\n\n\n\n<p>NPPNS, N\u00facleo de Pesquisa em Produtos Naturais e Sint\u00e9ticos<br>Faculdade de Ci\u00eancias Farmac\u00eauticas de Ribeir\u00e3o Preto (FCFRP-USP)<br><strong>Pesquisadores Respons\u00e1veis: <\/strong>Norberto P. Lopes, Paulo C. Vieira, Jo\u00e3o Luis Callegari Lopes, Dion\u00e9ia Camilo Rodrigues, Giuliano C. Clososki, Leonardo Gobbo Neto, Hosana Debonsi<\/p>\n\n\n\n<p><a href=\"http:\/\/nubbe.iq.unesp.br\" target=\"_blank\" rel=\"noreferrer noopener\">N\u00facleo de Bioensaios, Bioss\u00edntese e Ecofisiologia de Produtos Naturais &#8211; NuBBE<\/a><br>Departamento de Bioqu\u00edmica e Qu\u00edmica Org\u00e2nica &#8211; DBQO, Instituto de Qu\u00edmica da UNESP &#8211; IQ-UNESP<br><strong>Pesquisadores Respons\u00e1veis:<\/strong> Vanderlan da Silva Bolzani e Ian Castro-Gamboa<br><strong>Emails para contato:<\/strong> <a href=\"mailto:vanderlan.bolzani@unesp.br\" target=\"_blank\" rel=\"noreferrer noopener\">vanderlan.bolzani@unesp.br<\/a>; <a href=\"mailto:ian.castro@unesp.br\" target=\"_blank\" rel=\"noreferrer noopener\">ian.castro@unesp.br<\/a><\/p>\n\n\n\n<p><a href=\"http:\/\/www.neplame.univasf.edu.br\/\" target=\"_blank\" rel=\"noreferrer noopener\"><u>N\u00facleo de Estudos e Pesquisas de Plantas Medicinais (NEPLAME)<\/u><\/a><br>Universidade Federal do Vale do S\u00e3o Francisco (UNIVASF)<br>Instagram: <a href=\"https:\/\/www.instagram.com\/neplame.univasf\/\">https:\/\/www.instagram.com\/neplame.univasf\/<\/a><br><strong>Pesquisador Respons\u00e1vel: <\/strong>Prof. Dr. Jackson Roberto Guedes da Silva Almeida<br><strong>Emails para contato: <\/strong><a href=\"mailto:jackson.guedes@univasf.edu.br\" target=\"_blank\" rel=\"noreferrer noopener\">jackson.guedes@univasf.edu.br<\/a> \/ <a href=\"mailto:neplame@univasf.edu.br\" target=\"_blank\" rel=\"noreferrer noopener\">neplame@univasf.edu.br<\/a><\/p>\n\n\n\n<p><a href=\"http:\/\/www.iq.ufu.br\/unidades\/grupo-de-pesquisa\/nucleo-de-pesquisa-em-produtos-naturais-nuppen\" target=\"_blank\" rel=\"noreferrer noopener\"><u>N\u00facleo de Pesquisa em Produtos Naturais<\/u><\/a><br>Instituto de Qu\u00edmica &#8211; Universidade Federal de Uberl\u00e2ndia (UFU)<br><strong>Pesquisador Respons\u00e1vel: <\/strong>Alberto de Oliveira<br><strong>Emails para contato: <\/strong><a href=\"mailto:alberto@ufu.br\" target=\"_blank\" rel=\"noreferrer noopener\">alberto@ufu.br<\/a>; <a href=\"mailto:rsousa@ufu.br\" target=\"_blank\" rel=\"noreferrer noopener\">rsousa@ufu.br<\/a><\/p>\n\n\n\n<p>Nu\u0301cleo de pesquisa de atividades biolo\u0301gicas de produtos naturais e sinte\u0301ticos<br>Universidade Federal do Espirito Santo (UFES)<br><strong>Pesquisador Respons\u00e1vel: <\/strong>Rodrigo Rezende Kitagawa<br><strong>Email para contato: <\/strong><a href=\"mailto:rodkitagawa@hotmail.com\" target=\"_blank\" rel=\"noreferrer noopener\">rodkitagawa@hotmail.com<\/a><\/p>\n\n\n\n<p><a href=\"http:\/\/dgp.cnpq.br\/dgp\/espelhogrupo\/6064790257887539\" target=\"_blank\" rel=\"noreferrer noopener\"><u>PAdAP Plantas Arom\u00e1ticas da Amaz\u00f4nia Paraense<\/u><\/a><br>Universidade do Estado do Par\u00e1 (UEPA)<br>Instagram: <a href=\"https:\/\/www.instagram.com\/grupopadap\">https:\/\/www.instagram.com\/grupopadap<\/a><br><strong>Pesquisador Respons\u00e1vel:<\/strong> Pablo Luis Baia Figueiredo<br><strong>Email para contato:<\/strong> <a href=\"mailto:pablo.figueiredo@uepa.br\">pablo.figueiredo@uepa.br<\/a><\/p>\n\n\n\n<p><a href=\"http:\/\/dgp.cnpq.br\/dgp\/espelhogrupo\/593407\" target=\"_blank\" rel=\"noreferrer noopener\">Produtos Bioativos<\/a><br>Universidade Federal do Rio de Janeiro (UFRJ)<br><strong>Pesquisadoras Respons\u00e1veis:<\/strong>Michelle Fraz\u00e3o Muzitano e Denise Oliveira Guimar\u00e3es<br><strong>Email para contato: <\/strong><a href=\"mailto:mfmuzitano@gmail.com\" target=\"_blank\" rel=\"noreferrer noopener\">mfmuzitano@gmail.com<\/a><\/p>\n\n\n\n<p><a href=\"http:\/\/dgp.cnpq.br\/dgp\/espelhorh\/5830956633939775\" target=\"_blank\" rel=\"noreferrer noopener\"><u>Produtos Naturais Bioativos<\/u><\/a><br>Universidade Estadual de Campinas (UNICAMP)<br>Instagram: <a href=\"https:\/\/www.instagram.com\/laftex.unicamp\/\">https:\/\/www.instagram.com\/laftex.unicamp\/<\/a><br><strong>Pesquisadora Respons\u00e1vel:<\/strong> Mary Ann Foglio<br><strong>Email para contato:<\/strong> <a href=\"mailto:foglioma@unicamp.br\" target=\"_blank\" rel=\"noreferrer noopener\">foglioma@unicamp.br<\/a><\/p>\n\n\n\n<p>Produtos Naturais e Sint\u00e9ticos Bioativos<br>Universidade Federal da Paraiba (UFPB)<br><strong>Pesquisador Respons\u00e1vel: <\/strong>Jos\u00e9 Maria Barbosa Filho<br><strong>Email para contato: <\/strong><a href=\"mailto:barbosa.ufpb@gmail.com\" target=\"_blank\" rel=\"noreferrer noopener\">barbosa.ufpb@gmail.com<\/a><\/p>\n\n\n\n<p><a href=\"http:\/\/labiorg.com.br\/\" target=\"_blank\" rel=\"noreferrer noopener\">Quimica Bioorg\u00e2nica e Produtos Naturais Bioativos<\/a><br>Universidade Federal do ABC (UFABC)<br><strong>Pesquisador Respons\u00e1vel:<\/strong> Joao Henrique Ghilardi Lago<br><strong>Email para contato:<\/strong> <a href=\"mailto:joao.lago@ufabc.edu.br\" target=\"_blank\" rel=\"noreferrer noopener\">joao.lago@ufabc.edu.br<\/a><\/p>\n\n\n\n<p><a href=\"http:\/\/dgp.cnpq.br\/dgp\/espelhogrupo\/19922\"><u>Qu\u00edmica de Produtos Naturais<\/u><\/a><br>Universidade Federal do Piau\u00ed (UFPI)<br>Instagram: <a href=\"https:\/\/www.instagram.com\/lpn.ufpi\/\">https:\/\/www.instagram.com\/lpn.ufpi\/<\/a><br><strong>Pesquisadora Respons\u00e1vel:<\/strong> Mariana Helena Chaves<br><strong>Email para contato:<\/strong> <a href=\"mailto:mariana@ufpi.edu.br\" target=\"_blank\" rel=\"noreferrer noopener\">mariana@ufpi.edu.br<\/a><\/p>\n\n\n\n<p>Qu\u00edmica de Produtos Naturais do Sul da Bahia<br>Universidade Estadual de Santa Cruz (UESC)<br><strong>Pesquisadores Respons\u00e1veis:<\/strong> Rosilene Aparecida de Oliveira \/ Fernando Faustino de Oliveira<br><strong>Emails para contato: <\/strong><a href=\"mailto:rosilene@uesc.br\" target=\"_blank\" rel=\"noreferrer noopener\">rosilene@uesc.br<\/a> \/ <a href=\"mailto:faustino@uesc.br\" target=\"_blank\" rel=\"noreferrer noopener\">faustino@uesc.br<\/a><\/p>\n\n\n\n<p>Qu\u00edmica de Produtos Naturais e Biomol\u00e9culas<br>Universidade Federal de Catal\u00e3o (UFCAT)<br><strong>Pesquisadoras Respons\u00e1veis:<\/strong> Richele Priscila Severino \/ Lorena Ramos Freitas de Sousa<br><strong>Emails para contato: <\/strong><a href=\"mailto:richeleps@yahoo.com.br\" target=\"_blank\" rel=\"noreferrer noopener\">richeleps@yahoo.com.br<\/a> \/ <a href=\"mailto:richeleps@ufcat.edu.br\" target=\"_blank\" rel=\"noreferrer noopener\">richeleps@ufcat.edu.br<\/a><\/p>\n\n\n\n<p><a href=\"https:\/\/qosbioiqsc.blog\/\" target=\"_blank\" rel=\"noreferrer noopener\">Qu\u00edmica Org\u00e2nica de Sistemas Biol\u00f3gicos<\/a><br>Instituto de Qu\u00edmica de S\u00e3o Carlos, Universidade de S\u00e3o Paulo (USP)<br><strong>Pesquisador Respons\u00e1vel: <\/strong>Prof. Roberto G. S. Berlinck<br><strong>Email para contato: <\/strong><a href=\"mailto:rgsberlinck@iqsc.usp.br\" target=\"_blank\" rel=\"noreferrer noopener\">rgsberlinck@iqsc.usp.br<\/a><\/p>\n\n\n\n<p><a href=\"http:\/\/dgp.cnpq.br\/dgp\/espelhogrupo\/4880635931634633\" target=\"_blank\" rel=\"noreferrer noopener\">Sociedade-Natureza: Bioprospec\u00e7\u00e3o, biotecnologias vegetal e f\u00fangica e din\u00e2micas econ\u00f4micas e sociais<\/a><br>Instituto Nacional de Pesquisas da Amaz\u00f4nia &#8211; INPA<br><strong>Pesquisadora Respons\u00e1vel: <\/strong>Cecilia Veronica Nunez<br><strong>Emails para contato: <\/strong><a href=\"mailto:cecilia@inpa.gov.br\" target=\"_blank\" rel=\"noreferrer noopener\">cecilia@inpa.gov.br<\/a>; <a href=\"mailto:cvnunez@gmail.com\" target=\"_blank\" rel=\"noreferrer noopener\">cvnunez@gmail.com<\/a><\/p>\n","protected":false},"excerpt":{"rendered":"<p>Nesse espa\u00e7o reunimos as informa\u00e7\u00f5es sobre os grupos de pesquisa que atuam na \u00e1rea de Qu\u00edmica de Produtos Naturais no Brasil. Se voc\u00ea lidera ou faz parte de algum grupo de pesquisa que n\u00e3o est\u00e1 listado abaixo, envie os dados do seu grupo para o nosso email (dpn.sbq@gmail.com). Bioprospec\u00e7\u00e3o e Inova\u00e7\u00e3o Tecnol\u00f3gica de Produtos Naturais [&hellip;]<\/p>\n","protected":false},"author":1,"featured_media":0,"parent":0,"menu_order":0,"comment_status":"closed","ping_status":"closed","template":"","meta":{"footnotes":""},"_links":{"self":[{"href":"https:\/\/www.sbq.org.br\/produtos\/wp-json\/wp\/v2\/pages\/55"}],"collection":[{"href":"https:\/\/www.sbq.org.br\/produtos\/wp-json\/wp\/v2\/pages"}],"about":[{"href":"https:\/\/www.sbq.org.br\/produtos\/wp-json\/wp\/v2\/types\/page"}],"author":[{"embeddable":true,"href":"https:\/\/www.sbq.org.br\/produtos\/wp-json\/wp\/v2\/users\/1"}],"replies":[{"embeddable":true,"href":"https:\/\/www.sbq.org.br\/produtos\/wp-json\/wp\/v2\/comments?post=55"}],"version-history":[{"count":7,"href":"https:\/\/www.sbq.org.br\/produtos\/wp-json\/wp\/v2\/pages\/55\/revisions"}],"predecessor-version":[{"id":321,"href":"https:\/\/www.sbq.org.br\/produtos\/wp-json\/wp\/v2\/pages\/55\/revisions\/321"}],"wp:attachment":[{"href":"https:\/\/www.sbq.org.br\/produtos\/wp-json\/wp\/v2\/media?parent=55"}],"curies":[{"name":"wp","href":"https:\/\/api.w.org\/{rel}","templated":true}]}}