{"id":49,"date":"2022-07-07T18:56:29","date_gmt":"2022-07-07T21:56:29","guid":{"rendered":"https:\/\/www.sbq.org.br\/divisao_produtos\/sobre-a-divisao\/"},"modified":"2024-10-21T15:15:47","modified_gmt":"2024-10-21T18:15:47","slug":"sobre-a-divisao","status":"publish","type":"page","link":"https:\/\/www.sbq.org.br\/produtos\/sobre-a-divisao\/","title":{"rendered":"Sobre a Divis\u00e3o"},"content":{"rendered":"\n<p>A enorme diversidade estrutural das mol\u00e9culas produzidas por organismos vivos tem fascinado a humanidade por s\u00e9culos, e reflete a riqueza da biodiversidade e das intera\u00e7\u00f5es desses organismos entre si e com o seu ambiente. Nesse sentido, a Qu\u00edmica de Produtos Naturais (QPN) estuda os compostos, em especial metab\u00f3litos secund\u00e1rios ou metab\u00f3litos especializados, produzidos por plantas, animais, fungos, bact\u00e9rias, e outros microrganismos. Seu enfoque engloba a extra\u00e7\u00e3o, isolamento e elucida\u00e7\u00e3o estrutural desses metab\u00f3litos, al\u00e9m da sua origem biossint\u00e9tica, atividades biol\u00f3gicas, fun\u00e7\u00f5es ecol\u00f3gicas e aplica\u00e7\u00f5es tecnol\u00f3gicas. A \u00e1rea de QPN \u00e9 altamente interdisciplinar e envolve a Qu\u00edmica Org\u00e2nica, a Bioqu\u00edmica, a Qu\u00edmica Anal\u00edtica, a Ecologia, e a Biologia Molecular. A caracteriza\u00e7\u00e3o de mol\u00e9culas de origem natural e dos processos envolvidos no seu metabolismo e bioqu\u00edmica continuam sendo uma importante fonte de inspira\u00e7\u00e3o para aplica\u00e7\u00f5es na qu\u00edmica medicinal, biotecnologia e agroqu\u00edmica.<\/p>\n\n\n\n<p>Com o objetivo de fortalecer cada vez mais a \u00e1rea de QPN no Brasil, a Divis\u00e3o de Produtos Naturais da&nbsp; Sociedade Brasileira de Qu\u00edmica (SBQ) busca promover a constante intera\u00e7\u00e3o e coopera\u00e7\u00e3o entre os pesquisadores. Para isso, tem-se este site, o <a href=\"http:\/\/www.youtube.com\/c\/Divis%C3%A3odeProdutosNaturaisSBQ\/\" target=\"_blank\" rel=\"noreferrer noopener\">canal do YouTube<\/a>&nbsp;e as redes sociais (<a href=\"http:\/\/www.facebook.com\/PN.SBQ\/\" target=\"_blank\" rel=\"noreferrer noopener\">Facebook <\/a>e <a href=\"http:\/\/www.instagram.com\/dpn.sbq\/\" target=\"_blank\" rel=\"noreferrer noopener\">Instagram<\/a>), onde voc\u00ea poder\u00e1 encontrar diferentes assuntos relevantes a esta \u00e1rea, tais como not\u00edcias, eventos cient\u00edficos, links dos grupos de pesquisa de PN no Brasil, e informa\u00e7\u00f5es sobre a atua\u00e7\u00e3o da nossa divis\u00e3o no contexto da SBQ.<\/p>\n\n\n\n<p>Agradecemos a sua visita aqui! Sua participa\u00e7\u00e3o \u00e9 fundamental nesse processo.<\/p>\n\n\n\n<p><\/p>\n\n\n\n<p><u>Gest\u00e3o 2024-2026:<\/u><\/p>\n\n\n\n<p><strong>Diretor:<\/strong> Hector Henrique Ferreira Koolen (UEA)<\/p>\n\n\n\n<p><strong>Vice-diretor: <\/strong>Lucas Silva Abreu (UFF)<\/p>\n\n\n\n<p><strong>Tesoureira:<\/strong> L\u00facia Pinheiro S. Pimenta&nbsp;(UFMG)<\/p>\n\n\n\n<p><u>Gest\u00e3o 2022-2024:<\/u><\/p>\n\n\n\n<p><strong>Diretora:<\/strong> Vanessa Gisele Pasqualotto Severino (UFG)<\/p>\n\n\n\n<p><strong>Vice-diretora:<\/strong> L\u00facia Pinheiro Santos Pimenta (UFMG)<\/p>\n\n\n\n<p><strong>Tesoureiro:<\/strong> Felipe Christoff Wouters (UFSCar)<\/p>\n\n\n\n<p><u>Gest\u00e3o 2020-2022:<\/u><\/p>\n\n\n\n<p><strong>Diretor:<\/strong> Warley de Souza Borges (UFES)<\/p>\n\n\n\n<p><strong>Vice-diretor:<\/strong> Thiago Andre Moura Veiga (UNIFESP-Diadema)<\/p>\n\n\n\n<p><strong>Tesoureira:<\/strong> Vanessa Gisele Pasqualotto Severino (UFG)<\/p>\n\n\n\n<p><u>Gest\u00e3o 2018-2020:<\/u><\/p>\n\n\n\n<p><strong>Diretora:<\/strong> Maria F\u00e1tima das Gra\u00e7as Fernandes da Silva (UFSCar)<\/p>\n\n\n\n<p><strong>Vice-diretora:<\/strong> Maysa Furlan (UNESP)<\/p>\n\n\n\n<p><strong>Tesoureiro:<\/strong> Emmanoel Vila\u00e7a Costa (UFS)<\/p>\n\n\n\n<p><u>Gest\u00e3o 2016-2018:<\/u><\/p>\n\n\n\n<p><strong>Diretor:<\/strong> Roberto Gomes de Souza Berlinck (USP)<\/p>\n\n\n\n<p><strong>Vice-diretor:<\/strong> Warley de Souza Borges (UFES)<\/p>\n\n\n\n<p><strong>Tesoureiro:<\/strong> Marcus Tullius Scotti (UFPB)<\/p>\n\n\n\n<p><u>Gest\u00e3o 2014-2016:<\/u><\/p>\n\n\n\n<p><strong>Diretor:<\/strong> Jo\u00e3o Henrique Ghilardi Lago (UNIFESP)<\/p>\n\n\n\n<p><strong>Vice-diretor:<\/strong> Luciano de Moraes Li\u00e3o (UFG)<\/p>\n\n\n\n<p><strong>Tesoureira:<\/strong> Raquel Brandt Giordani (UFRN)<\/p>\n\n\n\n<p><u>Gest\u00e3o 2012-2014:<\/u><\/p>\n\n\n\n<p><strong>Diretora:<\/strong> Dulce Helena Siqueira Silva (UNESP)<\/p>\n\n\n\n<p><strong>Vice-diretora:<\/strong> Maria Goretti de Vasconcelos Silva (UFC)<\/p>\n\n\n\n<p><strong>Tesoureiro:<\/strong> Valdir Flor\u00eancio da Veiga Junior (UFAM)<\/p>\n\n\n\n<p><u>Gest\u00e3o 2010-2012:<\/u><\/p>\n\n\n\n<p><strong>Diretor:<\/strong> Fernando Batista da Costa (USP)<\/p>\n\n\n\n<p><strong>Vice-diretora:<\/strong> Dulce Helena Siqueira Silva (UNESP)<\/p>\n\n\n\n<p><strong>Tesoureiro:<\/strong> Carlos Alexandre Carollo (UFMS)<\/p>\n\n\n\n<p><u>Gest\u00e3o 2008-2010:<\/u><\/p>\n\n\n\n<p><strong>Diretora:<\/strong> Maria da Concei\u00e7\u00e3o Ferreira de Oliveira (UFC)<\/p>\n\n\n\n<p><strong>Vice-diretora:<\/strong> Maysa Furlan (UNESP)<\/p>\n\n\n\n<p><strong>Tesoureiro:<\/strong> Fernando Batista da Costa (USP)<\/p>\n\n\n\n<p><u>Gest\u00e3o 2006-2008:<\/u><\/p>\n\n\n\n<p><strong>Diretora:<\/strong> Maria F\u00e1tima das Gra\u00e7as Fernandes da Silva (UFSCAR)<\/p>\n\n\n\n<p><strong>Vice-diretor:<\/strong> Dirceu Martins (UFBA)<\/p>\n\n\n\n<p><strong>Tesoureiro:<\/strong> Massuo Kato (USP)<\/p>\n\n\n\n<p><u>Gest\u00e3o 2004-2006:<\/u><\/p>\n\n\n\n<p><strong>Diretor:<\/strong> Dirceu Martins (UFBA)<\/p>\n\n\n\n<p><strong>Vice-diretora:<\/strong> Maria F\u00e1tima das Gra\u00e7as Fernandes da Silva (UFSCAR)<\/p>\n\n\n\n<p><strong>Tesoureiro:<\/strong> Fernanda Garcez (UFMS)<\/p>\n\n\n\n<p><u>Gest\u00e3o 2002-2004:<\/u><\/p>\n\n\n\n<p><strong>Diretor:<\/strong> Massuo Kato (USP)<\/p>\n\n\n\n<p><strong>Vice-diretor:<\/strong> Norberto Peporine Lopes (USP)<\/p>\n\n\n\n<p><strong>Tesoureiro:<\/strong> Dirceu Martins (UFBA)<\/p>\n\n\n\n<p><u>Gest\u00e3o 2000-2002:<\/u><\/p>\n\n\n\n<p><strong>Diretor:<\/strong> Frederico Guare Cruz (UFBA)<\/p>\n\n\n\n<p><strong>Vice-diretor:<\/strong> Massuo Kato (USP)<\/p>\n\n\n\n<p><strong>Tesoureiro:<\/strong> Norberto Peporine Lopes (USP)<\/p>\n\n\n\n<p><u>Gest\u00e3o 1998-2000:<\/u><\/p>\n\n\n\n<p><strong>Diretor:<\/strong> Vanderlan Bolzani (UNESP)<\/p>\n\n\n\n<p><strong>Vice-diretor:<\/strong> Edilberto Silveira (UFC)<\/p>\n\n\n\n<p><strong>Tesoureiro:<\/strong> Norberto Peporine Lopes (USP)<\/p>\n\n\n\n<p><u>Gest\u00e3o 1996-1998:<\/u><\/p>\n\n\n\n<p><strong>Diretor:<\/strong> Paulo Cezar Vieira (UFSCAR)<\/p>\n\n\n\n<p><strong>Vice-diretora:<\/strong> Nidia Franca Roque (USP)<\/p>\n\n\n\n<p><strong>Tesoureiro:<\/strong> Jo\u00e3o Batista Fernandes (UFSCAR)<\/p>\n\n\n\n<p><u>Gest\u00e3o 1994-1996:<\/u><\/p>\n\n\n\n<p><strong>Diretora:<\/strong> Nidia Franca Roque (USP)<\/p>\n\n\n\n<p><strong>Vice-diretor:<\/strong> Jo\u00e3o Batista Fernandes (UFSCAR)<\/p>\n\n\n\n<p><strong>Tesoureiro:<\/strong> Paulo Cezar Vieira (UFSCAR)<\/p>\n\n\n\n<p><\/p>\n","protected":false},"excerpt":{"rendered":"<p>A enorme diversidade estrutural das mol\u00e9culas produzidas por organismos vivos tem fascinado a humanidade por s\u00e9culos, e reflete a riqueza da biodiversidade e das intera\u00e7\u00f5es desses organismos entre si e com o seu ambiente. Nesse sentido, a Qu\u00edmica de Produtos Naturais (QPN) estuda os compostos, em especial metab\u00f3litos secund\u00e1rios ou metab\u00f3litos especializados, produzidos por plantas, [&hellip;]<\/p>\n","protected":false},"author":1,"featured_media":0,"parent":0,"menu_order":0,"comment_status":"closed","ping_status":"closed","template":"institucional","meta":{"footnotes":""},"_links":{"self":[{"href":"https:\/\/www.sbq.org.br\/produtos\/wp-json\/wp\/v2\/pages\/49"}],"collection":[{"href":"https:\/\/www.sbq.org.br\/produtos\/wp-json\/wp\/v2\/pages"}],"about":[{"href":"https:\/\/www.sbq.org.br\/produtos\/wp-json\/wp\/v2\/types\/page"}],"author":[{"embeddable":true,"href":"https:\/\/www.sbq.org.br\/produtos\/wp-json\/wp\/v2\/users\/1"}],"replies":[{"embeddable":true,"href":"https:\/\/www.sbq.org.br\/produtos\/wp-json\/wp\/v2\/comments?post=49"}],"version-history":[{"count":6,"href":"https:\/\/www.sbq.org.br\/produtos\/wp-json\/wp\/v2\/pages\/49\/revisions"}],"predecessor-version":[{"id":301,"href":"https:\/\/www.sbq.org.br\/produtos\/wp-json\/wp\/v2\/pages\/49\/revisions\/301"}],"wp:attachment":[{"href":"https:\/\/www.sbq.org.br\/produtos\/wp-json\/wp\/v2\/media?parent=49"}],"curies":[{"name":"wp","href":"https:\/\/api.w.org\/{rel}","templated":true}]}}