{"id":213,"date":"2024-05-14T12:17:41","date_gmt":"2024-05-14T15:17:41","guid":{"rendered":"https:\/\/hub.aptor.software\/wordpress\/produtos\/?page_id=213"},"modified":"2024-05-14T12:33:27","modified_gmt":"2024-05-14T15:33:27","slug":"atas","status":"publish","type":"page","link":"https:\/\/www.sbq.org.br\/produtos\/atas\/","title":{"rendered":"Atas"},"content":{"rendered":"\n<section id=\"g45e850\" class=\"wp-block-gutentor-p4 section-g45e850 gutentor-post-module gutentor-advanced-post-module\" data-gpid=\"213\" data-l-ani=\"gp4-animation-1\" data-i-b=\"gutentor\/p1\" data-maxnumpages=\"4\">\n\n<section class=\"gutentor-post-module section-5a06cfeb-34e6-4b0d-83de-5119bf6468e1 gutentor-post-module-p1 gutentor_p1_template1 wp-block-gutentor-p1 gutentor-blog-list\" id=\"5a06cfeb-34e6-4b0d-83de-5119bf6468e1\" data-gbid=\"5a06cfeb-34e6-4b0d-83de-5119bf6468e1\" >\n<div class='grid-container'><div class='grid-row' ><article class='gutentor-post gutentor-post-no-thumb'><div class='gutentor-post-item'><div class=\"gutentor-post-content\"><div class=\"gutentor-post-title-data-wrap\"><h3 class=\"gutentor-post-title\"><a href=\"https:\/\/www.sbq.org.br\/produtos\/ata-da-assembleia-da-divisao-de-produtos-naturais-da-46a-reuniao-anual-da-sociedade-brasileira-de-quimica\/\" rel=\"bookmark\">ATA DA ASSEMBL\u00c9IA DA DIVIS\u00c3O DE PRODUTOS NATURAIS DA 46\u00aa. REUNI\u00c3O ANUAL DA SOCIEDADE BRASILEIRA\u00a0DE\u00a0QU\u00cdMICA<\/a><\/h3><\/div><div class=\"gutentor-entry-meta gutentor-entry-meta-primary\"><div class=\"author vcard\"><i class=\"far fa-user\"><\/i><a href=\"https:\/\/www.sbq.org.br\/produtos\/ata-da-assembleia-da-divisao-de-produtos-naturais-da-46a-reuniao-anual-da-sociedade-brasileira-de-quimica\/\" rel=\"bookmark\">adm_produtos<\/a><\/div><div class=\"posted-on\"><i class=\"far fa-calendar-alt\"><\/i><a href=\"https:\/\/www.sbq.org.br\/produtos\/ata-da-assembleia-da-divisao-de-produtos-naturais-da-46a-reuniao-anual-da-sociedade-brasileira-de-quimica\/\" rel=\"bookmark\">10 de outubro de 2024<\/a><\/div><div class=\"gutentor-meta-categories\"><i class=\"fas fa-tags\"><\/i><a href=\"https:\/\/www.sbq.org.br\/produtos\/category\/relatorio\/\" rel=\"category tag\">relatorio<\/a><\/div><\/div><div class=\"gutentor-post-desc\">ATA DA ASSEMBL\u00c9IA DA DIVIS\u00c3O DE PRODUTOS NATURAIS DA 46\u00aa. REUNI\u00c3O ANUAL DA SOCIEDADE BRASILEIRA\u00a0DE\u00a0Q&hellip;<\/div><a class=\"gutentor-button gutentor-post-button\"  href=\"https:\/\/www.sbq.org.br\/produtos\/ata-da-assembleia-da-divisao-de-produtos-naturais-da-46a-reuniao-anual-da-sociedade-brasileira-de-quimica\/\" href=\"https:\/\/www.sbq.org.br\/produtos\/ata-da-assembleia-da-divisao-de-produtos-naturais-da-46a-reuniao-anual-da-sociedade-brasileira-de-quimica\/\"><span>Read More<\/span><\/a><\/div><\/div><\/article><article class='gutentor-post gutentor-post-no-thumb'><div class='gutentor-post-item'><div class=\"gutentor-post-content\"><div class=\"gutentor-post-title-data-wrap\"><h3 class=\"gutentor-post-title\"><a href=\"https:\/\/www.sbq.org.br\/produtos\/ata-da-assembleia-da-divisao-de-produtos-naturais-da-45a-reuniao-anual-da-sociedade-brasileira-de-quimica\/\" rel=\"bookmark\">ATA DA ASSEMBL\u00c9IA DA DIVIS\u00c3O DE PRODUTOS NATURAIS DA 45\u00aa. REUNI\u00c3O ANUAL DA SOCIEDADE BRASILEIRA DE QU\u00cdMICA<\/a><\/h3><\/div><div class=\"gutentor-entry-meta gutentor-entry-meta-primary\"><div class=\"author vcard\"><i class=\"far fa-user\"><\/i><a href=\"https:\/\/www.sbq.org.br\/produtos\/ata-da-assembleia-da-divisao-de-produtos-naturais-da-45a-reuniao-anual-da-sociedade-brasileira-de-quimica\/\" rel=\"bookmark\">adm_produtos<\/a><\/div><div class=\"posted-on\"><i class=\"far fa-calendar-alt\"><\/i><a href=\"https:\/\/www.sbq.org.br\/produtos\/ata-da-assembleia-da-divisao-de-produtos-naturais-da-45a-reuniao-anual-da-sociedade-brasileira-de-quimica\/\" rel=\"bookmark\">10 de outubro de 2024<\/a><\/div><div class=\"gutentor-meta-categories\"><i class=\"fas fa-tags\"><\/i><a href=\"https:\/\/www.sbq.org.br\/produtos\/category\/relatorio\/\" rel=\"category tag\">relatorio<\/a><\/div><\/div><div class=\"gutentor-post-desc\">ATA DA ASSEMBL\u00c9IA DA DIVIS\u00c3O DE PRODUTOS NATURAIS DA 45\u00aa. REUNI\u00c3O ANUAL DA SOCIEDADE BRASILEIRA DE Q&hellip;<\/div><a class=\"gutentor-button gutentor-post-button\"  href=\"https:\/\/www.sbq.org.br\/produtos\/ata-da-assembleia-da-divisao-de-produtos-naturais-da-45a-reuniao-anual-da-sociedade-brasileira-de-quimica\/\" href=\"https:\/\/www.sbq.org.br\/produtos\/ata-da-assembleia-da-divisao-de-produtos-naturais-da-45a-reuniao-anual-da-sociedade-brasileira-de-quimica\/\"><span>Read More<\/span><\/a><\/div><\/div><\/article><article class='gutentor-post gutentor-post-no-thumb'><div class='gutentor-post-item'><div class=\"gutentor-post-content\"><div class=\"gutentor-post-title-data-wrap\"><h3 class=\"gutentor-post-title\"><a href=\"https:\/\/www.sbq.org.br\/produtos\/ata-da-assembleia-da-divisao-de-produtos-naturais-da-41a-reuniao-anual-da-sociedade-brasileira-de-quimica\/\" rel=\"bookmark\">ATA DA ASSEMBL\u00c9IA DA DIVIS\u00c3O DE PRODUTOS NATURAIS DA 41\u00aa. REUNI\u00c3O ANUAL DA SOCIEDADE BRASILEIRA DE QU\u00cdMICA<\/a><\/h3><\/div><div class=\"gutentor-entry-meta gutentor-entry-meta-primary\"><div class=\"author vcard\"><i class=\"far fa-user\"><\/i><a href=\"https:\/\/www.sbq.org.br\/produtos\/ata-da-assembleia-da-divisao-de-produtos-naturais-da-41a-reuniao-anual-da-sociedade-brasileira-de-quimica\/\" rel=\"bookmark\">suporte<\/a><\/div><div class=\"posted-on\"><i class=\"far fa-calendar-alt\"><\/i><a href=\"https:\/\/www.sbq.org.br\/produtos\/ata-da-assembleia-da-divisao-de-produtos-naturais-da-41a-reuniao-anual-da-sociedade-brasileira-de-quimica\/\" rel=\"bookmark\">21 de junho de 2018<\/a><\/div><div class=\"gutentor-meta-categories\"><i class=\"fas fa-tags\"><\/i><a href=\"https:\/\/www.sbq.org.br\/produtos\/category\/relatorio\/\" rel=\"category tag\">relatorio<\/a><\/div><\/div><div class=\"gutentor-post-desc\">ATA DA ASSEMBL\u00c9IA DA DIVIS\u00c3O DE PRODUTOS NATURAIS DA 41&ordf;. REUNI\u00c3O ANUAL DA SOCIEDADE BRASILEIRA&hellip;<\/div><a class=\"gutentor-button gutentor-post-button\"  href=\"https:\/\/www.sbq.org.br\/produtos\/ata-da-assembleia-da-divisao-de-produtos-naturais-da-41a-reuniao-anual-da-sociedade-brasileira-de-quimica\/\" href=\"https:\/\/www.sbq.org.br\/produtos\/ata-da-assembleia-da-divisao-de-produtos-naturais-da-41a-reuniao-anual-da-sociedade-brasileira-de-quimica\/\"><span>Read More<\/span><\/a><\/div><\/div><\/article><article class='gutentor-post gutentor-post-no-thumb'><div class='gutentor-post-item'><div class=\"gutentor-post-content\"><div class=\"gutentor-post-title-data-wrap\"><h3 class=\"gutentor-post-title\"><a href=\"https:\/\/www.sbq.org.br\/produtos\/ata-da-assembleia-da-divisao-de-produtos-naturais-da-39a-reuniao-anual-da-sociedade-brasileira-de-quimica\/\" rel=\"bookmark\">ATA DA ASSEMBLEIA DA DIVIS\u00c3O DE PRODUTOS NATURAIS DA 39\u00aa REUNI\u00c3O ANUAL DA SOCIEDADE BRASILEIRA DE QU\u00cdMICA<\/a><\/h3><\/div><div class=\"gutentor-entry-meta gutentor-entry-meta-primary\"><div class=\"author vcard\"><i class=\"far fa-user\"><\/i><a href=\"https:\/\/www.sbq.org.br\/produtos\/ata-da-assembleia-da-divisao-de-produtos-naturais-da-39a-reuniao-anual-da-sociedade-brasileira-de-quimica\/\" rel=\"bookmark\">suporte<\/a><\/div><div class=\"posted-on\"><i class=\"far fa-calendar-alt\"><\/i><a href=\"https:\/\/www.sbq.org.br\/produtos\/ata-da-assembleia-da-divisao-de-produtos-naturais-da-39a-reuniao-anual-da-sociedade-brasileira-de-quimica\/\" rel=\"bookmark\">21 de junho de 2018<\/a><\/div><div class=\"gutentor-meta-categories\"><i class=\"fas fa-tags\"><\/i><a href=\"https:\/\/www.sbq.org.br\/produtos\/category\/relatorio\/\" rel=\"category tag\">relatorio<\/a><\/div><\/div><div class=\"gutentor-post-desc\">ATA DA ASSEMBLEIA DA DIVIS\u00c3O DE PRODUTOS NATURAIS DA 39&ordf; REUNI\u00c3O ANUAL DA SOCIEDADE BRASILEIRA &hellip;<\/div><a class=\"gutentor-button gutentor-post-button\"  href=\"https:\/\/www.sbq.org.br\/produtos\/ata-da-assembleia-da-divisao-de-produtos-naturais-da-39a-reuniao-anual-da-sociedade-brasileira-de-quimica\/\" href=\"https:\/\/www.sbq.org.br\/produtos\/ata-da-assembleia-da-divisao-de-produtos-naturais-da-39a-reuniao-anual-da-sociedade-brasileira-de-quimica\/\"><span>Read More<\/span><\/a><\/div><\/div><\/article><article class='gutentor-post gutentor-post-no-thumb'><div class='gutentor-post-item'><div class=\"gutentor-post-content\"><div class=\"gutentor-post-title-data-wrap\"><h3 class=\"gutentor-post-title\"><a href=\"https:\/\/www.sbq.org.br\/produtos\/ata-da-assembleia-da-divisao-de-produtos-naturais-da-38a-reuniao-anual-da-sociedade-brasileira-de-quimica\/\" rel=\"bookmark\">ATA DA ASSEMBL\u00c9IA DA DIVIS\u00c3O DE PRODUTOS NATURAIS DA 38\u00aa. REUNI\u00c3O ANUAL DA SOCIEDADE BRASILEIRA DE QU\u00cdMICA<\/a><\/h3><\/div><div class=\"gutentor-entry-meta gutentor-entry-meta-primary\"><div class=\"author vcard\"><i class=\"far fa-user\"><\/i><a href=\"https:\/\/www.sbq.org.br\/produtos\/ata-da-assembleia-da-divisao-de-produtos-naturais-da-38a-reuniao-anual-da-sociedade-brasileira-de-quimica\/\" rel=\"bookmark\">adm_produtos<\/a><\/div><div class=\"posted-on\"><i class=\"far fa-calendar-alt\"><\/i><a href=\"https:\/\/www.sbq.org.br\/produtos\/ata-da-assembleia-da-divisao-de-produtos-naturais-da-38a-reuniao-anual-da-sociedade-brasileira-de-quimica\/\" rel=\"bookmark\">20 de junho de 2018<\/a><\/div><div class=\"gutentor-meta-categories\"><i class=\"fas fa-tags\"><\/i><a href=\"https:\/\/www.sbq.org.br\/produtos\/category\/relatorio\/\" rel=\"category tag\">relatorio<\/a><\/div><\/div><div class=\"gutentor-post-desc\">ATA DA ASSEMBL\u00c9IA DA DIVIS\u00c3O DE PRODUTOS NATURAIS DA 38\u00aa. REUNI\u00c3O ANUAL DA SOCIEDADE BRASILEIRA DE Q&hellip;<\/div><a class=\"gutentor-button gutentor-post-button\"  href=\"https:\/\/www.sbq.org.br\/produtos\/ata-da-assembleia-da-divisao-de-produtos-naturais-da-38a-reuniao-anual-da-sociedade-brasileira-de-quimica\/\" href=\"https:\/\/www.sbq.org.br\/produtos\/ata-da-assembleia-da-divisao-de-produtos-naturais-da-38a-reuniao-anual-da-sociedade-brasileira-de-quimica\/\"><span>Read More<\/span><\/a><\/div><\/div><\/article><article class='gutentor-post gutentor-post-no-thumb'><div class='gutentor-post-item'><div class=\"gutentor-post-content\"><div class=\"gutentor-post-title-data-wrap\"><h3 class=\"gutentor-post-title\"><a href=\"https:\/\/www.sbq.org.br\/produtos\/relatorio-6th-bcnp-corrigido\/\" rel=\"bookmark\">Relat\u00f3rio 6th BCNP corrigido<\/a><\/h3><\/div><div class=\"gutentor-entry-meta gutentor-entry-meta-primary\"><div class=\"author vcard\"><i class=\"far fa-user\"><\/i><a href=\"https:\/\/www.sbq.org.br\/produtos\/relatorio-6th-bcnp-corrigido\/\" rel=\"bookmark\">suporte<\/a><\/div><div class=\"posted-on\"><i class=\"far fa-calendar-alt\"><\/i><a href=\"https:\/\/www.sbq.org.br\/produtos\/relatorio-6th-bcnp-corrigido\/\" rel=\"bookmark\">27 de novembro de 2017<\/a><\/div><div class=\"gutentor-meta-categories\"><i class=\"fas fa-tags\"><\/i><a href=\"https:\/\/www.sbq.org.br\/produtos\/category\/relatorio\/\" rel=\"category tag\">relatorio<\/a><\/div><\/div><div class=\"gutentor-post-desc\">Disponibilizamos vers\u00e3o corrigida do relat\u00f3rio de informa\u00e7\u00f5es sobre o 6th BCNP, no qual foi revisto &hellip;<\/div><a class=\"gutentor-button gutentor-post-button\"  href=\"https:\/\/www.sbq.org.br\/produtos\/relatorio-6th-bcnp-corrigido\/\" href=\"https:\/\/www.sbq.org.br\/produtos\/relatorio-6th-bcnp-corrigido\/\"><span>Read More<\/span><\/a><\/div><\/div><\/article><\/div><\/div><\/section>\n\n\n<div id=\"section-gc31ee4\" class=\"wp-block-gutentor-e17 section-gc31ee4 gutentor-element gutentor-post-footer\"><div class=\"grid-container\"><div class=\"grid-row\">\n<div id=\"col-gmf710e1\" class=\"wp-block-gutentor-e15 gutentor-single-column  grid-lg-12 grid-md-12 grid-12\"><div id=\"section-gmf710e1\" class=\"section-gmf710e1 gutentor-col-wrap\">\n<div id=\"section-g8de805\" class=\"wp-block-gutentor-e12 section-g8de805 gutentor-element gutentor-element-pagination text-align-center-mobile\"><div class=\"gutentor-pagination-wrap\" data-maxnumpages=\"4\"><ul class=\"gutentor-pagination\"><li class=\"gutentor-pagination-item gutentor-pagination-prev\"><a class=\"gutentor-pagination-link gutentor-disabled\" href=\"#\"><i class=\"fas fa-chevron-left\"><\/i>Previous<\/a><\/li><li class=\"gutentor-pagination-item gutentor-pagination-active\" data-gpage=\"1\"><a class=\"gutentor-pagination-link\" href=\"#\">1<\/a><\/li><li class=\"gutentor-pagination-item\"><a class=\"gutentor-pagination-link\" href=\"#\" data-gpage=\"2\">2<\/a><\/li><li class=\"gutentor-pagination-item\"><a class=\"gutentor-pagination-link\" href=\"#\" data-gpage=\"3\">3<\/a><\/li><li class=\"gutentor-pagination-item\"><a class=\"gutentor-pagination-link\" href=\"#\" data-gpage=\"4\">4<\/a><\/li><li class=\"gutentor-pagination-item gutentor-pagination-next\"><a class=\"gutentor-pagination-link\" href=\"#\" data-gpage=\"2\">Next<i class=\"fas fa-chevron-right\"><\/i><\/a><\/li><\/ul><\/div><\/div>\n<\/div><\/div>\n<\/div><\/div><\/div>\n<\/section>\n","protected":false},"excerpt":{"rendered":"","protected":false},"author":1,"featured_media":0,"parent":0,"menu_order":0,"comment_status":"closed","ping_status":"closed","template":"institucional","meta":{"footnotes":""},"_links":{"self":[{"href":"https:\/\/www.sbq.org.br\/produtos\/wp-json\/wp\/v2\/pages\/213"}],"collection":[{"href":"https:\/\/www.sbq.org.br\/produtos\/wp-json\/wp\/v2\/pages"}],"about":[{"href":"https:\/\/www.sbq.org.br\/produtos\/wp-json\/wp\/v2\/types\/page"}],"author":[{"embeddable":true,"href":"https:\/\/www.sbq.org.br\/produtos\/wp-json\/wp\/v2\/users\/1"}],"replies":[{"embeddable":true,"href":"https:\/\/www.sbq.org.br\/produtos\/wp-json\/wp\/v2\/comments?post=213"}],"version-history":[{"count":5,"href":"https:\/\/www.sbq.org.br\/produtos\/wp-json\/wp\/v2\/pages\/213\/revisions"}],"predecessor-version":[{"id":284,"href":"https:\/\/www.sbq.org.br\/produtos\/wp-json\/wp\/v2\/pages\/213\/revisions\/284"}],"wp:attachment":[{"href":"https:\/\/www.sbq.org.br\/produtos\/wp-json\/wp\/v2\/media?parent=213"}],"curies":[{"name":"wp","href":"https:\/\/api.w.org\/{rel}","templated":true}]}}