{"id":207,"date":"2024-05-14T12:15:57","date_gmt":"2024-05-14T15:15:57","guid":{"rendered":"https:\/\/hub.aptor.software\/wordpress\/produtos\/?page_id=207"},"modified":"2024-05-14T12:15:57","modified_gmt":"2024-05-14T15:15:57","slug":"atividades","status":"publish","type":"page","link":"https:\/\/www.sbq.org.br\/produtos\/atividades\/","title":{"rendered":"Atividades"},"content":{"rendered":"\n<section id=\"gc6512d\" class=\"wp-block-gutentor-p4 section-gc6512d gutentor-post-module gutentor-advanced-post-module\" data-gpid=\"207\" data-l-ani=\"gp4-animation-1\" data-i-b=\"gutentor\/p1\" data-maxnumpages=\"5\">\n\n<section class=\"gutentor-post-module section-d8f32f2e-fdbb-4e47-9ee3-579ca34fffc1 gutentor-post-module-p1 gutentor_p1_template1 wp-block-gutentor-p1 gutentor-blog-list\" id=\"d8f32f2e-fdbb-4e47-9ee3-579ca34fffc1\" data-gbid=\"d8f32f2e-fdbb-4e47-9ee3-579ca34fffc1\" >\n<div class='grid-container'><div class='grid-row' ><article class='gutentor-post gutentor-post-no-thumb'><div class='gutentor-post-item'><div class=\"gutentor-post-content\"><div class=\"gutentor-post-title-data-wrap\"><h3 class=\"gutentor-post-title\"><a href=\"https:\/\/www.sbq.org.br\/produtos\/webinario-uma-abordagem-sobre-os-compostos-volateis-na-autenticacao-atividade-biologica-e-relacoes-ecologicas-de-plantas-aromaticas-da-amazonia\/\" rel=\"bookmark\">Webin\u00e1rio: Uma abordagem sobre os compostos vol\u00e1teis na autentica\u00e7\u00e3o, atividade biol\u00f3gica e rela\u00e7\u00f5es ecol\u00f3gicas de plantas arom\u00e1ticas da Amaz\u00f4nia<\/a><\/h3><\/div><div class=\"gutentor-entry-meta gutentor-entry-meta-primary\"><div class=\"author vcard\"><i class=\"far fa-user\"><\/i><a href=\"https:\/\/www.sbq.org.br\/produtos\/webinario-uma-abordagem-sobre-os-compostos-volateis-na-autenticacao-atividade-biologica-e-relacoes-ecologicas-de-plantas-aromaticas-da-amazonia\/\" rel=\"bookmark\">adm_produtos<\/a><\/div><div class=\"posted-on\"><i class=\"far fa-calendar-alt\"><\/i><a href=\"https:\/\/www.sbq.org.br\/produtos\/webinario-uma-abordagem-sobre-os-compostos-volateis-na-autenticacao-atividade-biologica-e-relacoes-ecologicas-de-plantas-aromaticas-da-amazonia\/\" rel=\"bookmark\">4 de novembro de 2024<\/a><\/div><div class=\"gutentor-meta-categories\"><i class=\"fas fa-tags\"><\/i><a href=\"https:\/\/www.sbq.org.br\/produtos\/category\/article\/\" rel=\"category tag\">article<\/a><\/div><\/div><div class=\"gutentor-post-desc\">Temos a honra de convidar a todas e todos da DPN para prestigiar o webn\u00e1rio da Profa. Dra. Joyce Kel&hellip;<\/div><a class=\"gutentor-button gutentor-post-button\"  href=\"https:\/\/www.sbq.org.br\/produtos\/webinario-uma-abordagem-sobre-os-compostos-volateis-na-autenticacao-atividade-biologica-e-relacoes-ecologicas-de-plantas-aromaticas-da-amazonia\/\" href=\"https:\/\/www.sbq.org.br\/produtos\/webinario-uma-abordagem-sobre-os-compostos-volateis-na-autenticacao-atividade-biologica-e-relacoes-ecologicas-de-plantas-aromaticas-da-amazonia\/\"><span>Read More<\/span><\/a><\/div><\/div><\/article><article class='gutentor-post gutentor-post-no-thumb'><div class='gutentor-post-item'><div class=\"gutentor-post-content\"><div class=\"gutentor-post-title-data-wrap\"><h3 class=\"gutentor-post-title\"><a href=\"https:\/\/www.sbq.org.br\/produtos\/webinario-abordagem-in-silico-para-determinar-as-caracteristicas-admet-de-moleculas-de-origem-natural\/\" rel=\"bookmark\">Webin\u00e1rio: Abordagem in silico para determinar as caracter\u00edsticas ADMET de mol\u00e9culas de origem natural<\/a><\/h3><\/div><div class=\"gutentor-entry-meta gutentor-entry-meta-primary\"><div class=\"author vcard\"><i class=\"far fa-user\"><\/i><a href=\"https:\/\/www.sbq.org.br\/produtos\/webinario-abordagem-in-silico-para-determinar-as-caracteristicas-admet-de-moleculas-de-origem-natural\/\" rel=\"bookmark\">suporte<\/a><\/div><div class=\"posted-on\"><i class=\"far fa-calendar-alt\"><\/i><a href=\"https:\/\/www.sbq.org.br\/produtos\/webinario-abordagem-in-silico-para-determinar-as-caracteristicas-admet-de-moleculas-de-origem-natural\/\" rel=\"bookmark\">10 de outubro de 2023<\/a><\/div><div class=\"gutentor-meta-categories\"><i class=\"fas fa-tags\"><\/i><a href=\"https:\/\/www.sbq.org.br\/produtos\/category\/article\/\" rel=\"category tag\">article<\/a><\/div><\/div><div class=\"gutentor-post-desc\">O evento, exclusivamente on-line, ocorrer\u00e1 no dia 10\/10\/2023 \u00e0s 16h (hor\u00e1rio de Bras\u00edlia) e ser\u00e1 tra&hellip;<\/div><a class=\"gutentor-button gutentor-post-button\"  href=\"https:\/\/www.sbq.org.br\/produtos\/webinario-abordagem-in-silico-para-determinar-as-caracteristicas-admet-de-moleculas-de-origem-natural\/\" href=\"https:\/\/www.sbq.org.br\/produtos\/webinario-abordagem-in-silico-para-determinar-as-caracteristicas-admet-de-moleculas-de-origem-natural\/\"><span>Read More<\/span><\/a><\/div><\/div><\/article><article class='gutentor-post gutentor-post-no-thumb'><div class='gutentor-post-item'><div class=\"gutentor-post-content\"><div class=\"gutentor-post-title-data-wrap\"><h3 class=\"gutentor-post-title\"><a href=\"https:\/\/www.sbq.org.br\/produtos\/11o-simposio-brasileiro-de-oleos-essenciais\/\" rel=\"bookmark\">11\u00ba Simp\u00f3sio Brasileiro de \u00d3leos Essenciais<\/a><\/h3><\/div><div class=\"gutentor-entry-meta gutentor-entry-meta-primary\"><div class=\"author vcard\"><i class=\"far fa-user\"><\/i><a href=\"https:\/\/www.sbq.org.br\/produtos\/11o-simposio-brasileiro-de-oleos-essenciais\/\" rel=\"bookmark\">suporte<\/a><\/div><div class=\"posted-on\"><i class=\"far fa-calendar-alt\"><\/i><a href=\"https:\/\/www.sbq.org.br\/produtos\/11o-simposio-brasileiro-de-oleos-essenciais\/\" rel=\"bookmark\">14 de junho de 2023<\/a><\/div><div class=\"gutentor-meta-categories\"><i class=\"fas fa-tags\"><\/i><a href=\"https:\/\/www.sbq.org.br\/produtos\/category\/article\/\" rel=\"category tag\">article<\/a><\/div><\/div><div class=\"gutentor-post-desc\">O\u00a011\u00ba Simp\u00f3sio Brasileiro de \u00d3leos Essenciais, de 8 a 10 de novembro de 2023, no Instituto Agron\u00f4mic&hellip;<\/div><a class=\"gutentor-button gutentor-post-button\"  href=\"https:\/\/www.sbq.org.br\/produtos\/11o-simposio-brasileiro-de-oleos-essenciais\/\" href=\"https:\/\/www.sbq.org.br\/produtos\/11o-simposio-brasileiro-de-oleos-essenciais\/\"><span>Read More<\/span><\/a><\/div><\/div><\/article><article class='gutentor-post gutentor-post-no-thumb'><div class='gutentor-post-item'><div class=\"gutentor-post-content\"><div class=\"gutentor-post-title-data-wrap\"><h3 class=\"gutentor-post-title\"><a href=\"https:\/\/www.sbq.org.br\/produtos\/minicurso-ferramentas-de-biologia-molecular-na-quimica-de-produtos-naturais\/\" rel=\"bookmark\">Minicurso: Ferramentas de Biologia Molecular na Qu\u00edmica de Produtos Naturais<\/a><\/h3><\/div><div class=\"gutentor-entry-meta gutentor-entry-meta-primary\"><div class=\"author vcard\"><i class=\"far fa-user\"><\/i><a href=\"https:\/\/www.sbq.org.br\/produtos\/minicurso-ferramentas-de-biologia-molecular-na-quimica-de-produtos-naturais\/\" rel=\"bookmark\">suporte<\/a><\/div><div class=\"posted-on\"><i class=\"far fa-calendar-alt\"><\/i><a href=\"https:\/\/www.sbq.org.br\/produtos\/minicurso-ferramentas-de-biologia-molecular-na-quimica-de-produtos-naturais\/\" rel=\"bookmark\">7 de abril de 2023<\/a><\/div><div class=\"gutentor-meta-categories\"><i class=\"fas fa-tags\"><\/i><a href=\"https:\/\/www.sbq.org.br\/produtos\/category\/article\/\" rel=\"category tag\">article<\/a><\/div><\/div><div class=\"gutentor-post-desc\">Nos dias 11 e 18 de abril de 2023 (ambos ter\u00e7a-feira), das 14h \u00e0s 16h (hor\u00e1rio de Bras\u00edlia), a DPN r&hellip;<\/div><a class=\"gutentor-button gutentor-post-button\"  href=\"https:\/\/www.sbq.org.br\/produtos\/minicurso-ferramentas-de-biologia-molecular-na-quimica-de-produtos-naturais\/\" href=\"https:\/\/www.sbq.org.br\/produtos\/minicurso-ferramentas-de-biologia-molecular-na-quimica-de-produtos-naturais\/\"><span>Read More<\/span><\/a><\/div><\/div><\/article><article class='gutentor-post gutentor-post-no-thumb'><div class='gutentor-post-item'><div class=\"gutentor-post-content\"><div class=\"gutentor-post-title-data-wrap\"><h3 class=\"gutentor-post-title\"><a href=\"https:\/\/www.sbq.org.br\/produtos\/scibiosus-2023\/\" rel=\"bookmark\">SciBioSus 2023<\/a><\/h3><\/div><div class=\"gutentor-entry-meta gutentor-entry-meta-primary\"><div class=\"author vcard\"><i class=\"far fa-user\"><\/i><a href=\"https:\/\/www.sbq.org.br\/produtos\/scibiosus-2023\/\" rel=\"bookmark\">suporte<\/a><\/div><div class=\"posted-on\"><i class=\"far fa-calendar-alt\"><\/i><a href=\"https:\/\/www.sbq.org.br\/produtos\/scibiosus-2023\/\" rel=\"bookmark\">31 de mar\u00e7o de 2023<\/a><\/div><div class=\"gutentor-meta-categories\"><i class=\"fas fa-tags\"><\/i><a href=\"https:\/\/www.sbq.org.br\/produtos\/category\/article\/\" rel=\"category tag\">article<\/a><\/div><\/div><div class=\"gutentor-post-desc\">The II International Congress on Science, Biodiversity and Sustainability was created on the purpose&hellip;<\/div><a class=\"gutentor-button gutentor-post-button\"  href=\"https:\/\/www.sbq.org.br\/produtos\/scibiosus-2023\/\" href=\"https:\/\/www.sbq.org.br\/produtos\/scibiosus-2023\/\"><span>Read More<\/span><\/a><\/div><\/div><\/article><article class='gutentor-post gutentor-post-no-thumb'><div class='gutentor-post-item'><div class=\"gutentor-post-content\"><div class=\"gutentor-post-title-data-wrap\"><h3 class=\"gutentor-post-title\"><a href=\"https:\/\/www.sbq.org.br\/produtos\/webinario-asteraceae-dos-campos-gerais-do-parana-fonte-de-metabolitos-especializados-com-potencial-farmacologico\/\" rel=\"bookmark\">Webin\u00e1rio: Asteraceae dos Campos Gerais do Paran\u00e1: fonte de metab\u00f3litos especializados com potencial farmacol\u00f3gico<\/a><\/h3><\/div><div class=\"gutentor-entry-meta gutentor-entry-meta-primary\"><div class=\"author vcard\"><i class=\"far fa-user\"><\/i><a href=\"https:\/\/www.sbq.org.br\/produtos\/webinario-asteraceae-dos-campos-gerais-do-parana-fonte-de-metabolitos-especializados-com-potencial-farmacologico\/\" rel=\"bookmark\">suporte<\/a><\/div><div class=\"posted-on\"><i class=\"far fa-calendar-alt\"><\/i><a href=\"https:\/\/www.sbq.org.br\/produtos\/webinario-asteraceae-dos-campos-gerais-do-parana-fonte-de-metabolitos-especializados-com-potencial-farmacologico\/\" rel=\"bookmark\">21 de mar\u00e7o de 2023<\/a><\/div><div class=\"gutentor-meta-categories\"><i class=\"fas fa-tags\"><\/i><a href=\"https:\/\/www.sbq.org.br\/produtos\/category\/article\/\" rel=\"category tag\">article<\/a><\/div><\/div><div class=\"gutentor-post-desc\">Na pr\u00f3xima ter\u00e7a-feira, 28 de mar\u00e7o de 2023, \u00e0s 14h (hor\u00e1rio de Bras\u00edlia), a DPN receber\u00e1 a Profa. D&hellip;<\/div><a class=\"gutentor-button gutentor-post-button\"  href=\"https:\/\/www.sbq.org.br\/produtos\/webinario-asteraceae-dos-campos-gerais-do-parana-fonte-de-metabolitos-especializados-com-potencial-farmacologico\/\" href=\"https:\/\/www.sbq.org.br\/produtos\/webinario-asteraceae-dos-campos-gerais-do-parana-fonte-de-metabolitos-especializados-com-potencial-farmacologico\/\"><span>Read More<\/span><\/a><\/div><\/div><\/article><\/div><\/div><\/section>\n\n\n<div id=\"section-gd382b2\" class=\"wp-block-gutentor-e17 section-gd382b2 gutentor-element gutentor-post-footer\"><div class=\"grid-container\"><div class=\"grid-row\">\n<div id=\"col-gmf0e31e\" class=\"wp-block-gutentor-e15 gutentor-single-column  grid-lg-12 grid-md-12 grid-12\"><div id=\"section-gmf0e31e\" class=\"section-gmf0e31e gutentor-col-wrap\">\n<div id=\"section-gb3f282\" class=\"wp-block-gutentor-e12 section-gb3f282 gutentor-element gutentor-element-pagination text-align-center-mobile\"><div class=\"gutentor-pagination-wrap\" data-maxnumpages=\"5\"><ul class=\"gutentor-pagination\"><li class=\"gutentor-pagination-item gutentor-pagination-prev\"><a class=\"gutentor-pagination-link gutentor-disabled\" href=\"#\"><i class=\"fas fa-chevron-left\"><\/i>Previous<\/a><\/li><li class=\"gutentor-pagination-item gutentor-pagination-active\" data-gpage=\"1\"><a class=\"gutentor-pagination-link\" href=\"#\">1<\/a><\/li><li class=\"gutentor-pagination-item\"><a class=\"gutentor-pagination-link\" href=\"#\" data-gpage=\"2\">2<\/a><\/li><li class=\"gutentor-pagination-item\"><a class=\"gutentor-pagination-link\" href=\"#\" data-gpage=\"3\">3<\/a><\/li><li class=\"gutentor-pagination-item\"><a class=\"gutentor-pagination-link\" href=\"#\" data-gpage=\"4\">4<\/a><\/li><li class=\"gutentor-pagination-item gutentor-pagination-dots\"><a class=\"gutentor-pagination-link\" href=\"#\">&#8230;<\/a><\/li><li class=\"gutentor-pagination-item\"><a class=\"gutentor-pagination-link\" href=\"#\" data-gpage=\"5\">5<\/a><\/li><li class=\"gutentor-pagination-item gutentor-pagination-next\"><a class=\"gutentor-pagination-link\" href=\"#\" data-gpage=\"2\">Next<i class=\"fas fa-chevron-right\"><\/i><\/a><\/li><\/ul><\/div><\/div>\n<\/div><\/div>\n<\/div><\/div><\/div>\n<\/section>\n","protected":false},"excerpt":{"rendered":"","protected":false},"author":1,"featured_media":0,"parent":0,"menu_order":0,"comment_status":"closed","ping_status":"closed","template":"","meta":{"footnotes":""},"_links":{"self":[{"href":"https:\/\/www.sbq.org.br\/produtos\/wp-json\/wp\/v2\/pages\/207"}],"collection":[{"href":"https:\/\/www.sbq.org.br\/produtos\/wp-json\/wp\/v2\/pages"}],"about":[{"href":"https:\/\/www.sbq.org.br\/produtos\/wp-json\/wp\/v2\/types\/page"}],"author":[{"embeddable":true,"href":"https:\/\/www.sbq.org.br\/produtos\/wp-json\/wp\/v2\/users\/1"}],"replies":[{"embeddable":true,"href":"https:\/\/www.sbq.org.br\/produtos\/wp-json\/wp\/v2\/comments?post=207"}],"version-history":[{"count":1,"href":"https:\/\/www.sbq.org.br\/produtos\/wp-json\/wp\/v2\/pages\/207\/revisions"}],"predecessor-version":[{"id":208,"href":"https:\/\/www.sbq.org.br\/produtos\/wp-json\/wp\/v2\/pages\/207\/revisions\/208"}],"wp:attachment":[{"href":"https:\/\/www.sbq.org.br\/produtos\/wp-json\/wp\/v2\/media?parent=207"}],"curies":[{"name":"wp","href":"https:\/\/api.w.org\/{rel}","templated":true}]}}