{"id":135,"date":"2024-01-18T11:43:48","date_gmt":"2024-01-18T14:43:48","guid":{"rendered":"https:\/\/www.sbq.org.br\/produtos\/?page_id=135"},"modified":"2024-01-18T11:43:48","modified_gmt":"2024-01-18T14:43:48","slug":"links","status":"publish","type":"page","link":"https:\/\/www.sbq.org.br\/produtos\/links\/","title":{"rendered":"Links"},"content":{"rendered":"\n<p><a href=\"http:\/\/www.canalciencia.ibict.br\/notaveis\/\" target=\"_blank\" rel=\"noreferrer noopener\">BV Otto Gottlieb<\/a><\/p>\n\n\n\n<p>Resenha dispon\u00edvel na p\u00e1gina do Portal IBICT (Instituto Brasileiro de Informa\u00e7\u00e3o em Ci\u00eancia e Tecnologia) do Minist\u00e9rio da Ci\u00eancia e Tecnologia, onde existe uma galeria de pesquisadores considerados not\u00e1veis por sua contribui\u00e7\u00e3o ao desenvolvimento cient\u00edfico nacional.<\/p>\n\n\n\n<p><a href=\"http:\/\/www.canalciencia.ibict.br\/notaveis\/\" target=\"_blank\" rel=\"noreferrer noopener\">ACD\/NMR Processor Acad. Edit.<\/a><\/p>\n\n\n\n<p>Ferramenta que oferece recursos b\u00e1sicos e avan\u00e7ados de processamento de dados de experimentos de RMN de 1 e 2 dimens\u00f5es. Fa\u00e7a o download pelo link acima.<\/p>\n","protected":false},"excerpt":{"rendered":"<p>BV Otto Gottlieb Resenha dispon\u00edvel na p\u00e1gina do Portal IBICT (Instituto Brasileiro de Informa\u00e7\u00e3o em Ci\u00eancia e Tecnologia) do Minist\u00e9rio da Ci\u00eancia e Tecnologia, onde existe uma galeria de pesquisadores considerados not\u00e1veis por sua contribui\u00e7\u00e3o ao desenvolvimento cient\u00edfico nacional. ACD\/NMR Processor Acad. Edit. Ferramenta que oferece recursos b\u00e1sicos e avan\u00e7ados de processamento de dados de [&hellip;]<\/p>\n","protected":false},"author":1,"featured_media":0,"parent":0,"menu_order":0,"comment_status":"closed","ping_status":"closed","template":"","meta":{"footnotes":""},"_links":{"self":[{"href":"https:\/\/www.sbq.org.br\/produtos\/wp-json\/wp\/v2\/pages\/135"}],"collection":[{"href":"https:\/\/www.sbq.org.br\/produtos\/wp-json\/wp\/v2\/pages"}],"about":[{"href":"https:\/\/www.sbq.org.br\/produtos\/wp-json\/wp\/v2\/types\/page"}],"author":[{"embeddable":true,"href":"https:\/\/www.sbq.org.br\/produtos\/wp-json\/wp\/v2\/users\/1"}],"replies":[{"embeddable":true,"href":"https:\/\/www.sbq.org.br\/produtos\/wp-json\/wp\/v2\/comments?post=135"}],"version-history":[{"count":1,"href":"https:\/\/www.sbq.org.br\/produtos\/wp-json\/wp\/v2\/pages\/135\/revisions"}],"predecessor-version":[{"id":136,"href":"https:\/\/www.sbq.org.br\/produtos\/wp-json\/wp\/v2\/pages\/135\/revisions\/136"}],"wp:attachment":[{"href":"https:\/\/www.sbq.org.br\/produtos\/wp-json\/wp\/v2\/media?parent=135"}],"curies":[{"name":"wp","href":"https:\/\/api.w.org\/{rel}","templated":true}]}}