{"id":110,"date":"2024-01-18T11:26:02","date_gmt":"2024-01-18T14:26:02","guid":{"rendered":"https:\/\/www.sbq.org.br\/produtos\/?page_id=110"},"modified":"2024-10-10T18:42:09","modified_gmt":"2024-10-10T21:42:09","slug":"seja-bem-vindo-a-divisao-de-produtos-naturais-da-sbq","status":"publish","type":"page","link":"https:\/\/www.sbq.org.br\/produtos\/","title":{"rendered":"Seja bem-vindo \u00e0 Divis\u00e3o de Produtos Naturais da SBQ"},"content":{"rendered":"\n<p>A enorme diversidade estrutural das mol\u00e9culas produzidas por organismos vivos tem fascinado a humanidade por s\u00e9culos, e reflete a riqueza da biodiversidade e das intera\u00e7\u00f5es desses organismos entre si e com o seu ambiente. Nesse sentido, a Qu\u00edmica de Produtos Naturais (QPN) estuda os compostos, em especial metab\u00f3litos secund\u00e1rios ou metab\u00f3litos especializados, produzidos por plantas, animais, fungos, bact\u00e9rias, e outros microrganismos. Seu enfoque engloba a extra\u00e7\u00e3o, isolamento e elucida\u00e7\u00e3o estrutural desses metab\u00f3litos, al\u00e9m da sua origem biossint\u00e9tica, atividades biol\u00f3gicas, fun\u00e7\u00f5es ecol\u00f3gicas e aplica\u00e7\u00f5es tecnol\u00f3gicas. A \u00e1rea de QPN \u00e9 altamente interdisciplinar e envolve a Qu\u00edmica Org\u00e2nica, a Bioqu\u00edmica, a Qu\u00edmica Anal\u00edtica, a Ecologia, e a Biologia Molecular. A caracteriza\u00e7\u00e3o de mol\u00e9culas de origem natural e dos processos envolvidos no seu metabolismo e bioqu\u00edmica continuam sendo uma importante fonte de inspira\u00e7\u00e3o para aplica\u00e7\u00f5es na qu\u00edmica medicinal, biotecnologia e agroqu\u00edmica.<\/p>\n\n\n\n<p>Com o objetivo de fortalecer cada vez mais a \u00e1rea de QPN no Brasil, a Divis\u00e3o de Produtos Naturais da&nbsp; Sociedade Brasileira de Qu\u00edmica (SBQ) busca promover a constante intera\u00e7\u00e3o e coopera\u00e7\u00e3o entre os pesquisadores. Para isso, tem-se este site, o <a href=\"http:\/\/www.youtube.com\/c\/Divis%C3%A3odeProdutosNaturaisSBQ\/\" target=\"_blank\" rel=\"noreferrer noopener\">canal do YouTube<\/a>&nbsp;e as redes sociais (<a href=\"http:\/\/www.facebook.com\/PN.SBQ\/\" target=\"_blank\" rel=\"noreferrer noopener\">Facebook <\/a>e <a href=\"http:\/\/www.instagram.com\/dpn.sbq\/\" target=\"_blank\" rel=\"noreferrer noopener\">Instagram<\/a>), onde voc\u00ea poder\u00e1 encontrar diferentes assuntos relevantes a esta \u00e1rea, tais como not\u00edcias, eventos cient\u00edficos, links dos grupos de pesquisa de PN no Brasil, e informa\u00e7\u00f5es sobre a atua\u00e7\u00e3o da nossa divis\u00e3o no contexto da SBQ.<\/p>\n\n\n\n<p>Agradecemos a sua visita aqui! Sua participa\u00e7\u00e3o \u00e9 fundamental nesse processo.<\/p>\n\n\n\n<p>Se voc\u00ea tiver alguma sugest\u00e3o ou desejar divulgar alguma not\u00edcia, evento, ou o link do seu grupo de pesquisa, entre em contato conosco!<\/p>\n\n\n\n<p>Email: <a href=\"mailto:dpn.sbq@gmail.com\">dpn.sbq@gmail.com<\/a><\/p>\n\n\n\n<p>Com os melhores cumprimentos,<\/p>\n\n\n\n<p><strong>Diretoria da Divis\u00e3o de Produtos Naturais (Gest\u00e3o 2024-2026)<\/strong><\/p>\n\n\n\n<figure class=\"wp-block-image size-full is-resized\"><img loading=\"lazy\" decoding=\"async\" width=\"160\" height=\"198\" src=\"https:\/\/www.sbq.org.br\/produtos\/wp-content\/uploads\/sites\/14\/2024\/10\/image-test-1-1-1.jpg\" alt=\"\" class=\"wp-image-294\" style=\"width:88px;height:auto\" \/><\/figure>\n\n\n\n<p><strong>Hector Henrique Ferreira Koolen (Diretor)<\/strong><\/p>\n\n\n\n<figure class=\"wp-block-image size-full is-resized\"><img loading=\"lazy\" decoding=\"async\" width=\"160\" height=\"237\" src=\"https:\/\/www.sbq.org.br\/produtos\/wp-content\/uploads\/sites\/14\/2024\/10\/WhatsApp-Image-2024-10-10-at-5.03.19-PM-1.jpeg\" alt=\"\" class=\"wp-image-296\" style=\"width:87px;height:auto\" \/><\/figure>\n\n\n\n<p><strong>Lucas Silva Abreu (Vice-diretor)<\/strong><\/p>\n\n\n\n<figure class=\"wp-block-image size-full is-resized\"><img loading=\"lazy\" decoding=\"async\" width=\"160\" height=\"198\" src=\"https:\/\/www.sbq.org.br\/produtos\/wp-content\/uploads\/sites\/14\/2024\/10\/WhatsApp-Image-2024-10-10-at-5.03.33-PM-1.jpeg\" alt=\"\" class=\"wp-image-297\" style=\"width:89px;height:auto\" \/><\/figure>\n\n\n\n<p><strong>L\u00facia Pinheiro S. Pimenta (Tesoureira)<\/strong><\/p>\n","protected":false},"excerpt":{"rendered":"<p>A enorme diversidade estrutural das mol\u00e9culas produzidas por organismos vivos tem fascinado a humanidade por s\u00e9culos, e reflete a riqueza da biodiversidade e das intera\u00e7\u00f5es desses organismos entre si e com o seu ambiente. Nesse sentido, a Qu\u00edmica de Produtos Naturais (QPN) estuda os compostos, em especial metab\u00f3litos secund\u00e1rios ou metab\u00f3litos especializados, produzidos por plantas, [&hellip;]<\/p>\n","protected":false},"author":1,"featured_media":0,"parent":0,"menu_order":0,"comment_status":"closed","ping_status":"closed","template":"","meta":{"footnotes":""},"_links":{"self":[{"href":"https:\/\/www.sbq.org.br\/produtos\/wp-json\/wp\/v2\/pages\/110"}],"collection":[{"href":"https:\/\/www.sbq.org.br\/produtos\/wp-json\/wp\/v2\/pages"}],"about":[{"href":"https:\/\/www.sbq.org.br\/produtos\/wp-json\/wp\/v2\/types\/page"}],"author":[{"embeddable":true,"href":"https:\/\/www.sbq.org.br\/produtos\/wp-json\/wp\/v2\/users\/1"}],"replies":[{"embeddable":true,"href":"https:\/\/www.sbq.org.br\/produtos\/wp-json\/wp\/v2\/comments?post=110"}],"version-history":[{"count":4,"href":"https:\/\/www.sbq.org.br\/produtos\/wp-json\/wp\/v2\/pages\/110\/revisions"}],"predecessor-version":[{"id":298,"href":"https:\/\/www.sbq.org.br\/produtos\/wp-json\/wp\/v2\/pages\/110\/revisions\/298"}],"wp:attachment":[{"href":"https:\/\/www.sbq.org.br\/produtos\/wp-json\/wp\/v2\/media?parent=110"}],"curies":[{"name":"wp","href":"https:\/\/api.w.org\/{rel}","templated":true}]}}