{"id":13,"date":"2024-06-26T14:19:13","date_gmt":"2024-06-26T17:19:13","guid":{"rendered":"https:\/\/www.sbq.org.br\/piaui\/?page_id=13"},"modified":"2025-08-04T08:36:09","modified_gmt":"2025-08-04T11:36:09","slug":"secretaria-regional-do-piaui","status":"publish","type":"page","link":"https:\/\/www.sbq.org.br\/piaui\/","title":{"rendered":"Seja bem-vindo \u00e0 Secretaria Regional do Piau\u00ed"},"content":{"rendered":"\n<p>Estamos envidando esfor\u00e7os para manter o site da Secretaria com informa\u00e7\u00f5es atualizadas. Para que esta atualiza\u00e7\u00e3o seja cont\u00ednua, solicitamos sua contribui\u00e7\u00e3o encaminhando-nos not\u00edcias, site de eventos e o link de seu grupo ou laborat\u00f3rio de pesquisa (ou ambos) para serem divulgados na nossa p\u00e1gina.<\/p>\n\n\n\n<p>Cr\u00edticas e sugest\u00f5es s\u00e3o bem vindas!<\/p>\n","protected":false},"excerpt":{"rendered":"<p>Estamos envidando esfor\u00e7os para manter o site da Secretaria com informa\u00e7\u00f5es atualizadas. Para que esta atualiza\u00e7\u00e3o seja cont\u00ednua, solicitamos sua contribui\u00e7\u00e3o encaminhando-nos not\u00edcias, site de eventos e o link de seu grupo ou laborat\u00f3rio de pesquisa (ou ambos) para serem divulgados na nossa p\u00e1gina. Cr\u00edticas e sugest\u00f5es s\u00e3o bem vindas!<\/p>\n","protected":false},"author":1,"featured_media":0,"parent":0,"menu_order":0,"comment_status":"closed","ping_status":"closed","template":"","meta":{"footnotes":""},"_links":{"self":[{"href":"https:\/\/www.sbq.org.br\/piaui\/wp-json\/wp\/v2\/pages\/13"}],"collection":[{"href":"https:\/\/www.sbq.org.br\/piaui\/wp-json\/wp\/v2\/pages"}],"about":[{"href":"https:\/\/www.sbq.org.br\/piaui\/wp-json\/wp\/v2\/types\/page"}],"author":[{"embeddable":true,"href":"https:\/\/www.sbq.org.br\/piaui\/wp-json\/wp\/v2\/users\/1"}],"replies":[{"embeddable":true,"href":"https:\/\/www.sbq.org.br\/piaui\/wp-json\/wp\/v2\/comments?post=13"}],"version-history":[{"count":5,"href":"https:\/\/www.sbq.org.br\/piaui\/wp-json\/wp\/v2\/pages\/13\/revisions"}],"predecessor-version":[{"id":60,"href":"https:\/\/www.sbq.org.br\/piaui\/wp-json\/wp\/v2\/pages\/13\/revisions\/60"}],"wp:attachment":[{"href":"https:\/\/www.sbq.org.br\/piaui\/wp-json\/wp\/v2\/media?parent=13"}],"curies":[{"name":"wp","href":"https:\/\/api.w.org\/{rel}","templated":true}]}}