{"id":22,"date":"2024-01-19T11:55:51","date_gmt":"2024-01-19T14:55:51","guid":{"rendered":"https:\/\/www.sbq.org.br\/pernambuco\/?page_id=22"},"modified":"2024-01-19T11:58:12","modified_gmt":"2024-01-19T14:58:12","slug":"diretoria","status":"publish","type":"page","link":"https:\/\/www.sbq.org.br\/pernambuco\/sobre-a-secretaria-regional-de-pernambuco\/diretoria\/","title":{"rendered":"Diretoria"},"content":{"rendered":"\n<div class=\"wp-block-group is-nowrap is-layout-flex wp-container-core-group-layout-2 wp-block-group-is-layout-flex\">\n<figure class=\"wp-block-image size-full\"><img loading=\"lazy\" decoding=\"async\" width=\"64\" height=\"64\" src=\"http:\/\/www.sbq.org.br\/pernambuco\/wp-content\/uploads\/sites\/30\/2024\/01\/claudete_0.png\" alt=\"\" class=\"wp-image-23\"\/><\/figure>\n\n\n\n<div class=\"wp-block-group is-vertical is-layout-flex wp-container-core-group-layout-1 wp-block-group-is-layout-flex\">\n<p class=\"is-layout-flow wp-block-paragraph-is-layout-flow\">Claudete Fernandes Pereira<\/p>\n\n\n\n<p>Secret\u00e1ria<\/p>\n\n\n\n<p>UFPE<\/p>\n<\/div>\n<\/div>\n\n\n\n<div class=\"wp-block-group is-nowrap is-layout-flex wp-container-core-group-layout-4 wp-block-group-is-layout-flex\">\n<figure class=\"wp-block-image size-full\"><img loading=\"lazy\" decoding=\"async\" width=\"64\" height=\"64\" src=\"http:\/\/www.sbq.org.br\/pernambuco\/wp-content\/uploads\/sites\/30\/2024\/01\/maria-jose2020.jpg\" alt=\"\" class=\"wp-image-24\"\/><\/figure>\n\n\n\n<div class=\"wp-block-group is-vertical is-layout-flex wp-container-core-group-layout-3 wp-block-group-is-layout-flex\">\n<p class=\"is-layout-flow wp-block-paragraph-is-layout-flow\">Maria Jos\u00e9 de F. Gomes<\/p>\n\n\n\n<p class=\"is-layout-flow wp-block-paragraph-is-layout-flow\">Vice-Secret\u00e1ria<\/p>\n\n\n\n<p class=\"is-layout-flow wp-block-paragraph-is-layout-flow\">UFRPE<\/p>\n<\/div>\n<\/div>\n\n\n\n<div class=\"wp-block-group is-nowrap is-layout-flex wp-container-core-group-layout-6 wp-block-group-is-layout-flex\">\n<figure class=\"wp-block-image size-full\"><img loading=\"lazy\" decoding=\"async\" width=\"64\" height=\"64\" src=\"http:\/\/www.sbq.org.br\/pernambuco\/wp-content\/uploads\/sites\/30\/2024\/01\/severino-alvesjr2020.jpg\" alt=\"\" class=\"wp-image-25\"\/><\/figure>\n\n\n\n<div class=\"wp-block-group is-vertical is-layout-flex wp-container-core-group-layout-5 wp-block-group-is-layout-flex\">\n<p class=\"is-layout-flow wp-block-paragraph-is-layout-flow\">Severino Alves Junior<\/p>\n\n\n\n<p class=\"is-layout-flow wp-block-paragraph-is-layout-flow\">Tesoureiro<\/p>\n\n\n\n<p class=\"is-layout-flow wp-block-paragraph-is-layout-flow\">UFPE<\/p>\n<\/div>\n<\/div>\n","protected":false},"excerpt":{"rendered":"<p>Claudete Fernandes Pereira Secret\u00e1ria UFPE Maria Jos\u00e9 de F. Gomes Vice-Secret\u00e1ria UFRPE Severino Alves Junior Tesoureiro UFPE<\/p>\n","protected":false},"author":1,"featured_media":0,"parent":20,"menu_order":0,"comment_status":"closed","ping_status":"closed","template":"institucional","meta":{"footnotes":""},"_links":{"self":[{"href":"https:\/\/www.sbq.org.br\/pernambuco\/wp-json\/wp\/v2\/pages\/22"}],"collection":[{"href":"https:\/\/www.sbq.org.br\/pernambuco\/wp-json\/wp\/v2\/pages"}],"about":[{"href":"https:\/\/www.sbq.org.br\/pernambuco\/wp-json\/wp\/v2\/types\/page"}],"author":[{"embeddable":true,"href":"https:\/\/www.sbq.org.br\/pernambuco\/wp-json\/wp\/v2\/users\/1"}],"replies":[{"embeddable":true,"href":"https:\/\/www.sbq.org.br\/pernambuco\/wp-json\/wp\/v2\/comments?post=22"}],"version-history":[{"count":2,"href":"https:\/\/www.sbq.org.br\/pernambuco\/wp-json\/wp\/v2\/pages\/22\/revisions"}],"predecessor-version":[{"id":28,"href":"https:\/\/www.sbq.org.br\/pernambuco\/wp-json\/wp\/v2\/pages\/22\/revisions\/28"}],"up":[{"embeddable":true,"href":"https:\/\/www.sbq.org.br\/pernambuco\/wp-json\/wp\/v2\/pages\/20"}],"wp:attachment":[{"href":"https:\/\/www.sbq.org.br\/pernambuco\/wp-json\/wp\/v2\/media?parent=22"}],"curies":[{"name":"wp","href":"https:\/\/api.w.org\/{rel}","templated":true}]}}