{"id":23,"date":"2024-01-19T11:47:15","date_gmt":"2024-01-19T14:47:15","guid":{"rendered":"https:\/\/www.sbq.org.br\/parana\/?page_id=23"},"modified":"2024-01-19T11:49:03","modified_gmt":"2024-01-19T14:49:03","slug":"diretoria","status":"publish","type":"page","link":"https:\/\/www.sbq.org.br\/parana\/diretoria\/","title":{"rendered":"Diretoria"},"content":{"rendered":"\n<div class=\"wp-block-group is-nowrap is-layout-flex wp-container-core-group-layout-2 wp-block-group-is-layout-flex\">\n<figure class=\"wp-block-image size-full\"><img loading=\"lazy\" decoding=\"async\" width=\"64\" height=\"64\" src=\"http:\/\/www.sbq.org.br\/parana\/wp-content\/uploads\/sites\/29\/2024\/01\/marcela.oliveira2020.jpg\" alt=\"\" class=\"wp-image-24\"\/><\/figure>\n\n\n\n<div class=\"wp-block-group is-vertical is-layout-flex wp-container-core-group-layout-1 wp-block-group-is-layout-flex\">\n<p class=\"is-layout-flow wp-block-paragraph-is-layout-flow\">Marcela Mohallem Oliveira<\/p>\n\n\n\n<p>Secret\u00e1ria<\/p>\n\n\n\n<p>UTFPR<\/p>\n<\/div>\n<\/div>\n\n\n\n<div class=\"wp-block-group is-nowrap is-layout-flex wp-container-core-group-layout-4 wp-block-group-is-layout-flex\">\n<figure class=\"wp-block-image size-full\"><img loading=\"lazy\" decoding=\"async\" width=\"64\" height=\"64\" src=\"http:\/\/www.sbq.org.br\/parana\/wp-content\/uploads\/sites\/29\/2024\/01\/cesar.tarley2020.png\" alt=\"\" class=\"wp-image-25\"\/><\/figure>\n\n\n\n<div class=\"wp-block-group is-vertical is-layout-flex wp-container-core-group-layout-3 wp-block-group-is-layout-flex\">\n<p class=\"is-layout-flow wp-block-paragraph-is-layout-flow\">C\u00e9sar Ricardo T. Tarley<\/p>\n\n\n\n<p class=\"is-layout-flow wp-block-paragraph-is-layout-flow\">Vice-Secret\u00e1rio<\/p>\n\n\n\n<p class=\"is-layout-flow wp-block-paragraph-is-layout-flow\">UEL<\/p>\n<\/div>\n<\/div>\n\n\n\n<div class=\"wp-block-group is-nowrap is-layout-flex wp-container-core-group-layout-6 wp-block-group-is-layout-flex\">\n<figure class=\"wp-block-image size-full\"><img loading=\"lazy\" decoding=\"async\" width=\"64\" height=\"64\" src=\"http:\/\/www.sbq.org.br\/parana\/wp-content\/uploads\/sites\/29\/2024\/01\/andrelsonwrinaldi.jpeg\" alt=\"\" class=\"wp-image-26\"\/><\/figure>\n\n\n\n<div class=\"wp-block-group is-vertical is-layout-flex wp-container-core-group-layout-5 wp-block-group-is-layout-flex\">\n<p class=\"is-layout-flow wp-block-paragraph-is-layout-flow\">Andr\u00e9lson Wellington Rinaldi<\/p>\n\n\n\n<p class=\"is-layout-flow wp-block-paragraph-is-layout-flow\">Tesoureiro<\/p>\n\n\n\n<p class=\"is-layout-flow wp-block-paragraph-is-layout-flow\">UEM<\/p>\n<\/div>\n<\/div>\n","protected":false},"excerpt":{"rendered":"<p>Marcela Mohallem Oliveira Secret\u00e1ria UTFPR C\u00e9sar Ricardo T. Tarley Vice-Secret\u00e1rio UEL Andr\u00e9lson Wellington Rinaldi Tesoureiro UEM<\/p>\n","protected":false},"author":1,"featured_media":0,"parent":0,"menu_order":0,"comment_status":"closed","ping_status":"closed","template":"institucional","meta":{"footnotes":""},"_links":{"self":[{"href":"https:\/\/www.sbq.org.br\/parana\/wp-json\/wp\/v2\/pages\/23"}],"collection":[{"href":"https:\/\/www.sbq.org.br\/parana\/wp-json\/wp\/v2\/pages"}],"about":[{"href":"https:\/\/www.sbq.org.br\/parana\/wp-json\/wp\/v2\/types\/page"}],"author":[{"embeddable":true,"href":"https:\/\/www.sbq.org.br\/parana\/wp-json\/wp\/v2\/users\/1"}],"replies":[{"embeddable":true,"href":"https:\/\/www.sbq.org.br\/parana\/wp-json\/wp\/v2\/comments?post=23"}],"version-history":[{"count":2,"href":"https:\/\/www.sbq.org.br\/parana\/wp-json\/wp\/v2\/pages\/23\/revisions"}],"predecessor-version":[{"id":29,"href":"https:\/\/www.sbq.org.br\/parana\/wp-json\/wp\/v2\/pages\/23\/revisions\/29"}],"wp:attachment":[{"href":"https:\/\/www.sbq.org.br\/parana\/wp-json\/wp\/v2\/media?parent=23"}],"curies":[{"name":"wp","href":"https:\/\/api.w.org\/{rel}","templated":true}]}}