{"id":13,"date":"2024-01-11T11:18:42","date_gmt":"2024-01-11T14:18:42","guid":{"rendered":"https:\/\/www.sbq.org.br\/parana\/?page_id=13"},"modified":"2024-01-11T11:18:42","modified_gmt":"2024-01-11T14:18:42","slug":"links","status":"publish","type":"page","link":"https:\/\/www.sbq.org.br\/parana\/links\/","title":{"rendered":"Links"},"content":{"rendered":"\n<p><a href=\"http:\/\/www.abq.org.br\" target=\"_blank\" rel=\"noreferrer noopener\">ABQ<\/a><\/p>\n\n\n\n<p>Associa\u00e7\u00e3o Brasileira de Qu\u00edmica<\/p>\n\n\n\n<p><a href=\"http:\/\/www.abts.org.br\" target=\"_blank\" rel=\"noreferrer noopener\">ABTS<\/a><\/p>\n\n\n\n<p>Associa\u00e7\u00e3o Brasileira de Tratamentos de Superf\u00edcies<\/p>\n\n\n\n<p><a href=\"http:\/\/www.crq9.org.br\/inicial\/\" target=\"_blank\" rel=\"noreferrer noopener\">CRQ 9a. Regi\u00e3o<\/a><\/p>\n\n\n\n<p>Conselho Regional de Qu\u00edmica &#8211; 9a. Regi\u00e3o<\/p>\n\n\n\n<p><a href=\"http:\/\/www.seti.gov.br\" target=\"_blank\" rel=\"noreferrer noopener\">SETI<\/a><\/p>\n\n\n\n<p>Secretaria de Ci\u00eancia, Tecnologia e Ensino Superior do Paran\u00e1<\/p>\n\n\n\n<p><a href=\"http:\/\/www.mec.gov.br\" target=\"_blank\" rel=\"noreferrer noopener\">MEC<\/a><\/p>\n\n\n\n<p>Minist\u00e9rio da Educa\u00e7\u00e3o<\/p>\n\n\n\n<p><a href=\"http:\/\/www.mct.gov.br\" target=\"_blank\" rel=\"noreferrer noopener\">MCT\/BR<\/a><\/p>\n\n\n\n<p>Minist\u00e9rio da Ci\u00eancia e Tecnologia<\/p>\n\n\n\n<p><a href=\"http:\/\/www.capes.gov.br\" target=\"_blank\" rel=\"noreferrer noopener\">CAPES<\/a><\/p>\n\n\n\n<p>http:\/\/www.capes.gov.br<\/p>\n\n\n\n<p><a href=\"http:\/\/www.cnpq.br\" target=\"_blank\" rel=\"noreferrer noopener\">CNPq<\/a><\/p>\n\n\n\n<p>http:\/\/www.cnpq.br<\/p>\n\n\n\n<p><a href=\"http:\/\/www.fundacaoaraucaria.org.br\" target=\"_blank\" rel=\"noreferrer noopener\">Fund. Araucaria\/PR<\/a><\/p>\n\n\n\n<p>Funda\u00e7\u00e3o Arauc\u00e1ria &#8211; PR<\/p>\n\n\n\n<p><a href=\"http:\/\/www.pontociencia.org.br\" target=\"_blank\" rel=\"noreferrer noopener\">Pontociencia<\/a><\/p>\n\n\n\n<p>Pontociencia<\/p>\n","protected":false},"excerpt":{"rendered":"<p>ABQ Associa\u00e7\u00e3o Brasileira de Qu\u00edmica ABTS Associa\u00e7\u00e3o Brasileira de Tratamentos de Superf\u00edcies CRQ 9a. Regi\u00e3o Conselho Regional de Qu\u00edmica &#8211; 9a. Regi\u00e3o SETI Secretaria de Ci\u00eancia, Tecnologia e Ensino Superior do Paran\u00e1 MEC Minist\u00e9rio da Educa\u00e7\u00e3o MCT\/BR Minist\u00e9rio da Ci\u00eancia e Tecnologia CAPES http:\/\/www.capes.gov.br CNPq http:\/\/www.cnpq.br Fund. Araucaria\/PR Funda\u00e7\u00e3o Arauc\u00e1ria &#8211; PR Pontociencia Pontociencia<\/p>\n","protected":false},"author":1,"featured_media":0,"parent":0,"menu_order":0,"comment_status":"closed","ping_status":"closed","template":"","meta":{"footnotes":""},"_links":{"self":[{"href":"https:\/\/www.sbq.org.br\/parana\/wp-json\/wp\/v2\/pages\/13"}],"collection":[{"href":"https:\/\/www.sbq.org.br\/parana\/wp-json\/wp\/v2\/pages"}],"about":[{"href":"https:\/\/www.sbq.org.br\/parana\/wp-json\/wp\/v2\/types\/page"}],"author":[{"embeddable":true,"href":"https:\/\/www.sbq.org.br\/parana\/wp-json\/wp\/v2\/users\/1"}],"replies":[{"embeddable":true,"href":"https:\/\/www.sbq.org.br\/parana\/wp-json\/wp\/v2\/comments?post=13"}],"version-history":[{"count":1,"href":"https:\/\/www.sbq.org.br\/parana\/wp-json\/wp\/v2\/pages\/13\/revisions"}],"predecessor-version":[{"id":14,"href":"https:\/\/www.sbq.org.br\/parana\/wp-json\/wp\/v2\/pages\/13\/revisions\/14"}],"wp:attachment":[{"href":"https:\/\/www.sbq.org.br\/parana\/wp-json\/wp\/v2\/media?parent=13"}],"curies":[{"name":"wp","href":"https:\/\/api.w.org\/{rel}","templated":true}]}}