{"id":22,"date":"2024-01-19T11:40:03","date_gmt":"2024-01-19T14:40:03","guid":{"rendered":"https:\/\/www.sbq.org.br\/paraiba\/?page_id=22"},"modified":"2025-01-07T11:55:55","modified_gmt":"2025-01-07T14:55:55","slug":"diretoria","status":"publish","type":"page","link":"https:\/\/www.sbq.org.br\/paraiba\/sobre-a-secretaria-regional-de-paraiba\/diretoria\/","title":{"rendered":"Diretoria"},"content":{"rendered":"\n<p><strong>Secret\u00e1rio Regional da Para\u00edba (2024-2026)<\/strong><br>Dr. Wellington da Silva Lyra<br>Departamento de Qu\u00edmica<br>Universidade Federal da Para\u00edba<\/p>\n\n\n\n<p>Email:&nbsp;sbq.paraiba@gmail.com<\/p>\n\n\n\n<p><strong>Vice-Secret\u00e1ria<\/strong><br>Profa. Dra. Karen Cacilda Weber<br>Universidade Federal da Para\u00edba<\/p>\n\n\n\n<p><strong>Tesoureiro<\/strong><br>Prof. Dr. Fausthon Fred da Silva<br>Universidade Federal da Para\u00edba<\/p>\n","protected":false},"excerpt":{"rendered":"<p>Secret\u00e1rio Regional da Para\u00edba (2024-2026)Dr. Wellington da Silva LyraDepartamento de Qu\u00edmicaUniversidade Federal da Para\u00edba Email:&nbsp;sbq.paraiba@gmail.com Vice-Secret\u00e1riaProfa. Dra. Karen Cacilda WeberUniversidade Federal da Para\u00edba TesoureiroProf. Dr. Fausthon Fred da SilvaUniversidade Federal da Para\u00edba<\/p>\n","protected":false},"author":1,"featured_media":0,"parent":20,"menu_order":0,"comment_status":"closed","ping_status":"closed","template":"institucional","meta":{"footnotes":""},"_links":{"self":[{"href":"https:\/\/www.sbq.org.br\/paraiba\/wp-json\/wp\/v2\/pages\/22"}],"collection":[{"href":"https:\/\/www.sbq.org.br\/paraiba\/wp-json\/wp\/v2\/pages"}],"about":[{"href":"https:\/\/www.sbq.org.br\/paraiba\/wp-json\/wp\/v2\/types\/page"}],"author":[{"embeddable":true,"href":"https:\/\/www.sbq.org.br\/paraiba\/wp-json\/wp\/v2\/users\/1"}],"replies":[{"embeddable":true,"href":"https:\/\/www.sbq.org.br\/paraiba\/wp-json\/wp\/v2\/comments?post=22"}],"version-history":[{"count":3,"href":"https:\/\/www.sbq.org.br\/paraiba\/wp-json\/wp\/v2\/pages\/22\/revisions"}],"predecessor-version":[{"id":119,"href":"https:\/\/www.sbq.org.br\/paraiba\/wp-json\/wp\/v2\/pages\/22\/revisions\/119"}],"up":[{"embeddable":true,"href":"https:\/\/www.sbq.org.br\/paraiba\/wp-json\/wp\/v2\/pages\/20"}],"wp:attachment":[{"href":"https:\/\/www.sbq.org.br\/paraiba\/wp-json\/wp\/v2\/media?parent=22"}],"curies":[{"name":"wp","href":"https:\/\/api.w.org\/{rel}","templated":true}]}}