{"id":20,"date":"2024-01-19T11:38:16","date_gmt":"2024-01-19T14:38:16","guid":{"rendered":"https:\/\/www.sbq.org.br\/paraiba\/?page_id=20"},"modified":"2025-01-07T11:57:31","modified_gmt":"2025-01-07T14:57:31","slug":"sobre-a-secretaria-regional-de-paraiba","status":"publish","type":"page","link":"https:\/\/www.sbq.org.br\/paraiba\/sobre-a-secretaria-regional-de-paraiba\/","title":{"rendered":"Sobre a Secretaria Regional da Para\u00edba"},"content":{"rendered":"\n<p><strong>Bem-vindo(a) \u00e0 SBQ-Para\u00edba!<\/strong><\/p>\n\n\n\n<p><\/p>\n\n\n\n<p><strong>Secretaria Regional da Para\u00edba (2024-2026)<\/strong><\/p>\n\n\n\n<p><strong>Contato<\/strong><\/p>\n\n\n\n<p>Email:\u00a0sbq.paraiba@gmail.com<\/p>\n\n\n\n<p><a href=\"https:\/\/www.instagram.com\/sbqparaiba\/\">https:\/\/www.instagram.com\/sbqparaiba\/<\/a><\/p>\n","protected":false},"excerpt":{"rendered":"<p>Bem-vindo(a) \u00e0 SBQ-Para\u00edba! Secretaria Regional da Para\u00edba (2024-2026) Contato Email:\u00a0sbq.paraiba@gmail.com https:\/\/www.instagram.com\/sbqparaiba\/<\/p>\n","protected":false},"author":1,"featured_media":0,"parent":0,"menu_order":0,"comment_status":"closed","ping_status":"closed","template":"institucional","meta":{"footnotes":""},"_links":{"self":[{"href":"https:\/\/www.sbq.org.br\/paraiba\/wp-json\/wp\/v2\/pages\/20"}],"collection":[{"href":"https:\/\/www.sbq.org.br\/paraiba\/wp-json\/wp\/v2\/pages"}],"about":[{"href":"https:\/\/www.sbq.org.br\/paraiba\/wp-json\/wp\/v2\/types\/page"}],"author":[{"embeddable":true,"href":"https:\/\/www.sbq.org.br\/paraiba\/wp-json\/wp\/v2\/users\/1"}],"replies":[{"embeddable":true,"href":"https:\/\/www.sbq.org.br\/paraiba\/wp-json\/wp\/v2\/comments?post=20"}],"version-history":[{"count":6,"href":"https:\/\/www.sbq.org.br\/paraiba\/wp-json\/wp\/v2\/pages\/20\/revisions"}],"predecessor-version":[{"id":122,"href":"https:\/\/www.sbq.org.br\/paraiba\/wp-json\/wp\/v2\/pages\/20\/revisions\/122"}],"wp:attachment":[{"href":"https:\/\/www.sbq.org.br\/paraiba\/wp-json\/wp\/v2\/media?parent=20"}],"curies":[{"name":"wp","href":"https:\/\/api.w.org\/{rel}","templated":true}]}}