{"id":2,"date":"2023-12-13T17:31:02","date_gmt":"2023-12-13T20:31:02","guid":{"rendered":"https:\/\/www.sbq.org.br\/regional_paraiba\/?page_id=2"},"modified":"2025-01-07T12:09:45","modified_gmt":"2025-01-07T15:09:45","slug":"pagina-exemplo","status":"publish","type":"page","link":"https:\/\/www.sbq.org.br\/paraiba\/","title":{"rendered":"Seja bem-vindo \u00e0 Secretaria Regional da SBQ-Para\u00edba"},"content":{"rendered":"\n<p>N\u00f3s da SBQ-Para\u00edba estamos gratos pela sua visita! <\/p>\n\n\n\n<p>Aqui voc\u00ea vai encontrar informa\u00e7\u00f5es sobre nossa Regional. <\/p>\n\n\n\n<p>Entre em contato para divulgar seu grupo de pesquisa, eventos e oportunidades, pelo e-mail: sbq.paraiba@gmail.com<\/p>\n\n\n\n<p>Para ficar por dentro das novidades, siga-nos no Instagram:<\/p>\n\n\n\n<p><a href=\"https:\/\/www.instagram.com\/sbqparaiba\/\">https:\/\/www.instagram.com\/sbqparaiba\/<\/a><\/p>\n","protected":false},"excerpt":{"rendered":"<p>N\u00f3s da SBQ-Para\u00edba estamos gratos pela sua visita! Aqui voc\u00ea vai encontrar informa\u00e7\u00f5es sobre nossa Regional. Entre em contato para divulgar seu grupo de pesquisa, eventos e oportunidades, pelo e-mail: sbq.paraiba@gmail.com Para ficar por dentro das novidades, siga-nos no Instagram: https:\/\/www.instagram.com\/sbqparaiba\/<\/p>\n","protected":false},"author":1,"featured_media":0,"parent":0,"menu_order":0,"comment_status":"closed","ping_status":"open","template":"","meta":{"footnotes":""},"_links":{"self":[{"href":"https:\/\/www.sbq.org.br\/paraiba\/wp-json\/wp\/v2\/pages\/2"}],"collection":[{"href":"https:\/\/www.sbq.org.br\/paraiba\/wp-json\/wp\/v2\/pages"}],"about":[{"href":"https:\/\/www.sbq.org.br\/paraiba\/wp-json\/wp\/v2\/types\/page"}],"author":[{"embeddable":true,"href":"https:\/\/www.sbq.org.br\/paraiba\/wp-json\/wp\/v2\/users\/1"}],"replies":[{"embeddable":true,"href":"https:\/\/www.sbq.org.br\/paraiba\/wp-json\/wp\/v2\/comments?post=2"}],"version-history":[{"count":7,"href":"https:\/\/www.sbq.org.br\/paraiba\/wp-json\/wp\/v2\/pages\/2\/revisions"}],"predecessor-version":[{"id":124,"href":"https:\/\/www.sbq.org.br\/paraiba\/wp-json\/wp\/v2\/pages\/2\/revisions\/124"}],"wp:attachment":[{"href":"https:\/\/www.sbq.org.br\/paraiba\/wp-json\/wp\/v2\/media?parent=2"}],"curies":[{"name":"wp","href":"https:\/\/api.w.org\/{rel}","templated":true}]}}