{"id":14,"date":"2024-01-11T11:11:41","date_gmt":"2024-01-11T14:11:41","guid":{"rendered":"https:\/\/www.sbq.org.br\/para\/?page_id=14"},"modified":"2024-05-14T15:54:49","modified_gmt":"2024-05-14T18:54:49","slug":"links","status":"publish","type":"page","link":"https:\/\/www.sbq.org.br\/para\/links\/","title":{"rendered":"Links"},"content":{"rendered":"\n<p><a href=\"https:\/\/portal.ufpa.br\/\" target=\"_blank\" rel=\"noreferrer noopener\">Universidade Federal do Par\u00e1<\/a><\/p>\n\n\n\n<p>UFPA<\/p>\n\n\n\n<p><a href=\"https:\/\/www.unifesspa.edu.br\/\" target=\"_blank\" rel=\"noreferrer noopener\">Universidade Federal do Sul e Sudeste do Par\u00e1<\/a><\/p>\n\n\n\n<p>UNIFESSPA<\/p>\n\n\n\n<p><a href=\"http:\/\/www.uepa.br\/\" target=\"_blank\" rel=\"noreferrer noopener\">Universidade do Estado do Par\u00e1<\/a><\/p>\n\n\n\n<p>UEPA<\/p>\n","protected":false},"excerpt":{"rendered":"<p>Universidade Federal do Par\u00e1 UFPA Universidade Federal do Sul e Sudeste do Par\u00e1 UNIFESSPA Universidade do Estado do Par\u00e1 UEPA<\/p>\n","protected":false},"author":1,"featured_media":0,"parent":0,"menu_order":0,"comment_status":"closed","ping_status":"closed","template":"","meta":{"footnotes":""},"_links":{"self":[{"href":"https:\/\/www.sbq.org.br\/para\/wp-json\/wp\/v2\/pages\/14"}],"collection":[{"href":"https:\/\/www.sbq.org.br\/para\/wp-json\/wp\/v2\/pages"}],"about":[{"href":"https:\/\/www.sbq.org.br\/para\/wp-json\/wp\/v2\/types\/page"}],"author":[{"embeddable":true,"href":"https:\/\/www.sbq.org.br\/para\/wp-json\/wp\/v2\/users\/1"}],"replies":[{"embeddable":true,"href":"https:\/\/www.sbq.org.br\/para\/wp-json\/wp\/v2\/comments?post=14"}],"version-history":[{"count":1,"href":"https:\/\/www.sbq.org.br\/para\/wp-json\/wp\/v2\/pages\/14\/revisions"}],"predecessor-version":[{"id":15,"href":"https:\/\/www.sbq.org.br\/para\/wp-json\/wp\/v2\/pages\/14\/revisions\/15"}],"wp:attachment":[{"href":"https:\/\/www.sbq.org.br\/para\/wp-json\/wp\/v2\/media?parent=14"}],"curies":[{"name":"wp","href":"https:\/\/api.w.org\/{rel}","templated":true}]}}