{"id":9,"date":"2015-06-17T14:50:22","date_gmt":"2015-06-17T17:50:22","guid":{"rendered":"https:\/\/www.sbq.org.br\/divisao_organica\/pesquisadores-associados-2020\/"},"modified":"2024-08-14T14:32:39","modified_gmt":"2024-08-14T17:32:39","slug":"pesquisadores-associados-2020","status":"publish","type":"page","link":"https:\/\/www.sbq.org.br\/organica\/pesquisadores-associados-2020\/","title":{"rendered":"Pesquisadores Associados 2020"},"content":{"rendered":"<p>Segue abaixo a lista dos Pesquisadores Associados a Divis\u00e3o de Qu\u00edmica Org\u00e2nica, ano base 2020. Caso voc\u00ea deseje associar a p\u00e1gina do seu grupo de pesquisa, envie um email para <a href=\"mailto:quimicaorganica.sbq@gmail.com\">quimicaorganica.sbq@gmail.com<\/a><\/p>\n<div>\n<p>Ac\u00e1cio Silva de Souza<\/p>\n<p>Adeildo Junior de Oliveira<\/p>\n<p>Adilson Beatriz<\/p>\n<p>Adriana Karla Cardoso Amorim Reis<\/p>\n<p>Adriano Felin Camargo<\/p>\n<p>Adriano Lisboa Monteiro<\/p>\n<p>Ad\u00e3o Aparecido Sabino<\/p>\n<p>Alcino Palermo de Aguiar<\/p>\n<p>Alcione Silva de Carvalho<\/p>\n<p>Aldo Sena de Oliveira<\/p>\n<p>Alessandro Bolis C. Simas<\/p>\n<p>Alessandro Kappel Jord\u00e3o<\/p>\n<p>Alessandro Rodrigues<\/p>\n<p>Aline Joana R. Wohlmuth A.dos Santos<\/p>\n<p>Aloir Antonio Merlo<\/p>\n<p>Alvicler Magalh\u00e3es<\/p>\n<p>Amanda Silva de Miranda<\/p>\n<p>Amenson Trindade Gomes<\/p>\n<p>Ana Carolina Fradique de Lyra<\/p>\n<p>Andre Alexandre Vieira<\/p>\n<p>Andre Luiz Meleiro Porto<\/p>\n<p>Angelica Maria Lucchese<\/p>\n<p>Angelo de Fatima<\/p>\n<p>Ang\u00e9lica Venturini Moro<\/p>\n<p>Anita J. Marsaioli<\/p>\n<p>Anna Claudia Cunha<\/p>\n<p>Antonio Apr\u00edgio<\/p>\n<p>Antonio Carlos Bender Burtoloso<\/p>\n<p>Antonio Eduardo Miller Crotti<\/p>\n<p>Antonio Euzebio Goulart de Sant\u00b4Ana<\/p>\n<p>Antonio Jacinto Demuner<\/p>\n<p>Antonio Luiz Braga<\/p>\n<p>Antonio Manzolillo Sanseverino<\/p>\n<p>Ariadne de Jesus Vicente<\/p>\n<p>Arlene Goncalves Correa<\/p>\n<p>Armando Navarro-V\u00e1zquez<\/p>\n<p>Boniek Gontijo Vaz<\/p>\n<p>Brenno Amaro da Silveira Neto<\/p>\n<p>Camilla Djenne Buarque M\u00fcller Muller<\/p>\n<p>Carlos Kleber Zago de Andrade<\/p>\n<p>Carlos Magno Rocha Ribeiro<\/p>\n<p>Carlos Roque Duarte Correia<\/p>\n<p>Carlos Vin\u00edcius Pinto dos Santos<\/p>\n<p>Carolina Guimar\u00e3es de Souza Lima<\/p>\n<p>Caroline da Ros Montes DOca<\/p>\n<p>Catarina dos Santos<\/p>\n<p>Cedric Stephan Graebin<\/p>\n<p>Cesar Liberato Petzhold<\/p>\n<p>Clarissa Piccinin Frizzo<\/p>\n<p>Claudemir Batalini<\/p>\n<p>Claudio Cerqueira Lopes<\/p>\n<p>Claudio Francisco Tormena<\/p>\n<p>Claudio Luis Donnici<\/p>\n<p>Cleiton Moreira da Silva<\/p>\n<p>Cl\u00e1udia La\u00eds Ara\u00fajo Almeida Santos<\/p>\n<p>Cristiane Storck Schwalm<\/p>\n<p>Cristiano Raminelli<\/p>\n<p>C\u00edntia Duarte de Freitas Milagre<\/p>\n<p>Daiane Einhardt Blank<\/p>\n<p>Daniel da Silveira Rampon<\/p>\n<p>Daniel Pais Pires Vieira<\/p>\n<p>Daniel Tadeu Gomes Gonzaga<\/p>\n<p>Danielle Ferreira Dias<\/p>\n<p>David Rodrigues da Rocha<\/p>\n<p>Davyson de Lima Moreira<\/p>\n<p>Dimas Jos\u00e9 da Paz Lima<\/p>\n<p>Diogo de Oliveira Silva<\/p>\n<p>Diogo Seibert Ludtke<\/p>\n<p>Eder Jo\u00e3o Lenard\u00e3o Lenardao<\/p>\n<p>Edson de Souza Bento<\/p>\n<p>Elaine Miho Ariga<\/p>\n<p>Eliezer Jesus de Lacerda Barreiro<\/p>\n<p>Elis\u00e2ngela Vinhato<\/p>\n<p>Emerson Schwingel Ribeiro<\/p>\n<p>Emilio Carlos de Lucca J\u00fanior<\/p>\n<p>Emmanuel Dias da Silva<\/p>\n<p>Eufr\u00e2nio Nunes da Silva J\u00fanior<\/p>\n<p>Fabiano Severo Rodembusch<\/p>\n<p>Felicia Megumi Ito<\/p>\n<p>Fernanda Alves Lima<\/p>\n<p>Fernanda Amaral de Siqueira<\/p>\n<p>Fernanda Andreia Rosa<\/p>\n<p>Fernanda Gadini Finelli<\/p>\n<p>Fernanda Irene Bombonato<\/p>\n<p>Fernanda Petzold Pauli<\/p>\n<p>Fernando Ant\u00f4nio Santos Coelho<\/p>\n<p>Fernando de Carvalho da Silva<\/p>\n<p>Fernando Fumagalli<\/p>\n<p>Fernando Hallwass<\/p>\n<p>Franciane Gon\u00e7alves dos Santos<\/p>\n<p>Francisco Carlos Biaggio<\/p>\n<p>Francisco de Assis Marques<\/p>\n<p>F\u00e1bio Domingues Nas\u00e1rio<\/p>\n<p>F\u00e1bio Zazyki Galetto<\/p>\n<p>Gabriela Maciel Diogo<\/p>\n<p>Gabriele de Azevedo Cardoso<\/p>\n<p>Gabriella de Castro Lima<\/p>\n<p>Gilson Rogerio Zeni<\/p>\n<p>Gilvandete M. Pinheiro Santiago<\/p>\n<p>Giovanni Wilson Amarante<\/p>\n<p>Giuliano Cesar Clososki<\/p>\n<p>Guilherme Andrade Marson<\/p>\n<p>Guilherme Juli\u00e3o Zocolo<\/p>\n<p>Gustavo Henrique Ribeiro Viana<\/p>\n<p>Hans Viertler<\/p>\n<p>Helio Gauze Bonacorso<\/p>\n<p>Hugo Alejandro Gallardo Olmedo<\/p>\n<p>Hugo Tubal Schmitz Braibante<\/p>\n<p>Humberto Marcio S. Milagre<\/p>\n<p>Ieda Maria Begnini<\/p>\n<p>Igor Dias Jurberg<\/p>\n<p>In\u00e1cio Luduvico<\/p>\n<p>Irlon Maciel Ferreira<\/p>\n<p>Isis Martins Figueiredo<\/p>\n<p>Ivan Persio de Arruda Campos<\/p>\n<p>Ivani Malvestiti<\/p>\n<p>Ivone Carvalho<\/p>\n<p>Jair Juarez Jo\u00e3o<\/p>\n<p>Joao Victor Santiago da Silva<\/p>\n<p>Joaquim Fernando Mendes da Silva<\/p>\n<\/div>\n<p>Jorge Luiz de Oliveira Domingos<\/p>\n<div>\n<p>Jose Gildo de Lima<\/p>\n<p>Josef Wilhelm Baader<\/p>\n<p>Josu\u00e9 Carinhanha Caldas Santos<\/p>\n<p>Jos\u00e9 Augusto Ferreira Perez Villar<\/p>\n<p>Jos\u00e9 Celestino de Barros Neto<\/p>\n<p>Jos\u00e9 de Sousa Lima Neto Lima<\/p>\n<p>Jos\u00e9 Eduardo Damas Martins<\/p>\n<p>Juliano Alex Roehrs<\/p>\n<p>Juliano Carlo Rufino de Freitas<\/p>\n<p>Julio Cezar Pastre<\/p>\n<p>Jullyane Emi Matsushima<\/p>\n<p>J\u00falio On\u00e9sio Ferreira Melo<\/p>\n<p>Katia Celina Santos Corr\u00eaa<\/p>\n<p>Katyuscya Veloso Leao<\/p>\n<p>Kleber Thiago de Oliveira<\/p>\n<p>Leandro Ferreira Pedrosa<\/p>\n<p>Leandro Helgueira de Andrade<\/p>\n<p>Leandro Piovan<\/p>\n<p>Leila Oliveira Santos<\/p>\n<p>Leonardo Araujo Silva<\/p>\n<p>Lourivaldo da Silva Santos<\/p>\n<p>Luana Oliveira dos Santos<\/p>\n<p>Lucas Felipe Oliveira Vieira<\/p>\n<p>Lucas Pizzuti<\/p>\n<p>Luciana Gonzaga de Oliveira<\/p>\n<p>Luciano Fernandes<\/p>\n<p>Luisa Del Carmen Barrett Reina<\/p>\n<p>Luiz Antonio Soares Romeiro<\/p>\n<p>Luiz Ant\u00f4nio Mendon\u00e7a Alves da Costa<\/p>\n<p>Luiz Carlos Dias<\/p>\n<p>Luiz Claudio de A. Barbosa<\/p>\n<p>Luiz Fernando Toneto Novaes<\/p>\n<p>Luiz Sidney Longo Junior Longo Jr.<\/p>\n<p>Manolo Cleiton Costa de Freitas<\/p>\n<p>Mara Elisa Fortes Braibante<\/p>\n<p>Marcelo de Freitas Lima<\/p>\n<p>Marcelo de Godoi<\/p>\n<p>Marcelo Gon\u00e7alves Montes D`Oca<\/p>\n<p>Marcelo Siqueira Valle<\/p>\n<p>Marcio Contrucci S. de Mattos<\/p>\n<p>Marcio Hayashi<\/p>\n<p>Marco Ant\u00f4nio Barbosa Ferreira<\/p>\n<p>Marco Edilson Freire de Lima<\/p>\n<p>Marcos Carlos de Mattos<\/p>\n<p>Marcos Roberto Scheide Neto<\/p>\n<p>Marcos Tadeu Couto<\/p>\n<p>Marcus Cesar Mandolesi S\u00e1<\/p>\n<p>Maria Aparecida Ferreira C\u00e9sar-Oliveira<\/p>\n<p>Maria Cecilia Bastos V. de Souza<\/p>\n<p>Maria de Lourdes Garcia Ferreira<\/p>\n<p>Maria Helena Sarragiotto<\/p>\n<p>Mariane Fantinel<\/p>\n<p>Marta Regina dos Santos Nunes<\/p>\n<p>Mary Ann Foglio<\/p>\n<p>Matheus Puggina de Freitas<\/p>\n<p>Mauricio Gomes Constantino<\/p>\n<p>Mauricio Moraes Victor<\/p>\n<p>Mauricio Silva dos Santos<\/p>\n<p>Mauro Alves Bueno<\/p>\n<p>Mayura Marques M. Rubinger<\/p>\n<p>Ma\u00edsa Borges Costa<\/p>\n<p>Michael Jackson Vieira da Silva<\/p>\n<p>Mirela In\u00eas de Sairre<\/p>\n<p>Nelilma Correia Romeiro<\/p>\n<p>Nilo Zanatta<\/p>\n<p>Olga Soares do Rego Barros<\/p>\n<p>Omar Ginoble Pandoli<\/p>\n<p>Patr\u00edcia Bulegon Brondani<\/p>\n<p>Paulo Cesar de Jesus<\/p>\n<p>Paulo Henrique G. Zarbin<\/p>\n<p>Paulo Henrique Schneider<\/p>\n<p>Paulo S\u00e9rgio Pereira<\/p>\n<p>Pedro Netto Batalha<\/p>\n<p>Pedro P\u00f4ssa de Castro<\/p>\n<p>Pierre Moth\u00e9 Esteves<\/p>\n<p>Priscila Machado Arruda Soares<\/p>\n<p>P\u00e2mella da Silva Cordeiro<\/p>\n<p>Raimundo Braz Filho Braz<\/p>\n<p>Raphael Salles Ferreira Silva<\/p>\n<p>Raquel Santos Mauler<\/p>\n<p>Reginaldo Bezerra dos Santos<\/p>\n<p>Ricardo Andrade Rebelo<\/p>\n<p>Ricardo Jos\u00e9 Alves<\/p>\n<p>Roberto Carlos Campos Martins<\/p>\n<p>Roberto Gomes de Souza Berlinck<\/p>\n<p>Robson Ricardo Teixeira<\/p>\n<p>Rodrigo Costa e Silva<\/p>\n<p>Rog\u00e9rio Aparecido Gariani<\/p>\n<p>Rog\u00e9rio Felix Blanco<\/p>\n<p>Ronaldo Aloise Pilli<\/p>\n<p>Ronaldo Nascimento de Oliveira Olivieira<\/p>\n<p>Rosangela Sabbatini Capella Lopes<\/p>\n<p>Rosemeire Brondi Alves<\/p>\n<p>Rosiene Reis Mattos<\/p>\n<p>Rosilene Aparecida de Oliveira<\/p>\n<p>Rossimiriam Pereira de Freitas<\/p>\n<p>Sabrina Baptista Ferreira<\/p>\n<p>Silvana Maria de Oliveira<\/p>\n<p>Silvio do Desterro Cunha<\/p>\n<p>Simoni Margareti Plentz Meneghetti<\/p>\n<p>Sin\u00e9sio Boaventura Junior<\/p>\n<p>Su\u00e9len Karine Sartori<\/p>\n<p>Tatiane da Costa Lima<\/p>\n<p>Tay Zugman<\/p>\n<p>Telma Leda Gomes de Lemos<\/p>\n<p>Thiago Aquino<\/p>\n<p>Thiago Barcellos da Silva<\/p>\n<p>Thiago dos Santos<\/p>\n<p>Timothy John Brocksom<\/p>\n<p>Ubiracir Fernandes Lima Filho<\/p>\n<p>Urbano Luiz Marques de Paula<\/p>\n<p>Valdemar Lacerda Junior<\/p>\n<p>Val\u00e9ria Belli Riatto<\/p>\n<p>Vera Lucia Pardini<\/p>\n<p>Vera L\u00facia Patrocinio Pereira<\/p>\n<p>Victor de Sousa Batista<\/p>\n<p>Vin\u00edcius Alexandre Fiaia Costa<\/p>\n<p>Vitor Francisco Ferreira<\/p>\n<p>Vladis Bernal Bassetto<\/p>\n<\/div>\n","protected":false},"excerpt":{"rendered":"<p>Segue abaixo a lista dos Pesquisadores Associados a Divis\u00e3o de Qu\u00edmica Org\u00e2nica, ano base 2020. Caso voc\u00ea deseje associar a p\u00e1gina do seu grupo de pesquisa, envie um email para quimicaorganica.sbq@gmail.com Ac\u00e1cio Silva de Souza Adeildo Junior de Oliveira Adilson Beatriz Adriana Karla Cardoso Amorim Reis Adriano Felin Camargo Adriano Lisboa Monteiro Ad\u00e3o Aparecido Sabino [&hellip;]<\/p>\n","protected":false},"author":1,"featured_media":0,"parent":0,"menu_order":0,"comment_status":"closed","ping_status":"closed","template":"institucional","meta":{"footnotes":""},"_links":{"self":[{"href":"https:\/\/www.sbq.org.br\/organica\/wp-json\/wp\/v2\/pages\/9"}],"collection":[{"href":"https:\/\/www.sbq.org.br\/organica\/wp-json\/wp\/v2\/pages"}],"about":[{"href":"https:\/\/www.sbq.org.br\/organica\/wp-json\/wp\/v2\/types\/page"}],"author":[{"embeddable":true,"href":"https:\/\/www.sbq.org.br\/organica\/wp-json\/wp\/v2\/users\/1"}],"replies":[{"embeddable":true,"href":"https:\/\/www.sbq.org.br\/organica\/wp-json\/wp\/v2\/comments?post=9"}],"version-history":[{"count":2,"href":"https:\/\/www.sbq.org.br\/organica\/wp-json\/wp\/v2\/pages\/9\/revisions"}],"predecessor-version":[{"id":147,"href":"https:\/\/www.sbq.org.br\/organica\/wp-json\/wp\/v2\/pages\/9\/revisions\/147"}],"wp:attachment":[{"href":"https:\/\/www.sbq.org.br\/organica\/wp-json\/wp\/v2\/media?parent=9"}],"curies":[{"name":"wp","href":"https:\/\/api.w.org\/{rel}","templated":true}]}}