{"id":4,"date":"2014-09-26T21:09:51","date_gmt":"2014-09-27T00:09:51","guid":{"rendered":"https:\/\/www.sbq.org.br\/divisao_organica\/sobre-a-divisao-de-quimica-organica\/"},"modified":"2024-01-18T16:08:23","modified_gmt":"2024-01-18T19:08:23","slug":"sobre-a-divisao-de-quimica-organica","status":"publish","type":"page","link":"https:\/\/www.sbq.org.br\/organica\/sobre-a-divisao-de-quimica-organica\/","title":{"rendered":"Sobre a Divis\u00e3o de Qu\u00edmica Org\u00e2nica"},"content":{"rendered":"<p><span style=\"line-height: 1.538em;\">Divis\u00e3o de Qu\u00edmica Org\u00e2nica<\/span><\/p>\n<p><span style=\"line-height: 1.538em;\">A hist\u00f3ria das divis\u00f5es cient\u00edficas da Sociedade Brasileira de Qu\u00edmica remonta ao in\u00edcio da d\u00e9cada de 90 quando foi realizada a 13<\/span><sup>a<\/sup><span style=\"line-height: 1.538em;\"> Reuni\u00e3o Anual da SBQ em Caxambu (Maio de 1990) e, portanto, pela primeira vez, fora do \u00e2mbito da SBPC. Apesar de v\u00e1rios colegas estimularem a cria\u00e7\u00e3o de divis\u00f5es em per\u00edodos anteriores \u00e0 sa\u00edda da reuni\u00e3o da SBPC, apenas em 1994 as divis\u00f5es foram oficialmente criadas. Nesta \u00e9poca a agora chamada Divis\u00e3o de Qu\u00edmica Org\u00e2nica era denominada como Divis\u00e3o de S\u00edntese Org\u00e2nica tendo este nome sendo mantido at\u00e9 o ano de 1998, quando a op\u00e7\u00e3o pela denomina\u00e7\u00e3o Qu\u00edmica Org\u00e2nica foi exercida de maneira a congregar um n\u00famero maior de associados.<\/span><\/p>\n<p>Desde sua cria\u00e7\u00e3o, a Divis\u00e3o de Qu\u00edmica Org\u00e2nica teve 12 diferentes diretores em 14 gest\u00f5es que est\u00e3o relacionados na lista abaixo, de acordo com o ano em que foram diretores. As informa\u00e7\u00f5es mostradas abaixo foram coletadas com a secretaria da SBQ:<\/p>\n<p>1994-1996: Jos\u00e9 T\u00e9rcio Barbosa Ferreira (<span style=\"font-size: 13.008px;\">Divis\u00e3o de S\u00edntese Org\u00e2nica)<\/span><\/p>\n<p><span style=\"font-size: 13.008px;\">1996-1998: Vitor Francisco Ferreira (UFF)<\/span><\/p>\n<p><span style=\"font-size: 13.008px;\">1998-2000: Ronaldo Aloise Pilli (UNICAMP)<\/span><\/p>\n<p><span style=\"font-size: 13.008px;\">2000-2002: Paulo Roberto Ribeiro Costa (UFRJ)<\/span><\/p>\n<p><span style=\"font-size: 13.008px;\">2002-2004:&nbsp;<\/span><span style=\"font-size: 13.008px;\">Paulo Roberto Ribeiro Costa (UFRJ)<\/span><\/p>\n<p><span style=\"font-size: 13.008px;\">2004-2006: Fernando Ant\u00f4nio Santos Coelho (UNICAMP)<\/span><\/p>\n<p><span style=\"font-size: 13.008px;\">2006-2008: Luiz Fernando da Silva J\u00fanior (USP)<\/span><\/p>\n<p><span style=\"font-size: 13.008px;\">2008-2010: S\u00edlvio do Desterro Cunha (UFBA)<\/span><\/p>\n<p><span style=\"font-size: 13.008px;\">2010-2012: Leandro Helgueira de Andrade (USP)<\/span><\/p>\n<p><span style=\"font-size: 13.008px;\">2012-2014:&nbsp;<\/span><span style=\"font-size: 13.008px;\">Leandro Helgueira de Andrade (USP)<\/span><\/p>\n<p><span style=\"font-size: 13.008px;\">2014-2016: Rodrigo Oct\u00e1vio Mendon\u00e7a Alves de Souza (UFRJ)<\/span><\/p>\n<p><span style=\"font-size: 13.008px;\">2016-2018: Mauricio Moraes Victor (UFBA)<\/span><\/p>\n<p><span style=\"font-size: 13.008px;\">2018-2020: Cristiano Raminelli (UNIFESP)<\/span><\/p>\n<p><span style=\"font-size: 13.008px;\">2020-2022: Giovanni Wilson Amarante (UFJF)<\/span><\/p>\n<p><a href='http:\/\/www.sbq.org.br\/wp-content\/uploads\/sites\/13\/2023\/12\/divisao_de_quimica_organica_historico.pdf'>http:\/\/www.sbq.org.br\/wp-content\/uploads\/sites\/13\/2023\/12\/divisao_de_quimica_organica_historico.pdf<\/a><\/p>\n","protected":false},"excerpt":{"rendered":"<p>Divis\u00e3o de Qu\u00edmica Org\u00e2nica A hist\u00f3ria das divis\u00f5es cient\u00edficas da Sociedade Brasileira de Qu\u00edmica remonta ao in\u00edcio da d\u00e9cada de 90 quando foi realizada a 13a Reuni\u00e3o Anual da SBQ em Caxambu (Maio de 1990) e, portanto, pela primeira vez, fora do \u00e2mbito da SBPC. Apesar de v\u00e1rios colegas estimularem a cria\u00e7\u00e3o de divis\u00f5es em [&hellip;]<\/p>\n","protected":false},"author":1,"featured_media":0,"parent":0,"menu_order":0,"comment_status":"closed","ping_status":"closed","template":"institucional","meta":{"footnotes":""},"_links":{"self":[{"href":"https:\/\/www.sbq.org.br\/organica\/wp-json\/wp\/v2\/pages\/4"}],"collection":[{"href":"https:\/\/www.sbq.org.br\/organica\/wp-json\/wp\/v2\/pages"}],"about":[{"href":"https:\/\/www.sbq.org.br\/organica\/wp-json\/wp\/v2\/types\/page"}],"author":[{"embeddable":true,"href":"https:\/\/www.sbq.org.br\/organica\/wp-json\/wp\/v2\/users\/1"}],"replies":[{"embeddable":true,"href":"https:\/\/www.sbq.org.br\/organica\/wp-json\/wp\/v2\/comments?post=4"}],"version-history":[{"count":2,"href":"https:\/\/www.sbq.org.br\/organica\/wp-json\/wp\/v2\/pages\/4\/revisions"}],"predecessor-version":[{"id":51,"href":"https:\/\/www.sbq.org.br\/organica\/wp-json\/wp\/v2\/pages\/4\/revisions\/51"}],"wp:attachment":[{"href":"https:\/\/www.sbq.org.br\/organica\/wp-json\/wp\/v2\/media?parent=4"}],"curies":[{"name":"wp","href":"https:\/\/api.w.org\/{rel}","templated":true}]}}