{"id":35,"date":"2024-01-18T15:53:35","date_gmt":"2024-01-18T18:53:35","guid":{"rendered":"https:\/\/www.sbq.org.br\/organica\/?page_id=35"},"modified":"2024-01-18T15:53:35","modified_gmt":"2024-01-18T18:53:35","slug":"seja-bem-vindo-ao-site-da-divisao-de-quimica-organica-da-sbq","status":"publish","type":"page","link":"https:\/\/www.sbq.org.br\/organica\/","title":{"rendered":"Seja bem-vindo ao site da Divis\u00e3o de Qu\u00edmica Org\u00e2nica da SBQ!"},"content":{"rendered":"\n<p>Caros Membros da Divis\u00e3o de Qu\u00edmica Org\u00e2nica,<br><br>Caso necessitem entrar em contato com a Diretoria da DQO, por gentileza, escrevam para o seguinte endere\u00e7o de e-mail:&nbsp;<a href=\"mailto:quimicaorganica.sbq@gmail.com\">quimicaorganica.sbq@gmail.com<\/a><br><br>Cordialmente,<br><br>Fernanda Andreia Rosa &#8211; Diretora &#8211; UEM<br>Em\u00edlio Carlos de Lucca J\u00fanior&nbsp;&#8211; Vice-Diretor &#8211; UNICAMP<br>Fernanda Gadini Finelli &#8211; Tesoureira &#8211; UFRJ<\/p>\n","protected":false},"excerpt":{"rendered":"<p>Caros Membros da Divis\u00e3o de Qu\u00edmica Org\u00e2nica, Caso necessitem entrar em contato com a Diretoria da DQO, por gentileza, escrevam para o seguinte endere\u00e7o de e-mail:&nbsp;quimicaorganica.sbq@gmail.com Cordialmente, Fernanda Andreia Rosa &#8211; Diretora &#8211; UEMEm\u00edlio Carlos de Lucca J\u00fanior&nbsp;&#8211; Vice-Diretor &#8211; UNICAMPFernanda Gadini Finelli &#8211; Tesoureira &#8211; UFRJ<\/p>\n","protected":false},"author":1,"featured_media":0,"parent":0,"menu_order":0,"comment_status":"closed","ping_status":"closed","template":"","meta":{"footnotes":""},"_links":{"self":[{"href":"https:\/\/www.sbq.org.br\/organica\/wp-json\/wp\/v2\/pages\/35"}],"collection":[{"href":"https:\/\/www.sbq.org.br\/organica\/wp-json\/wp\/v2\/pages"}],"about":[{"href":"https:\/\/www.sbq.org.br\/organica\/wp-json\/wp\/v2\/types\/page"}],"author":[{"embeddable":true,"href":"https:\/\/www.sbq.org.br\/organica\/wp-json\/wp\/v2\/users\/1"}],"replies":[{"embeddable":true,"href":"https:\/\/www.sbq.org.br\/organica\/wp-json\/wp\/v2\/comments?post=35"}],"version-history":[{"count":1,"href":"https:\/\/www.sbq.org.br\/organica\/wp-json\/wp\/v2\/pages\/35\/revisions"}],"predecessor-version":[{"id":36,"href":"https:\/\/www.sbq.org.br\/organica\/wp-json\/wp\/v2\/pages\/35\/revisions\/36"}],"wp:attachment":[{"href":"https:\/\/www.sbq.org.br\/organica\/wp-json\/wp\/v2\/media?parent=35"}],"curies":[{"name":"wp","href":"https:\/\/api.w.org\/{rel}","templated":true}]}}