{"id":31,"date":"2024-01-10T11:44:12","date_gmt":"2024-01-10T14:44:12","guid":{"rendered":"https:\/\/www.sbq.org.br\/organica\/?page_id=31"},"modified":"2024-01-18T16:09:00","modified_gmt":"2024-01-18T19:09:00","slug":"relatorios","status":"publish","type":"page","link":"https:\/\/www.sbq.org.br\/organica\/relatorios\/","title":{"rendered":"Relat\u00f3rios"},"content":{"rendered":"\n<section id=\"g684adf\" class=\"wp-block-gutentor-p4 section-g684adf gutentor-post-module gutentor-advanced-post-module\" data-gpid=\"31\" data-l-ani=\"gp4-animation-1\" data-i-b=\"gutentor\/p1\" data-maxnumpages=\"1\">\n\n<section class=\"gutentor-post-module section-b5177477-f72e-487e-9845-0e5925720562 gutentor-post-module-p1 gutentor_p1_template1 wp-block-gutentor-p1 gutentor-blog-grid\" id=\"b5177477-f72e-487e-9845-0e5925720562\" data-gbid=\"b5177477-f72e-487e-9845-0e5925720562\" >\n<div class='grid-container'><div class='grid-row' ><article class='gutentor-post gutentor-post-no-thumb  grid-lg-12 grid-md-4 grid-12'><div class='gutentor-post-item'><div class=\"gutentor-post-title-data-wrap\"><h3 class=\"gutentor-post-title\"><a href=\"https:\/\/www.sbq.org.br\/organica\/participacao-da-dqo-nos-40-anos-da-sbq-revista-quimica-nova\/\" rel=\"bookmark\">Participa\u00e7\u00e3o da DQO nos 40 anos da SBQ &#8211; revista Qu\u00edmica Nova<\/a><\/h3><\/div><div class=\"gutentor-post-desc\">A DQO escreveu um artigo sobre a evolu\u00e7\u00e3o da S\u00edntese Total de produtos naturais nos 40 anos da SBQ. &hellip;<\/div><a class=\"gutentor-button gutentor-post-button\"  href=\"https:\/\/www.sbq.org.br\/organica\/participacao-da-dqo-nos-40-anos-da-sbq-revista-quimica-nova\/\" href=\"https:\/\/www.sbq.org.br\/organica\/participacao-da-dqo-nos-40-anos-da-sbq-revista-quimica-nova\/\"><span>Read More<\/span><\/a><\/div><\/article><article class='gutentor-post gutentor-post-no-thumb  grid-lg-12 grid-md-4 grid-12'><div class='gutentor-post-item'><div class=\"gutentor-post-title-data-wrap\"><h3 class=\"gutentor-post-title\"><a href=\"https:\/\/www.sbq.org.br\/organica\/jcr-impact-factor-2014\/\" rel=\"bookmark\">JCR Impact Factor 2014<\/a><\/h3><\/div><div class=\"gutentor-post-desc\">Acaba de ser lan\u00e7ado pelo JCR o fator de impacto dos jornais para o ano base 2015. Confira os valore&hellip;<\/div><a class=\"gutentor-button gutentor-post-button\"  href=\"https:\/\/www.sbq.org.br\/organica\/jcr-impact-factor-2014\/\" href=\"https:\/\/www.sbq.org.br\/organica\/jcr-impact-factor-2014\/\"><span>Read More<\/span><\/a><\/div><\/article><article class='gutentor-post gutentor-post-no-thumb  grid-lg-12 grid-md-4 grid-12'><div class='gutentor-post-item'><div class=\"gutentor-post-title-data-wrap\"><h3 class=\"gutentor-post-title\"><a href=\"https:\/\/www.sbq.org.br\/organica\/boletim-divisao-de-quimica-organica-no-1\/\" rel=\"bookmark\">Boletim Divis\u00e3o de Qu\u00edmica Org\u00e2nica no 1<\/a><\/h3><\/div><div class=\"gutentor-post-desc\">Boletim da Divis\u00e3o de Qu\u00edmica Org\u00e2nica no1, Edi\u00e7\u00e3o Junho 2015http:\/\/www.sbq.org.br\/wp-content\/upload&hellip;<\/div><a class=\"gutentor-button gutentor-post-button\"  href=\"https:\/\/www.sbq.org.br\/organica\/boletim-divisao-de-quimica-organica-no-1\/\" href=\"https:\/\/www.sbq.org.br\/organica\/boletim-divisao-de-quimica-organica-no-1\/\"><span>Read More<\/span><\/a><\/div><\/article><article class='gutentor-post gutentor-post-no-thumb  grid-lg-12 grid-md-4 grid-12'><div class='gutentor-post-item'><div class=\"gutentor-post-title-data-wrap\"><h3 class=\"gutentor-post-title\"><a href=\"https:\/\/www.sbq.org.br\/organica\/ata-38a-rasbq-versao-para-correcao\/\" rel=\"bookmark\">Ata 38a RASBQ &#8211; vers\u00e3o para corre\u00e7\u00e3o<\/a><\/h3><\/div><div class=\"gutentor-post-desc\">Prezados associados, em anexo segue a Ata de nossa reuni\u00e3o durante a 38a RASBQ para sua avalia\u00e7\u00e3o e &hellip;<\/div><a class=\"gutentor-button gutentor-post-button\"  href=\"https:\/\/www.sbq.org.br\/organica\/ata-38a-rasbq-versao-para-correcao\/\" href=\"https:\/\/www.sbq.org.br\/organica\/ata-38a-rasbq-versao-para-correcao\/\"><span>Read More<\/span><\/a><\/div><\/article><\/div><\/div><\/section>\n\n\n<div id=\"section-g44bd40\" class=\"wp-block-gutentor-e17 section-g44bd40 gutentor-element gutentor-post-footer\"><div class=\"grid-container\"><div class=\"grid-row\">\n<div id=\"col-gm9b2f4f\" class=\"wp-block-gutentor-e15 gutentor-single-column  grid-lg-12 grid-md-12 grid-12\"><div id=\"section-gm9b2f4f\" class=\"section-gm9b2f4f gutentor-col-wrap\">\n<div id=\"section-g8c724e\" class=\"wp-block-gutentor-e12 section-g8c724e gutentor-element gutentor-element-pagination text-align-center-mobile\"><div class=\"gutentor-pagination-wrap\" data-maxnumpages=\"1\"><ul class=\"gutentor-pagination\"><li class=\"gutentor-pagination-item gutentor-pagination-prev\"><a class=\"gutentor-pagination-link gutentor-disabled\" href=\"#\"><i class=\"fas fa-chevron-left\"><\/i>Previous<\/a><\/li><li class=\"gutentor-pagination-item gutentor-pagination-active\" data-gpage=\"1\"><a class=\"gutentor-pagination-link\" href=\"#\">1<\/a><\/li><li class=\"gutentor-pagination-item gutentor-pagination-next\"><a class=\"gutentor-pagination-link gutentor-disabled\" href=\"#\" data-gpage=\"2\">Next<i class=\"fas fa-chevron-right\"><\/i><\/a><\/li><\/ul><\/div><\/div>\n<\/div><\/div>\n<\/div><\/div><\/div>\n<\/section>\n","protected":false},"excerpt":{"rendered":"","protected":false},"author":1,"featured_media":0,"parent":0,"menu_order":0,"comment_status":"closed","ping_status":"closed","template":"institucional","meta":{"footnotes":""},"_links":{"self":[{"href":"https:\/\/www.sbq.org.br\/organica\/wp-json\/wp\/v2\/pages\/31"}],"collection":[{"href":"https:\/\/www.sbq.org.br\/organica\/wp-json\/wp\/v2\/pages"}],"about":[{"href":"https:\/\/www.sbq.org.br\/organica\/wp-json\/wp\/v2\/types\/page"}],"author":[{"embeddable":true,"href":"https:\/\/www.sbq.org.br\/organica\/wp-json\/wp\/v2\/users\/1"}],"replies":[{"embeddable":true,"href":"https:\/\/www.sbq.org.br\/organica\/wp-json\/wp\/v2\/comments?post=31"}],"version-history":[{"count":2,"href":"https:\/\/www.sbq.org.br\/organica\/wp-json\/wp\/v2\/pages\/31\/revisions"}],"predecessor-version":[{"id":52,"href":"https:\/\/www.sbq.org.br\/organica\/wp-json\/wp\/v2\/pages\/31\/revisions\/52"}],"wp:attachment":[{"href":"https:\/\/www.sbq.org.br\/organica\/wp-json\/wp\/v2\/media?parent=31"}],"curies":[{"name":"wp","href":"https:\/\/api.w.org\/{rel}","templated":true}]}}