{"id":9,"date":"2024-01-08T16:54:41","date_gmt":"2024-01-08T19:54:41","guid":{"rendered":"https:\/\/www.sbq.org.br\/nucleo-mulheres\/?page_id=9"},"modified":"2024-01-09T08:38:16","modified_gmt":"2024-01-09T11:38:16","slug":"acoes-e-dados","status":"publish","type":"page","link":"https:\/\/www.sbq.org.br\/nucleo-mulheres\/acoes-e-dados\/","title":{"rendered":"A\u00e7\u00f5es e Dados"},"content":{"rendered":"\n<p>Neste espa\u00e7o ser\u00e3o compiladas todas as informa\u00e7\u00f5es sobre a\u00e7\u00f5es -ligadas \u00e0 quest\u00f5es de g\u00eanero- realizadas pelas pesquisadoras s\u00f3cias da SBQ em suas universidades, com seus grupos de pesquisa, suas premia\u00e7\u00f5es e outras informa\u00e7\u00f5es inspiradoras. O N\u00facleo espera que as associadas se mobilizem para nos enviar informa\u00e7\u00f5es que tornem esse espa\u00e7o vibrante.<\/p>\n","protected":false},"excerpt":{"rendered":"<p>Neste espa\u00e7o ser\u00e3o compiladas todas as informa\u00e7\u00f5es sobre a\u00e7\u00f5es -ligadas \u00e0 quest\u00f5es de g\u00eanero- realizadas pelas pesquisadoras s\u00f3cias da SBQ em suas universidades, com seus grupos de pesquisa, suas premia\u00e7\u00f5es e outras informa\u00e7\u00f5es inspiradoras. O N\u00facleo espera que as associadas se mobilizem para nos enviar informa\u00e7\u00f5es que tornem esse espa\u00e7o vibrante.<\/p>\n","protected":false},"author":1,"featured_media":0,"parent":0,"menu_order":0,"comment_status":"closed","ping_status":"closed","template":"wp-custom-template-a-es","meta":{"footnotes":""},"_links":{"self":[{"href":"https:\/\/www.sbq.org.br\/nucleo-mulheres\/wp-json\/wp\/v2\/pages\/9"}],"collection":[{"href":"https:\/\/www.sbq.org.br\/nucleo-mulheres\/wp-json\/wp\/v2\/pages"}],"about":[{"href":"https:\/\/www.sbq.org.br\/nucleo-mulheres\/wp-json\/wp\/v2\/types\/page"}],"author":[{"embeddable":true,"href":"https:\/\/www.sbq.org.br\/nucleo-mulheres\/wp-json\/wp\/v2\/users\/1"}],"replies":[{"embeddable":true,"href":"https:\/\/www.sbq.org.br\/nucleo-mulheres\/wp-json\/wp\/v2\/comments?post=9"}],"version-history":[{"count":2,"href":"https:\/\/www.sbq.org.br\/nucleo-mulheres\/wp-json\/wp\/v2\/pages\/9\/revisions"}],"predecessor-version":[{"id":51,"href":"https:\/\/www.sbq.org.br\/nucleo-mulheres\/wp-json\/wp\/v2\/pages\/9\/revisions\/51"}],"wp:attachment":[{"href":"https:\/\/www.sbq.org.br\/nucleo-mulheres\/wp-json\/wp\/v2\/media?parent=9"}],"curies":[{"name":"wp","href":"https:\/\/api.w.org\/{rel}","templated":true}]}}