{"id":41,"date":"2024-01-08T17:48:29","date_gmt":"2024-01-08T20:48:29","guid":{"rendered":"https:\/\/www.sbq.org.br\/nucleo-mulheres\/?page_id=41"},"modified":"2024-08-20T17:54:55","modified_gmt":"2024-08-20T20:54:55","slug":"outras-acoes","status":"publish","type":"page","link":"https:\/\/www.sbq.org.br\/nucleo-mulheres\/acoes-e-dados\/outras-acoes\/","title":{"rendered":"Outras A\u00e7\u00f5es"},"content":{"rendered":"\n<table border=\"0\" width=\"100%\" cellspacing=\"10\" cellpadding=\"10\" bgcolor=\"#FFFFDD\">\n<tbody>\n<tr>\n<td align=\"left\" valign=\"top\" bgcolor=\"#FFFFDD\" width=\"5\">\u00a0<\/td>\n<td align=\"left\" valign=\"top\" bgcolor=\"#FFFFDD\" width=\"160\">\n<p>\u00a0<\/p>\n<p>Neste espa\u00e7o ser\u00e3o compiladas informa\u00e7\u00f5es sobre a\u00e7\u00f5es importantes ligadas \u00e0 quest\u00f5es de g\u00eanero que possam ser de interesse da comunidade qu\u00edmica em geral.<\/p>\n<p>\u00a0<\/p>\n<p>&#8211;\u00a0<strong><a href=\"https:\/\/genderinsite.net\/sites\/default\/files\/GenderInnovation.pdf\" target=\"_blank\" rel=\"noopener\">Gender and Innovation: Implications for Sustainable Development. A GerderInSITE Policy Brief.<\/a><\/strong><\/p>\n<p><strong>&#8211;\u00a0<a href=\"https:\/\/www.mulheresnaciencia.org\/maternidade-e-ciencia?fbclid=IwAR1R2u-wEkNJit37AFt-9yMqcRZAqAcI4Ue7PWQiuF-l9l-6bzP4S6HqCwo\" target=\"_blank\" rel=\"noopener\">Maternidade e Ci\u00eancia<\/a><\/strong><\/p>\n<p><strong>&#8211;\u00a0<a href=\"http:\/\/www.sbq.org.br\/anexos\/em-tempos-de-pandemia-como-elas-estao.pdf\" target=\"_blank\" rel=\"noopener\">Em tempos de pandemia, como elas est\u00e3o?<\/a><\/strong><\/p>\n<p><strong>&#8211;\u00a0<a href=\"https:\/\/327b604e-5cf4-492b-910b-e35e2bc67511.filesusr.com\/ugd\/0b341b_81cd8390d0f94bfd8fcd17ee6f29bc0e.pdf?index=true\" target=\"_blank\" rel=\"noopener\">PRODUTIVIDADE ACAD\u00caMICA DURANTE A PANDEMIA: Efeitos de g\u00eanero, ra\u00e7a e parentalidade<\/a><\/strong><\/p>\n<p>\u00a0<\/p>\n<p>\u00a0<\/p>\n<p>\u00a0<\/p>\n<p>\u00a0<\/p>\n<p>\u00a0<\/p>\n<p>\u00a0<\/p>\n<\/td>\n<td valign=\"top\" width=\"5\">\u00a0<\/td>\n<\/tr>\n<\/tbody>\n<\/table>\n<p>\u00a0<\/p>\n","protected":false},"excerpt":{"rendered":"<p>\u00a0 \u00a0 Neste espa\u00e7o ser\u00e3o compiladas informa\u00e7\u00f5es sobre a\u00e7\u00f5es importantes ligadas \u00e0 quest\u00f5es de g\u00eanero que possam ser de interesse da comunidade qu\u00edmica em geral. \u00a0 &#8211;\u00a0Gender and Innovation: Implications for Sustainable Development. A GerderInSITE Policy Brief. &#8211;\u00a0Maternidade e Ci\u00eancia &#8211;\u00a0Em tempos de pandemia, como elas est\u00e3o? &#8211;\u00a0PRODUTIVIDADE ACAD\u00caMICA DURANTE A PANDEMIA: Efeitos de g\u00eanero, [&hellip;]<\/p>\n","protected":false},"author":1,"featured_media":0,"parent":9,"menu_order":0,"comment_status":"closed","ping_status":"closed","template":"wp-custom-template-a-es","meta":{"footnotes":""},"_links":{"self":[{"href":"https:\/\/www.sbq.org.br\/nucleo-mulheres\/wp-json\/wp\/v2\/pages\/41"}],"collection":[{"href":"https:\/\/www.sbq.org.br\/nucleo-mulheres\/wp-json\/wp\/v2\/pages"}],"about":[{"href":"https:\/\/www.sbq.org.br\/nucleo-mulheres\/wp-json\/wp\/v2\/types\/page"}],"author":[{"embeddable":true,"href":"https:\/\/www.sbq.org.br\/nucleo-mulheres\/wp-json\/wp\/v2\/users\/1"}],"replies":[{"embeddable":true,"href":"https:\/\/www.sbq.org.br\/nucleo-mulheres\/wp-json\/wp\/v2\/comments?post=41"}],"version-history":[{"count":2,"href":"https:\/\/www.sbq.org.br\/nucleo-mulheres\/wp-json\/wp\/v2\/pages\/41\/revisions"}],"predecessor-version":[{"id":669,"href":"https:\/\/www.sbq.org.br\/nucleo-mulheres\/wp-json\/wp\/v2\/pages\/41\/revisions\/669"}],"up":[{"embeddable":true,"href":"https:\/\/www.sbq.org.br\/nucleo-mulheres\/wp-json\/wp\/v2\/pages\/9"}],"wp:attachment":[{"href":"https:\/\/www.sbq.org.br\/nucleo-mulheres\/wp-json\/wp\/v2\/media?parent=41"}],"curies":[{"name":"wp","href":"https:\/\/api.w.org\/{rel}","templated":true}]}}