{"id":39,"date":"2024-01-08T17:47:58","date_gmt":"2024-01-08T20:47:58","guid":{"rendered":"https:\/\/www.sbq.org.br\/nucleo-mulheres\/?page_id=39"},"modified":"2024-08-20T17:54:23","modified_gmt":"2024-08-20T20:54:23","slug":"acoes-de-associadas-sbq","status":"publish","type":"page","link":"https:\/\/www.sbq.org.br\/nucleo-mulheres\/acoes-e-dados\/acoes-de-associadas-sbq\/","title":{"rendered":"A\u00e7\u00f5es de Associadas SBQ"},"content":{"rendered":"\n<table border=\"0\" width=\"100%\" cellspacing=\"10\" cellpadding=\"10\" bgcolor=\"#FFFFDD\">\n<tbody>\n<tr>\n<td align=\"left\" valign=\"top\" bgcolor=\"#FFFFDD\" width=\"5\">\u00a0<\/td>\n<td align=\"left\" valign=\"top\" bgcolor=\"#FFFFDD\" width=\"160\">\n<p>\u00a0<\/p>\n<p>Neste espa\u00e7o ser\u00e3o compiladas todas as informa\u00e7\u00f5es sobre a\u00e7\u00f5es -ligadas \u00e0 quest\u00f5es de g\u00eanero- realizadas pelas pesquisadoras s\u00f3cias da SBQ em suas universidades, com seus grupos de pesquisa, suas premia\u00e7\u00f5es e outras informa\u00e7\u00f5es inspiradoras. O N\u00facleo espera que as associadas se mobilizem para nos enviar informa\u00e7\u00f5es que tornem esse espa\u00e7o vibrante.<\/p>\n<p align=\"justify\">\u00a0<\/p>\n<p align=\"justify\"><strong>&#8211;\u00a0<a href=\"http:\/\/ccs2.ufpel.edu.br\/wp\/2019\/09\/26\/elas-na-ciencia-registra-mais-de-170-participantes-na-ufpel\/\" target=\"_blank\" rel=\"noopener\">Elas na Ci\u00eancia registra mais de 170 participantes na UFPel<\/a><\/strong><\/p>\n<p align=\"justify\"><strong>&#8211;\u00a0<\/strong><strong><a href=\"https:\/\/www.ufpr.br\/portalufpr\/noticias\/professoras-da-ufpr-lancam-livro-de-passatempos-sobre-mulheres-cientistas-no-combate-ao-coronavirus-baixe-gratuitamente\/\" target=\"_blank\" rel=\"noopener\">Livro de passatempos sobre mulheres cientistas no combate ao coronav\u00edrus<\/a><\/strong><\/p>\n<p align=\"justify\"><strong>&#8211;\u00a0<a href=\"https:\/\/www.youtube.com\/channel\/UCG-lm5zWwGNfWPHFCrdMCUg\" target=\"_blank\" rel=\"noopener\">Projeto Quiminas da Universidade Federal de Uberl\u00e2ndia<\/a><\/strong><\/p>\n<p align=\"justify\">\u00a0<\/p>\n<p align=\"justify\">\u00a0<\/p>\n<p align=\"justify\">\u00a0<\/p>\n<p align=\"justify\">\u00a0<\/p>\n<\/td>\n<td valign=\"top\" width=\"5\">\u00a0<\/td>\n<\/tr>\n<\/tbody>\n<\/table>\n<p>\u00a0<\/p>\n","protected":false},"excerpt":{"rendered":"<p>\u00a0 \u00a0 Neste espa\u00e7o ser\u00e3o compiladas todas as informa\u00e7\u00f5es sobre a\u00e7\u00f5es -ligadas \u00e0 quest\u00f5es de g\u00eanero- realizadas pelas pesquisadoras s\u00f3cias da SBQ em suas universidades, com seus grupos de pesquisa, suas premia\u00e7\u00f5es e outras informa\u00e7\u00f5es inspiradoras. O N\u00facleo espera que as associadas se mobilizem para nos enviar informa\u00e7\u00f5es que tornem esse espa\u00e7o vibrante. \u00a0 &#8211;\u00a0Elas [&hellip;]<\/p>\n","protected":false},"author":1,"featured_media":0,"parent":9,"menu_order":0,"comment_status":"closed","ping_status":"closed","template":"wp-custom-template-a-es","meta":{"footnotes":""},"_links":{"self":[{"href":"https:\/\/www.sbq.org.br\/nucleo-mulheres\/wp-json\/wp\/v2\/pages\/39"}],"collection":[{"href":"https:\/\/www.sbq.org.br\/nucleo-mulheres\/wp-json\/wp\/v2\/pages"}],"about":[{"href":"https:\/\/www.sbq.org.br\/nucleo-mulheres\/wp-json\/wp\/v2\/types\/page"}],"author":[{"embeddable":true,"href":"https:\/\/www.sbq.org.br\/nucleo-mulheres\/wp-json\/wp\/v2\/users\/1"}],"replies":[{"embeddable":true,"href":"https:\/\/www.sbq.org.br\/nucleo-mulheres\/wp-json\/wp\/v2\/comments?post=39"}],"version-history":[{"count":2,"href":"https:\/\/www.sbq.org.br\/nucleo-mulheres\/wp-json\/wp\/v2\/pages\/39\/revisions"}],"predecessor-version":[{"id":668,"href":"https:\/\/www.sbq.org.br\/nucleo-mulheres\/wp-json\/wp\/v2\/pages\/39\/revisions\/668"}],"up":[{"embeddable":true,"href":"https:\/\/www.sbq.org.br\/nucleo-mulheres\/wp-json\/wp\/v2\/pages\/9"}],"wp:attachment":[{"href":"https:\/\/www.sbq.org.br\/nucleo-mulheres\/wp-json\/wp\/v2\/media?parent=39"}],"curies":[{"name":"wp","href":"https:\/\/api.w.org\/{rel}","templated":true}]}}