{"id":35,"date":"2024-01-08T17:24:14","date_gmt":"2024-01-08T20:24:14","guid":{"rendered":"https:\/\/www.sbq.org.br\/nucleo-mulheres\/?page_id=35"},"modified":"2024-01-16T16:22:19","modified_gmt":"2024-01-16T19:22:19","slug":"resolucao-no-1-2019","status":"publish","type":"page","link":"https:\/\/www.sbq.org.br\/nucleo-mulheres\/resolucao-no-1-2019\/","title":{"rendered":"RESOLU\u00c7\u00c3O n\u00ba 1\/2019"},"content":{"rendered":"\n<h4 class=\"wp-block-heading\"><p align=\"justify\"><strong>Estabelece a cria\u00e7\u00e3o do N\u00facleo Mulheres SBQ<\/strong><\/p><\/h4>\n\n\n\n<p><p align=\"justify\">A Diretoria e o Conselho Consultivo da Sociedade Brasileira de Qu\u00edmica (SBQ), resolvem instituir, em mar\u00e7o de 2019, o\u00a0<strong>N\u00facleo Mulheres SBQ<\/strong>, para tratar de assuntos relacionados \u00e0 desigualdade de g\u00eanero nas ci\u00eancias qu\u00edmicas e correlatas;<\/p><\/p>\n\n\n\n<p><p align=\"justify\"><strong>Art. 1\u00ba.\u00a0<\/strong>O grupo do\u00a0<strong>N\u00facleo Mulheres SBQ\u00a0<\/strong>ser\u00e1 formado por tr\u00eas componentes mulheres, cujos nomes ser\u00e3o indicados pela Diretoria e Conselho da SBQ na sua primeira reuni\u00e3o ap\u00f3s a posse, priorizando mulheres eleitas para os cargos de diretoria e conselho a cada gest\u00e3o;<\/p><\/p>\n\n\n\n<p><p align=\"justify\"><strong>Art. 2\u00ba.\u00a0<\/strong>O\u00a0<strong>N\u00facleo Mulheres SBQ\u00a0<\/strong>promover\u00e1 a\u00e7\u00f5es para estimular o debate e para diminuir a desigualdade de g\u00eanero na \u00e1rea de qu\u00edmica no pa\u00eds, em todos os n\u00edveis, e para contribuir para a forma\u00e7\u00e3o de lideran\u00e7as femininas na \u00e1rea, no pa\u00eds;<\/p><\/p>\n\n\n\n<p><p align=\"justify\"><strong>Art. 3\u00ba \u2013\u00a0<\/strong>Esta Resolu\u00e7\u00e3o entra em vigor na data de sua aprova\u00e7\u00e3o pela Diretoria e Conselho Consultivo da SBQ.<\/p><\/p>\n\n\n\n<p><p align=\"justify\"><strong>Estabelece a cria\u00e7\u00e3o do N\u00facleo Mulheres SBQ<\/strong><\/p><\/p>\n","protected":false},"excerpt":{"rendered":"<p>Estabelece a cria\u00e7\u00e3o do N\u00facleo Mulheres SBQ A Diretoria e o Conselho Consultivo da Sociedade Brasileira de Qu\u00edmica (SBQ), resolvem instituir, em mar\u00e7o de 2019, o\u00a0N\u00facleo Mulheres SBQ, para tratar de assuntos relacionados \u00e0 desigualdade de g\u00eanero nas ci\u00eancias qu\u00edmicas e correlatas; Art. 1\u00ba.\u00a0O grupo do\u00a0N\u00facleo Mulheres SBQ\u00a0ser\u00e1 formado por tr\u00eas componentes mulheres, cujos nomes [&hellip;]<\/p>\n","protected":false},"author":1,"featured_media":0,"parent":0,"menu_order":0,"comment_status":"closed","ping_status":"closed","template":"","meta":{"footnotes":""},"_links":{"self":[{"href":"https:\/\/www.sbq.org.br\/nucleo-mulheres\/wp-json\/wp\/v2\/pages\/35"}],"collection":[{"href":"https:\/\/www.sbq.org.br\/nucleo-mulheres\/wp-json\/wp\/v2\/pages"}],"about":[{"href":"https:\/\/www.sbq.org.br\/nucleo-mulheres\/wp-json\/wp\/v2\/types\/page"}],"author":[{"embeddable":true,"href":"https:\/\/www.sbq.org.br\/nucleo-mulheres\/wp-json\/wp\/v2\/users\/1"}],"replies":[{"embeddable":true,"href":"https:\/\/www.sbq.org.br\/nucleo-mulheres\/wp-json\/wp\/v2\/comments?post=35"}],"version-history":[{"count":3,"href":"https:\/\/www.sbq.org.br\/nucleo-mulheres\/wp-json\/wp\/v2\/pages\/35\/revisions"}],"predecessor-version":[{"id":352,"href":"https:\/\/www.sbq.org.br\/nucleo-mulheres\/wp-json\/wp\/v2\/pages\/35\/revisions\/352"}],"wp:attachment":[{"href":"https:\/\/www.sbq.org.br\/nucleo-mulheres\/wp-json\/wp\/v2\/media?parent=35"}],"curies":[{"name":"wp","href":"https:\/\/api.w.org\/{rel}","templated":true}]}}