{"id":340,"date":"2024-01-16T10:40:32","date_gmt":"2024-01-16T13:40:32","guid":{"rendered":"https:\/\/www.sbq.org.br\/nucleo-mulheres\/?page_id=340"},"modified":"2024-01-16T10:55:07","modified_gmt":"2024-01-16T13:55:07","slug":"venha-fazer-parte-do-nucleo-mulheres-sbq-e-faca-a-diferenca","status":"publish","type":"page","link":"https:\/\/www.sbq.org.br\/nucleo-mulheres\/acoes-e-dados\/acoes-do-nucleo-e-de-dc\/venha-fazer-parte-do-nucleo-mulheres-sbq-e-faca-a-diferenca\/","title":{"rendered":"Venha fazer parte do N\u00facleo Mulheres SBQ e fa\u00e7a a diferen\u00e7a!"},"content":{"rendered":"\n<p>Apesar de existir h\u00e1 apenas 2 anos, o N\u00facleo Mulheres SBQ j\u00e1 fez muito, mas pode fazer muito mais com a ajuda de voc\u00eas. Assim, visando a amplia\u00e7\u00e3o de suas atividades, convidamos todas(os) as(os) associadas(os) interessadas(os) em participar das comiss\u00f5es a serem criadas (listadas abaixo) a enviar suas candidaturas para o email&nbsp;<a href=\"mailto:nucleomulheres@sbq.org.br\">nucleomulheres@sbq.org.br<\/a>&nbsp;at\u00e9 o dia 07 de junho de 2021:<\/p>\n\n\n\n<p><strong>Comiss\u00e3o m\u00eddias sociais e coleta de not\u00edcias<\/strong>&nbsp;\u2013 Respons\u00e1vel pelas atualiza\u00e7\u00f5es das m\u00eddias sociais e pelo levantamento de not\u00edcias relacionadas ao tema &#8220;mulheres na ci\u00eancia&#8221;;<\/p>\n\n\n\n<p><strong>Assessoria de imprensa<\/strong>&nbsp;&#8211; Respons\u00e1vel pelo di\u00e1logo e articula\u00e7\u00e3o com ve\u00edculos de comunica\u00e7\u00e3o e com organizadores de eventos, onde o N\u00facleo \u00e9 convidado a participar;<\/p>\n\n\n\n<p><strong>Designer gr\u00e1fico&nbsp;<\/strong>&#8211; Contribuir com a parte gr\u00e1fica do N\u00facleo (folders, cartazes de divulga\u00e7\u00e3o etc.)<\/p>\n\n\n\n<p><strong>Comiss\u00e3o eventos<\/strong>&nbsp;\u2013 Respons\u00e1vel em propor e organizar atividades originais relacionadas ao N\u00facleo;<\/p>\n\n\n\n<p><strong>Comiss\u00e3o &#8220;Hist\u00f3ria das mulheres da SBQ&#8221;<\/strong>&nbsp;&#8211; Respons\u00e1vel pelo levantamento hist\u00f3rico das importantes mulheres que passaram pelo SBQ para cria\u00e7\u00e3o de um portf\u00f3lio.<\/p>\n\n\n\n<p>Para se candidatar basta ser associada(o) SBQ em dia com a anuidade, em qualquer n\u00edvel da carreira (estudantes, professores, t\u00e9cnicos etc), e enviar um e-mail contendo nome, institui\u00e7\u00e3o e um texto com no m\u00e1ximo 200 palavras explicando a raz\u00e3o de se interessar pela comiss\u00e3o escolhida.<\/p>\n\n\n\n<p>Aguardamos voc\u00eas para construirmos um grande time!<\/p>\n\n\n\n<p><em>N\u00facleo Mulheres SBQ<\/em><\/p>\n","protected":false},"excerpt":{"rendered":"<p>Apesar de existir h\u00e1 apenas 2 anos, o N\u00facleo Mulheres SBQ j\u00e1 fez muito, mas pode fazer muito mais com a ajuda de voc\u00eas. Assim, visando a amplia\u00e7\u00e3o de suas atividades, convidamos todas(os) as(os) associadas(os) interessadas(os) em participar das comiss\u00f5es a serem criadas (listadas abaixo) a enviar suas candidaturas para o email&nbsp;nucleomulheres@sbq.org.br&nbsp;at\u00e9 o dia 07 [&hellip;]<\/p>\n","protected":false},"author":1,"featured_media":0,"parent":37,"menu_order":0,"comment_status":"closed","ping_status":"closed","template":"wp-custom-template-a-es","meta":{"footnotes":""},"_links":{"self":[{"href":"https:\/\/www.sbq.org.br\/nucleo-mulheres\/wp-json\/wp\/v2\/pages\/340"}],"collection":[{"href":"https:\/\/www.sbq.org.br\/nucleo-mulheres\/wp-json\/wp\/v2\/pages"}],"about":[{"href":"https:\/\/www.sbq.org.br\/nucleo-mulheres\/wp-json\/wp\/v2\/types\/page"}],"author":[{"embeddable":true,"href":"https:\/\/www.sbq.org.br\/nucleo-mulheres\/wp-json\/wp\/v2\/users\/1"}],"replies":[{"embeddable":true,"href":"https:\/\/www.sbq.org.br\/nucleo-mulheres\/wp-json\/wp\/v2\/comments?post=340"}],"version-history":[{"count":1,"href":"https:\/\/www.sbq.org.br\/nucleo-mulheres\/wp-json\/wp\/v2\/pages\/340\/revisions"}],"predecessor-version":[{"id":341,"href":"https:\/\/www.sbq.org.br\/nucleo-mulheres\/wp-json\/wp\/v2\/pages\/340\/revisions\/341"}],"up":[{"embeddable":true,"href":"https:\/\/www.sbq.org.br\/nucleo-mulheres\/wp-json\/wp\/v2\/pages\/37"}],"wp:attachment":[{"href":"https:\/\/www.sbq.org.br\/nucleo-mulheres\/wp-json\/wp\/v2\/media?parent=340"}],"curies":[{"name":"wp","href":"https:\/\/api.w.org\/{rel}","templated":true}]}}