{"id":21,"date":"2024-01-08T17:06:18","date_gmt":"2024-01-08T20:06:18","guid":{"rendered":"https:\/\/www.sbq.org.br\/nucleo-mulheres\/?page_id=21"},"modified":"2024-01-16T16:27:33","modified_gmt":"2024-01-16T19:27:33","slug":"politicas-afirmativas","status":"publish","type":"page","link":"https:\/\/www.sbq.org.br\/nucleo-mulheres\/politicas-afirmativas\/","title":{"rendered":"Pol\u00edticas Afirmativas"},"content":{"rendered":"\n<p>Este espa\u00e7o compila e atualiza a\u00e7\u00f5es afirmativas para mulheres no Brasil.<\/p>\n\n\n<nav class=\"is-responsive wp-block-navigation is-layout-flex wp-block-navigation-is-layout-flex\" aria-label=\"politicas afirmativas\" \n\t\t\tdata-wp-interactive\n\t\t\tdata-wp-context='{\"core\":{\"navigation\":{\"overlayOpenedBy\":[],\"type\":\"overlay\",\"roleAttribute\":\"\",\"ariaLabel\":\"Menu\"}}}'\n\t\t><button aria-haspopup=\"true\" aria-label=\"Abrir menu\" class=\"wp-block-navigation__responsive-container-open \" \n\t\t\tdata-wp-on--click=\"actions.core.navigation.openMenuOnClick\"\n\t\t\tdata-wp-on--keydown=\"actions.core.navigation.handleMenuKeydown\"\n\t\t><svg width=\"24\" height=\"24\" xmlns=\"http:\/\/www.w3.org\/2000\/svg\" viewBox=\"0 0 24 24\" aria-hidden=\"true\" focusable=\"false\"><rect x=\"4\" y=\"7.5\" width=\"16\" height=\"1.5\" \/><rect x=\"4\" y=\"15\" width=\"16\" height=\"1.5\" \/><\/svg><\/button>\n\t\t\t<div class=\"wp-block-navigation__responsive-container  \" style=\"\" id=\"modal-1\" \n\t\t\tdata-wp-class--has-modal-open=\"selectors.core.navigation.isMenuOpen\"\n\t\t\tdata-wp-class--is-menu-open=\"selectors.core.navigation.isMenuOpen\"\n\t\t\tdata-wp-effect=\"effects.core.navigation.initMenu\"\n\t\t\tdata-wp-on--keydown=\"actions.core.navigation.handleMenuKeydown\"\n\t\t\tdata-wp-on--focusout=\"actions.core.navigation.handleMenuFocusout\"\n\t\t\ttabindex=\"-1\"\n\t\t>\n\t\t\t\t<div class=\"wp-block-navigation__responsive-close\" tabindex=\"-1\">\n\t\t\t\t\t<div class=\"wp-block-navigation__responsive-dialog\" \n\t\t\tdata-wp-bind--aria-modal=\"selectors.core.navigation.ariaModal\"\n\t\t\tdata-wp-bind--aria-label=\"selectors.core.navigation.ariaLabel\"\n\t\t\tdata-wp-bind--role=\"selectors.core.navigation.roleAttribute\"\n\t\t\tdata-wp-effect=\"effects.core.navigation.focusFirstElement\"\n\t\t>\n\t\t\t\t\t\t\t<button aria-label=\"Fechar menu\" class=\"wp-block-navigation__responsive-container-close\" \n\t\t\tdata-wp-on--click=\"actions.core.navigation.closeMenuOnClick\"\n\t\t><svg xmlns=\"http:\/\/www.w3.org\/2000\/svg\" viewBox=\"0 0 24 24\" width=\"24\" height=\"24\" aria-hidden=\"true\" focusable=\"false\"><path d=\"M13 11.8l6.1-6.3-1-1-6.1 6.2-6.1-6.2-1 1 6.1 6.3-6.5 6.7 1 1 6.5-6.6 6.5 6.6 1-1z\"><\/path><\/svg><\/button>\n\t\t\t\t\t\t<div class=\"wp-block-navigation__responsive-container-content\" id=\"modal-1-content\">\n\t\t\t\t\t\t\t<ul class=\"wp-block-navigation__container is-responsive wp-block-navigation\"><li class=\" wp-block-navigation-item wp-block-navigation-link\"><a class=\"wp-block-navigation-item__content\"  href=\"http:\/\/www.sbq.org.br\/nucleo-mulheres\/wp-content\/uploads\/sites\/37\/2024\/05\/assedio_gtgenero_sbf.pdf\"><span class=\"wp-block-navigation-item__label\">Ass\u00e9dio Moral e Sexual no Ambiente de Trabalho da F\u00edsica<\/span><\/a><\/li><li class=\" wp-block-navigation-item wp-block-navigation-link\"><a class=\"wp-block-navigation-item__content\"  href=\"http:\/\/agencia.fapesp.br\/18434#.Usvod4VdTHM.email\"><span class=\"wp-block-navigation-item__label\">Fapesp &#8211; Licen\u00e7a Maternidade &#8211; Bolsista de DoutoradoFapesp &#8211; Licen\u00e7a Maternidade &#8211; Bolsista de Doutorado<\/span><\/a><\/li><li class=\" wp-block-navigation-item wp-block-navigation-link\"><a class=\"wp-block-navigation-item__content\"  href=\"http:\/\/www.cnpq.br\/web\/guest\/noticiasviews\/-\/journal_content\/56_INSTANCE_a6MO\/10157\/909274\"><span class=\"wp-block-navigation-item__label\">CNPq &#8211; Licen\u00e7a Maternidade &#8211; Bolsista de Produtividade em Pesquisa<\/span><\/a><\/li><li class=\" wp-block-navigation-item wp-block-navigation-link\"><a class=\"wp-block-navigation-item__content\"  href=\"http:\/\/www.sbq.org.br\/nucleo-mulheres\/wp-content\/uploads\/sites\/37\/2024\/05\/licenca-maternidade-cnpq.pdf\"><span class=\"wp-block-navigation-item__label\">CNPq &#8211; Licen\u00e7a Maternidade &#8211; Estudantes de Doutorado<\/span><\/a><\/li><li class=\" wp-block-navigation-item wp-block-navigation-link\"><a class=\"wp-block-navigation-item__content\"  href=\"http:\/\/www.sbq.org.br\/nucleo-mulheres\/wp-content\/uploads\/sites\/37\/2024\/05\/licenca-maternidade-capes.pdf\"><span class=\"wp-block-navigation-item__label\">Capes &#8211; Licen\u00e7a Maternidade &#8211; Estudantes de Doutorado<\/span><\/a><\/li><li class=\" wp-block-navigation-item wp-block-navigation-link\"><a class=\"wp-block-navigation-item__content\"  href=\"http:\/\/www.sbq.org.br\/nucleo-mulheres\/wp-content\/uploads\/sites\/37\/2024\/05\/licenca-maternidade-capes-mais-informes.pdf\"><span class=\"wp-block-navigation-item__label\">Capes &#8211; Licen\u00e7a Maternidade &#8211; Estudantes de Doutorado &#8211; Mais informes<\/span><\/a><\/li><li class=\" wp-block-navigation-item wp-block-navigation-link\"><a class=\"wp-block-navigation-item__content\"  href=\"http:\/\/www.planalto.gov.br\/ccivil_03\/_ato2015-2018\/2017\/Lei\/L13536.htm\"><span class=\"wp-block-navigation-item__label\">Lei 13.536 &#8211; Permite a prorroga\u00e7\u00e3o dos prazos de vig\u00eancia das bolsas de estudo concedidas por ag\u00eancias de fomento \u00e0 pesquisa nos casos de maternidade e de ado\u00e7\u00e3o<\/span><\/a><\/li><\/ul>\n\t\t\t\t\t\t<\/div>\n\t\t\t\t\t<\/div>\n\t\t\t\t<\/div>\n\t\t\t<\/div><\/nav>","protected":false},"excerpt":{"rendered":"<p>Este espa\u00e7o compila e atualiza a\u00e7\u00f5es afirmativas para mulheres no Brasil.<\/p>\n","protected":false},"author":1,"featured_media":0,"parent":0,"menu_order":0,"comment_status":"closed","ping_status":"closed","template":"","meta":{"footnotes":""},"_links":{"self":[{"href":"https:\/\/www.sbq.org.br\/nucleo-mulheres\/wp-json\/wp\/v2\/pages\/21"}],"collection":[{"href":"https:\/\/www.sbq.org.br\/nucleo-mulheres\/wp-json\/wp\/v2\/pages"}],"about":[{"href":"https:\/\/www.sbq.org.br\/nucleo-mulheres\/wp-json\/wp\/v2\/types\/page"}],"author":[{"embeddable":true,"href":"https:\/\/www.sbq.org.br\/nucleo-mulheres\/wp-json\/wp\/v2\/users\/1"}],"replies":[{"embeddable":true,"href":"https:\/\/www.sbq.org.br\/nucleo-mulheres\/wp-json\/wp\/v2\/comments?post=21"}],"version-history":[{"count":3,"href":"https:\/\/www.sbq.org.br\/nucleo-mulheres\/wp-json\/wp\/v2\/pages\/21\/revisions"}],"predecessor-version":[{"id":357,"href":"https:\/\/www.sbq.org.br\/nucleo-mulheres\/wp-json\/wp\/v2\/pages\/21\/revisions\/357"}],"wp:attachment":[{"href":"https:\/\/www.sbq.org.br\/nucleo-mulheres\/wp-json\/wp\/v2\/media?parent=21"}],"curies":[{"name":"wp","href":"https:\/\/api.w.org\/{rel}","templated":true}]}}