{"id":2,"date":"2023-12-13T17:31:16","date_gmt":"2023-12-13T20:31:16","guid":{"rendered":"https:\/\/www.sbq.org.br\/nucleo-mulheres\/?page_id=2"},"modified":"2025-12-16T14:34:54","modified_gmt":"2025-12-16T17:34:54","slug":"pagina-exemplo","status":"publish","type":"page","link":"https:\/\/www.sbq.org.br\/nucleo-mulheres\/","title":{"rendered":"N\u00facleo Mulheres"},"content":{"rendered":"\n<figure class=\"wp-block-image\"><img decoding=\"async\" src=\"http:\/\/www.sbq.org.br\/nucleo-mulheres\/wp-content\/uploads\/sites\/37\/2024\/01\/NovaLogo_HorizColor.png\" alt=\"\" \/><\/figure>\n\n\n\n<p>A SBQ, visando participar ativamente do debate mundial cada vez mais essencial sobre a import\u00e2ncia do trabalho das mulheres nas ci\u00eancias, decidiu criar, em janeiro de 2019, o&nbsp;<em>N\u00facleo Mulheres SBQ <\/em>(<a href=\"resolucao-no-1-2019\/\">RESOLU\u00c7\u00c3O n\u00ba 1\/2019<\/a>). O objetivo deste n\u00facleo ser\u00e1 fornecer dados e destacar a grande contribui\u00e7\u00e3o feminina no cen\u00e1rio da qu\u00edmica no pa\u00eds, estimular o debate e diminuir a desigualdade de g\u00eanero na \u00e1rea, em todos os n\u00edveis, al\u00e9m de contribuir para a forma\u00e7\u00e3o de lideran\u00e7as femininas. O N\u00facleo foi lan\u00e7ado oficialmente durante o Simp\u00f3sio Tem\u00e1tico \u201cMultiplicando refer\u00eancias femininas\u201d, na 42\u00aa Reuni\u00e3o Anual da Sociedade Brasileira de Qu\u00edmica, realizada em Joinville, em maio de 2019.&nbsp;<\/p>\n\n\n\n<p class=\"has-text-align-right\">Rossimiriam P. Freitas<br>Presidenta SBQ 2024-2026<\/p>\n","protected":false},"excerpt":{"rendered":"<p>A SBQ, visando participar ativamente do debate mundial cada vez mais essencial sobre a import\u00e2ncia do trabalho das mulheres nas ci\u00eancias, decidiu criar, em janeiro de 2019, o&nbsp;N\u00facleo Mulheres SBQ (RESOLU\u00c7\u00c3O n\u00ba 1\/2019). O objetivo deste n\u00facleo ser\u00e1 fornecer dados e destacar a grande contribui\u00e7\u00e3o feminina no cen\u00e1rio da qu\u00edmica no pa\u00eds, estimular o debate [&hellip;]<\/p>\n","protected":false},"author":1,"featured_media":0,"parent":0,"menu_order":0,"comment_status":"closed","ping_status":"open","template":"page-notitle","meta":{"footnotes":""},"_links":{"self":[{"href":"https:\/\/www.sbq.org.br\/nucleo-mulheres\/wp-json\/wp\/v2\/pages\/2"}],"collection":[{"href":"https:\/\/www.sbq.org.br\/nucleo-mulheres\/wp-json\/wp\/v2\/pages"}],"about":[{"href":"https:\/\/www.sbq.org.br\/nucleo-mulheres\/wp-json\/wp\/v2\/types\/page"}],"author":[{"embeddable":true,"href":"https:\/\/www.sbq.org.br\/nucleo-mulheres\/wp-json\/wp\/v2\/users\/1"}],"replies":[{"embeddable":true,"href":"https:\/\/www.sbq.org.br\/nucleo-mulheres\/wp-json\/wp\/v2\/comments?post=2"}],"version-history":[{"count":5,"href":"https:\/\/www.sbq.org.br\/nucleo-mulheres\/wp-json\/wp\/v2\/pages\/2\/revisions"}],"predecessor-version":[{"id":778,"href":"https:\/\/www.sbq.org.br\/nucleo-mulheres\/wp-json\/wp\/v2\/pages\/2\/revisions\/778"}],"wp:attachment":[{"href":"https:\/\/www.sbq.org.br\/nucleo-mulheres\/wp-json\/wp\/v2\/media?parent=2"}],"curies":[{"name":"wp","href":"https:\/\/api.w.org\/{rel}","templated":true}]}}