{"id":13,"date":"2024-01-08T16:58:58","date_gmt":"2024-01-08T19:58:58","guid":{"rendered":"https:\/\/www.sbq.org.br\/nucleo-mulheres\/?page_id=13"},"modified":"2025-12-16T22:17:08","modified_gmt":"2025-12-17T01:17:08","slug":"historico","status":"publish","type":"page","link":"https:\/\/www.sbq.org.br\/nucleo-mulheres\/historico\/","title":{"rendered":"Hist\u00f3rico"},"content":{"rendered":"\n<p class=\"has-text-align-left has-medium-font-size\" style=\"padding-top:0;padding-bottom:0\">A SBQ vem dando, nos \u00faltimos anos, cada vez mais import\u00e2ncia ao fundamental debate sobre o papel das mulheres nas ci\u00eancias, de forma geral, e na qu\u00edmica em particular.<\/p>\n\n\n\n<p class=\"has-text-align-left has-medium-font-size\" style=\"padding-top:0;padding-bottom:0\">Em 2017, durante a realiza\u00e7\u00e3o do 46\u00ba Congresso Mundial de Qu\u00edmica e da 40\u00aa RASBQ em SP, a SBQ, em associa\u00e7\u00e3o com a IUPAC, promoveu um simp\u00f3sio de mulheres na ci\u00eancia que, mesmo sendo realizado com outras 12 sess\u00f5es paralelas, foi uma das sess\u00f5es mais lotadas de todo o evento.<\/p>\n\n\n\n<p class=\"has-text-align-left has-medium-font-size\" style=\"padding-top:0;padding-bottom:0\">Em 2018, em Foz do Igua\u00e7u, durante a 41\u00aa Reuni\u00e3o Anual da SBQ, foi realizada a Sess\u00e3o Tem\u00e1tica \u201cElas, as cientistas\u201d, reunindo qu\u00edmicas de gera\u00e7\u00f5es distintas e de regi\u00f5es diferentes da Am\u00e9rica do Sul que abordaram diversos e importantes temas sobre o caminhar das mulheres nas ci\u00eancias. Sess\u00e3o novamente lotada e discuss\u00f5es de alto n\u00edvel fortaleceram entre as associadas o la\u00e7o e o desejo de se criar um n\u00facleo especial de mulheres dentro da Sociedade.<\/p>\n\n\n\n<p class=\"has-text-align-left has-medium-font-size\" style=\"padding-top:0;padding-bottom:0\">Em janeiro de 2019, a Diretoria e Conselho da SBQ aprovou a resolu\u00e7\u00e3o que criava oficialmente o N\u00facleo das Mulheres, que foi ent\u00e3o lan\u00e7ado em Joinville, em 2019, durante a 42\u00aa RASBQ. Sem nenhum evento em paralelo, o Simp\u00f3sio Tem\u00e1tico \u201cMultiplicando Refer\u00eancias femininas\u201d, onde foi lan\u00e7ado o N\u00facleo, contou com a presen\u00e7a de mais de 800 pessoas na plateia, sendo um momento de grande emo\u00e7\u00e3o, que culminou com a entrega do pr\u00eamio Vanderlan da Silva Bolzani, criado como primeira a\u00e7\u00e3o do N\u00facleo.<\/p>\n\n\n\n<p class=\"has-text-align-left has-medium-font-size\" style=\"padding-top:0;padding-bottom:0\">De agora em diante a hist\u00f3ria \u00e9 nossa, que trabalhamos incansavelmente para o fortalecimento da ci\u00eancia qu\u00edmica em todos os seus n\u00edveis. Al\u00e9m deste trabalho natural na ci\u00eancia, o papel central do N\u00facleo \u00e9 estimular o debate e diminuir a desigualdade de g\u00eanero na \u00e1rea de qu\u00edmica no pa\u00eds, e, sobretudo, contribuir para a forma\u00e7\u00e3o de jovens lideran\u00e7as femininas na nossa Sociedade.<\/p>\n\n\n\n<section id=\"section-ca248528-14f1-4c40-ac0e-b336dc69e81a\" class=\"wp-block-gutentor-team alignwide gutentor-section gutentor-team team-template1\"><div class=\"grid-container\"><div class=\"gutentor-block-header\"><div class=\"gutentor-section-title enable-title-design seperator-bottom text-center\"><h2 class=\"gutentor-title\">Coordenadoras da gest\u00e3o 2024-2026<\/h2><\/div><\/div><div class=\"grid-row gutentor-grid-item-wrap\"><div class=\"gutentor-grid-column grid-lg-4 grid-md-4 grid-12\"><div class=\"gutentor-single-item gutentor-image team-template1 gutentor-single-item-0\"><div class=\"gutentor-template-wrapper\"><div class=\"gutentor-single-item-image-box\"><div class=\"gutentor-image-thumb\"><img loading=\"lazy\" decoding=\"async\" class=\"normal-image\" src=\"http:\/\/www.sbq.org.br\/nucleo-mulheres\/wp-content\/uploads\/sites\/37\/2025\/12\/1-Camilla-Buarque-1-1-1.jpeg\" alt=\"\" height=\"100\" width=\"100\" \/><\/div><\/div><div class=\"gutentor-single-item-content\"><h3 class=\"gutentor-single-item-title\">Camilla Buarque<\/h3><p class=\"gutentor-single-item-designation\">(PUC-Rio)<\/p><\/div><\/div><\/div><\/div><div class=\"gutentor-grid-column grid-lg-4 grid-md-4 grid-12\"><div class=\"gutentor-single-item gutentor-image team-template1 gutentor-single-item-1\"><div class=\"gutentor-template-wrapper\"><div class=\"gutentor-single-item-image-box\"><div class=\"gutentor-image-thumb\"><img loading=\"lazy\" decoding=\"async\" class=\"normal-image\" src=\"http:\/\/www.sbq.org.br\/nucleo-mulheres\/wp-content\/uploads\/sites\/37\/2025\/12\/luana-forezi-1.png\" alt=\"\" height=\"100\" width=\"100\" \/><\/div><\/div><div class=\"gutentor-single-item-content\"><h3 class=\"gutentor-single-item-title\">Luana Forezi<\/h3><p class=\"gutentor-single-item-designation\">(UFF)<\/p><\/div><\/div><\/div><\/div><div class=\"gutentor-grid-column grid-lg-4 grid-md-4 grid-12\"><div class=\"gutentor-single-item gutentor-image team-template1 gutentor-single-item-2\"><div class=\"gutentor-template-wrapper\"><div class=\"gutentor-single-item-image-box\"><div class=\"gutentor-image-thumb\"><img loading=\"lazy\" decoding=\"async\" class=\"normal-image\" src=\"http:\/\/www.sbq.org.br\/nucleo-mulheres\/wp-content\/uploads\/sites\/37\/2025\/12\/vanessa-nascimento-1.jpg\" alt=\"\" height=\"100\" width=\"100\" \/><\/div><\/div><div class=\"gutentor-single-item-content\"><h3 class=\"gutentor-single-item-title\">Vanessa Nascimento<\/h3><p class=\"gutentor-single-item-designation\">(UFF)<\/p><\/div><\/div><\/div><\/div><\/div><\/div><\/section>\n\n\n\n<section id=\"section-c60345f7-0cd6-4ff8-9894-8f42c50c07cc\" class=\"wp-block-gutentor-team alignwide gutentor-section gutentor-team team-template1\"><div class=\"grid-container\"><div class=\"gutentor-block-header\"><div class=\"gutentor-section-title enable-title-design seperator-bottom text-center\"><h2 class=\"gutentor-title\">Coordenadoras da gest\u00e3o 2022-2024<\/h2><\/div><\/div><div class=\"grid-row gutentor-grid-item-wrap\"><div class=\"gutentor-grid-column grid-lg-4 grid-md-4 grid-12\"><div class=\"gutentor-single-item gutentor-image team-template1 gutentor-single-item-0\"><div class=\"gutentor-template-wrapper\"><div class=\"gutentor-single-item-image-box\"><div class=\"gutentor-image-thumb\"><img loading=\"lazy\" decoding=\"async\" class=\"normal-image\" src=\"http:\/\/www.sbq.org.br\/nucleo-mulheres\/wp-content\/uploads\/sites\/37\/2025\/12\/Denise-Brentan-da-Silva-1-1.jpg\" alt=\"\" height=\"100\" width=\"100\" \/><\/div><\/div><div class=\"gutentor-single-item-content\"><h3 class=\"gutentor-single-item-title\">Denise Brentan<\/h3><p class=\"gutentor-single-item-designation\">(UFMS)<\/p><\/div><\/div><\/div><\/div><div class=\"gutentor-grid-column grid-lg-4 grid-md-4 grid-12\"><div class=\"gutentor-single-item gutentor-image team-template1 gutentor-single-item-1\"><div class=\"gutentor-template-wrapper\"><div class=\"gutentor-single-item-image-box\"><div class=\"gutentor-image-thumb\"><img loading=\"lazy\" decoding=\"async\" class=\"normal-image\" src=\"http:\/\/www.sbq.org.br\/nucleo-mulheres\/wp-content\/uploads\/sites\/37\/2024\/05\/claudia-nucleo-mulheres.png\" alt=\"\" height=\"100\" width=\"100\" \/><\/div><\/div><div class=\"gutentor-single-item-content\"><h3 class=\"gutentor-single-item-title\">Cl\u00e1uda Rezende<\/h3><p class=\"gutentor-single-item-designation\">(UFRJ)<\/p><\/div><\/div><\/div><\/div><div class=\"gutentor-grid-column grid-lg-4 grid-md-4 grid-12\"><div class=\"gutentor-single-item gutentor-image team-template1 gutentor-single-item-2\"><div class=\"gutentor-template-wrapper\"><div class=\"gutentor-single-item-image-box\"><div class=\"gutentor-image-thumb\"><img loading=\"lazy\" decoding=\"async\" class=\"normal-image\" src=\"http:\/\/www.sbq.org.br\/nucleo-mulheres\/wp-content\/uploads\/sites\/37\/2025\/12\/daniela-anunciacao-1.png\" alt=\"\" height=\"100\" width=\"100\" \/><\/div><\/div><div class=\"gutentor-single-item-content\"><h3 class=\"gutentor-single-item-title\">Daniela Anuncia\u00e7\u00e3o<\/h3><p class=\"gutentor-single-item-designation\">(UFAL)<\/p><\/div><\/div><\/div><\/div><\/div><\/div><\/section>\n\n\n\n<section id=\"section-c6467958-3e76-4aaf-bc62-5668d0ac5482\" class=\"wp-block-gutentor-team alignwide gutentor-section gutentor-team team-template1\"><div class=\"grid-container\"><div class=\"gutentor-block-header\"><div class=\"gutentor-section-title enable-title-design seperator-bottom text-center\"><h2 class=\"gutentor-title\">Coordenadoras da gest\u00e3o 2020-2022<\/h2><\/div><\/div><div class=\"grid-row gutentor-grid-item-wrap\"><div class=\"gutentor-grid-column grid-lg-4 grid-md-4 grid-12\"><div class=\"gutentor-single-item gutentor-image team-template1 gutentor-single-item-0\"><div class=\"gutentor-template-wrapper\"><div class=\"gutentor-single-item-image-box\"><div class=\"gutentor-image-thumb\"><img loading=\"lazy\" decoding=\"async\" class=\"normal-image\" src=\"http:\/\/www.sbq.org.br\/nucleo-mulheres\/wp-content\/uploads\/sites\/37\/2025\/12\/candDir2022-RossimiriamPFreitas-1-2.png\" alt=\"\" height=\"100\" width=\"100\" \/><\/div><\/div><div class=\"gutentor-single-item-content\"><h3 class=\"gutentor-single-item-title\">Rossimiriam Freitas<\/h3><p class=\"gutentor-single-item-designation\">(UFMG)<\/p><\/div><\/div><\/div><\/div><div class=\"gutentor-grid-column grid-lg-4 grid-md-4 grid-12\"><div class=\"gutentor-single-item gutentor-image team-template1 gutentor-single-item-1\"><div class=\"gutentor-template-wrapper\"><div class=\"gutentor-single-item-image-box\"><div class=\"gutentor-image-thumb\"><img loading=\"lazy\" decoding=\"async\" class=\"normal-image\" src=\"http:\/\/www.sbq.org.br\/nucleo-mulheres\/wp-content\/uploads\/sites\/37\/2024\/05\/elisa-orth-nucleo-mulheres.jpg\" alt=\"\" height=\"100\" width=\"100\" \/><\/div><\/div><div class=\"gutentor-single-item-content\"><h3 class=\"gutentor-single-item-title\">Elisa Orth<\/h3><p class=\"gutentor-single-item-designation\">(UFPR)<\/p><\/div><\/div><\/div><\/div><div class=\"gutentor-grid-column grid-lg-4 grid-md-4 grid-12\"><div class=\"gutentor-single-item gutentor-image team-template1 gutentor-single-item-2\"><div class=\"gutentor-template-wrapper\"><div class=\"gutentor-single-item-image-box\"><div class=\"gutentor-image-thumb\"><img loading=\"lazy\" decoding=\"async\" class=\"normal-image\" src=\"http:\/\/www.sbq.org.br\/nucleo-mulheres\/wp-content\/uploads\/sites\/37\/2024\/05\/carolina-horta.jpg\" alt=\"\" height=\"100\" width=\"100\" \/><\/div><\/div><div class=\"gutentor-single-item-content\"><h3 class=\"gutentor-single-item-title\">Carolina Andrade<\/h3><p class=\"gutentor-single-item-designation\">(UFG)<\/p><\/div><\/div><\/div><\/div><\/div><\/div><\/section>\n\n\n\n<section id=\"section-39df4d61-f509-468d-997b-a1afd9d9b8fd\" class=\"wp-block-gutentor-team alignwide gutentor-section gutentor-team team-template1\"><div class=\"grid-container\"><div class=\"gutentor-block-header\"><div class=\"gutentor-section-title enable-title-design seperator-bottom text-center\"><h2 class=\"gutentor-title\">Coordenadoras da gest\u00e3o 2018-2020<\/h2><\/div><\/div><div class=\"grid-row gutentor-grid-item-wrap\"><div class=\"gutentor-grid-column grid-lg-4 grid-md-4 grid-12\"><div class=\"gutentor-single-item gutentor-image team-template1 gutentor-single-item-0\"><div class=\"gutentor-template-wrapper\"><div class=\"gutentor-single-item-image-box\"><div class=\"gutentor-image-thumb\"><img loading=\"lazy\" decoding=\"async\" class=\"normal-image\" src=\"http:\/\/www.sbq.org.br\/nucleo-mulheres\/wp-content\/uploads\/sites\/37\/2025\/12\/candDir2022-RossimiriamPFreitas-1-2.png\" alt=\"\" height=\"100\" width=\"100\" \/><\/div><\/div><div class=\"gutentor-single-item-content\"><h3 class=\"gutentor-single-item-title\">Rossimiriam Freitas<\/h3><p class=\"gutentor-single-item-designation\">(UFMG)<\/p><\/div><\/div><\/div><\/div><div class=\"gutentor-grid-column grid-lg-4 grid-md-4 grid-12\"><div class=\"gutentor-single-item gutentor-image team-template1 gutentor-single-item-1\"><div class=\"gutentor-template-wrapper\"><div class=\"gutentor-single-item-image-box\"><div class=\"gutentor-image-thumb\"><img loading=\"lazy\" decoding=\"async\" class=\"normal-image\" src=\"http:\/\/www.sbq.org.br\/nucleo-mulheres\/wp-content\/uploads\/sites\/37\/2024\/05\/elisa-orth-nucleo-mulheres.jpg\" alt=\"\" height=\"100\" width=\"100\" \/><\/div><\/div><div class=\"gutentor-single-item-content\"><h3 class=\"gutentor-single-item-title\">Elisa Orth<\/h3><p class=\"gutentor-single-item-designation\">(UFPR)<\/p><\/div><\/div><\/div><\/div><div class=\"gutentor-grid-column grid-lg-4 grid-md-4 grid-12\"><div class=\"gutentor-single-item gutentor-image team-template1 gutentor-single-item-2\"><div class=\"gutentor-template-wrapper\"><div class=\"gutentor-single-item-image-box\"><div class=\"gutentor-image-thumb\"><img loading=\"lazy\" decoding=\"async\" class=\"normal-image\" src=\"http:\/\/www.sbq.org.br\/nucleo-mulheres\/wp-content\/uploads\/sites\/37\/2024\/05\/vanderlan-nucleo-mulheres.png\" alt=\"\" height=\"100\" width=\"100\" \/><\/div><\/div><div class=\"gutentor-single-item-content\"><h3 class=\"gutentor-single-item-title\">Vanderlan Bolzani<\/h3><p class=\"gutentor-single-item-designation\">(IQAr-UNESP)<\/p><\/div><\/div><\/div><\/div><\/div><\/div><\/section>\n","protected":false},"excerpt":{"rendered":"<p>A SBQ vem dando, nos \u00faltimos anos, cada vez mais import\u00e2ncia ao fundamental debate sobre o papel das mulheres nas ci\u00eancias, de forma geral, e na qu\u00edmica em particular. Em 2017, durante a realiza\u00e7\u00e3o do 46\u00ba Congresso Mundial de Qu\u00edmica e da 40\u00aa RASBQ em SP, a SBQ, em associa\u00e7\u00e3o com a IUPAC, promoveu um [&hellip;]<\/p>\n","protected":false},"author":2,"featured_media":0,"parent":0,"menu_order":0,"comment_status":"closed","ping_status":"closed","template":"page-notitle","meta":{"footnotes":""},"_links":{"self":[{"href":"https:\/\/www.sbq.org.br\/nucleo-mulheres\/wp-json\/wp\/v2\/pages\/13"}],"collection":[{"href":"https:\/\/www.sbq.org.br\/nucleo-mulheres\/wp-json\/wp\/v2\/pages"}],"about":[{"href":"https:\/\/www.sbq.org.br\/nucleo-mulheres\/wp-json\/wp\/v2\/types\/page"}],"author":[{"embeddable":true,"href":"https:\/\/www.sbq.org.br\/nucleo-mulheres\/wp-json\/wp\/v2\/users\/2"}],"replies":[{"embeddable":true,"href":"https:\/\/www.sbq.org.br\/nucleo-mulheres\/wp-json\/wp\/v2\/comments?post=13"}],"version-history":[{"count":11,"href":"https:\/\/www.sbq.org.br\/nucleo-mulheres\/wp-json\/wp\/v2\/pages\/13\/revisions"}],"predecessor-version":[{"id":833,"href":"https:\/\/www.sbq.org.br\/nucleo-mulheres\/wp-json\/wp\/v2\/pages\/13\/revisions\/833"}],"wp:attachment":[{"href":"https:\/\/www.sbq.org.br\/nucleo-mulheres\/wp-json\/wp\/v2\/media?parent=13"}],"curies":[{"name":"wp","href":"https:\/\/api.w.org\/{rel}","templated":true}]}}