{"id":77,"date":"2024-01-11T11:02:45","date_gmt":"2024-01-11T14:02:45","guid":{"rendered":"https:\/\/www.sbq.org.br\/minasgerais\/?page_id=77"},"modified":"2024-05-14T15:34:35","modified_gmt":"2024-05-14T18:34:35","slug":"links","status":"publish","type":"page","link":"https:\/\/www.sbq.org.br\/minasgerais\/links\/","title":{"rendered":"Links"},"content":{"rendered":"\n<p><a href=\"http:\/\/www.eventos.ufu.br\/ersbq2016\" target=\"_blank\" rel=\"noreferrer noopener\">XXX ERSBQ-MG<\/a><\/p>\n\n\n\n<p>Site do XXX ERSBQMG<\/p>\n\n\n\n<p><a href=\"https:\/\/www.facebook.com\/SbqRegionalMinasGerais\/\" target=\"_blank\" rel=\"noreferrer noopener\">FACEBOOK SBQ-MG<\/a><\/p>\n\n\n\n<p>P\u00e1gina da SBQ-MG no Facebook<\/p>\n\n\n\n<p><a href=\"https:\/\/www.facebook.com\/SbqRegionalMinasGerais\/\" target=\"_blank\" rel=\"noreferrer noopener\">Confira os nomes dos 62 alunos e das 9 institui\u00e7\u00f5es que pegar\u00e3o carono com a SBQ-MG at\u00e9 o IUPAC2017<\/a><\/p>\n\n\n\n<p>Na p\u00e1gina da SBQ-MG no facebook voc\u00ea pode conferir os nomes dos 62 anos e as 9 institui\u00e7\u00f5es que pegar\u00e3o carona com a SBQ-MG at\u00e9 o IUPAC 2017<\/p>\n\n\n\n<p><a href=\"http:\/\/boletim.sbq.org.br\/noticias\/2017\/n2913.php\" target=\"_blank\" rel=\"noreferrer noopener\">SBQ_MG apoia ida de alunos a IUPAC com saldo de XXIXERSBQ 2015<\/a><\/p>\n\n\n\n<p>&#8220;Por enquanto, dos mais de 180 inscritos de Minas Gerais no IUPAC 2017, temos 62 alunos interessados no transporte, de nove institui\u00e7\u00f5es de ensino de todo o estado, incluindo a particular Newton Paiva.&#8221; Esta iniciativa s\u00f3 est\u00e1 sendo poss\u00edvel gra\u00e7as ao saldo positivo deixado pelo XXIX ERSBQ de 2015 (UFMG\/CEFETMG); este saldo vem apoiando os eventos do Calend\u00e1rio de Eventos da SBQ-MG e agora ir\u00e1 possibilitar que os estudantes de Minas peguem uma carona com a SBQ-MG at\u00e9 S\u00e3o Paulo.<\/p>\n\n\n\n<p><a href=\"https:\/\/xxxiersbqmg.unifei.edu.br\/sgea\/pg\/index\" target=\"_blank\" rel=\"noreferrer noopener\">XXXI ERSBQ &#8211; UNIFEI Itajub\u00e1<\/a><\/p>\n\n\n\n<p>Encontre todas as informa\u00e7\u00f5es sobre o XXXIERSBQ que ocorrer\u00e1 na UNIFEI Itajub\u00e1.<\/p>\n\n\n\n<p><a href=\"http:\/\/www.ufjf.br\/ersbqmg2018\/\" target=\"_blank\" rel=\"noreferrer noopener\">XXXII ERSBQ &#8211; Juiz de Fora<\/a><\/p>\n\n\n\n<p>O Encontro Regional da Sociedade Brasileira de Qu\u00edmica em Minas Gerais chega ao seu n\u00famero 32! Com certeza, hoje o ERSBQ-MG \u00e9 um evento tradicional no estado de Minas e representa a uni\u00e3o de alunos e profissionais de Qu\u00edmica com muita disposi\u00e7\u00e3o, conhecimento e vontade de trocar ideias. De todas as Regionais da SBQ pelo pa\u00eds, somos uma das mais importantes, juntos com a Regional Sul, o que mostra a for\u00e7a e representatividade de nosso estado junto \u00e0 comunidade cient\u00edfica. Na \u00faltima Reuni\u00e3o Anual da SBQ, em Foz do Igua\u00e7u, \u00e9ramos o segundo estado em quantidade de participantes.<\/p>\n\n\n\n<p><a href=\"https:\/\/www.ersbq2019.com\/\" target=\"_blank\" rel=\"noreferrer noopener\">XXXIII Encontro Regional da SBQ-MG<\/a><\/p>\n\n\n\n<p>Site oficial do evento em Uberaba\/2019<\/p>\n","protected":false},"excerpt":{"rendered":"<p>XXX ERSBQ-MG Site do XXX ERSBQMG FACEBOOK SBQ-MG P\u00e1gina da SBQ-MG no Facebook Confira os nomes dos 62 alunos e das 9 institui\u00e7\u00f5es que pegar\u00e3o carono com a SBQ-MG at\u00e9 o IUPAC2017 Na p\u00e1gina da SBQ-MG no facebook voc\u00ea pode conferir os nomes dos 62 anos e as 9 institui\u00e7\u00f5es que pegar\u00e3o carona com a [&hellip;]<\/p>\n","protected":false},"author":1,"featured_media":0,"parent":0,"menu_order":0,"comment_status":"closed","ping_status":"closed","template":"wp-custom-template-links","meta":{"footnotes":""},"_links":{"self":[{"href":"https:\/\/www.sbq.org.br\/minasgerais\/wp-json\/wp\/v2\/pages\/77"}],"collection":[{"href":"https:\/\/www.sbq.org.br\/minasgerais\/wp-json\/wp\/v2\/pages"}],"about":[{"href":"https:\/\/www.sbq.org.br\/minasgerais\/wp-json\/wp\/v2\/types\/page"}],"author":[{"embeddable":true,"href":"https:\/\/www.sbq.org.br\/minasgerais\/wp-json\/wp\/v2\/users\/1"}],"replies":[{"embeddable":true,"href":"https:\/\/www.sbq.org.br\/minasgerais\/wp-json\/wp\/v2\/comments?post=77"}],"version-history":[{"count":1,"href":"https:\/\/www.sbq.org.br\/minasgerais\/wp-json\/wp\/v2\/pages\/77\/revisions"}],"predecessor-version":[{"id":78,"href":"https:\/\/www.sbq.org.br\/minasgerais\/wp-json\/wp\/v2\/pages\/77\/revisions\/78"}],"wp:attachment":[{"href":"https:\/\/www.sbq.org.br\/minasgerais\/wp-json\/wp\/v2\/media?parent=77"}],"curies":[{"name":"wp","href":"https:\/\/api.w.org\/{rel}","templated":true}]}}