{"id":3,"date":"2014-09-26T21:09:51","date_gmt":"2014-09-27T00:09:51","guid":{"rendered":"https:\/\/www.sbq.org.br\/regional_minasgerais\/sobre-a-secretaria-regional-de-minas-gerais\/"},"modified":"2025-08-14T12:26:04","modified_gmt":"2025-08-14T15:26:04","slug":"sobre-a-secretaria-regional-de-minas-gerais","status":"publish","type":"page","link":"https:\/\/www.sbq.org.br\/minasgerais\/sobre-a-secretaria-regional-de-minas-gerais\/","title":{"rendered":"Sobre a Secretaria Regional de Minas Gerais"},"content":{"rendered":"<p><strong>Bem vindo \u00e0 SBQ-MG !<br \/>\nAqui voc\u00ea pode acompanhar as atividades da nossa secretaria.<\/strong><\/p>\n<p><strong>Contato:<\/strong><br \/>\n<strong>Secretaria Regional de Minas Gerais (2024-2026)<\/strong><br \/>\nA\/C.: Profa. Dra. Heveline Silva<br \/>\nDepartamento de Qu\u00edmica<br \/>\nUniversidade Federal de Minas Gerais<\/p>\n<p>CEP: <span class=\"_Xbe\">31270-901<\/span>, Campus Pampulha<br \/>\nFone: (31) 3409-5772<br \/>\nEmail:\u00a0<span style=\"color: #5f6368;font-family: Roboto, Helvetica, Arial, sans-serif;font-size: 14px;letter-spacing: 0.2px;text-align: center\">sbqregionalmg@gmail.com<\/span><\/p>\n<p><strong>Vice-Secret\u00e1ria<\/strong><br \/>\nProfa. Dra. Danielle Ferreira Dias<br \/>\nUniversidade Federal de Alfenas<\/p>\n<p><span data-action=\"new-message\"><strong>Tesoureiro<\/strong><br \/>\nProf. Dr. Celso de Oliveira Rezende J\u00fanior<br \/>\nUniversidade Federal de Uberl\u00e2ndia<\/span><\/p>\n<p><u><strong>Representantes Locais nas Institui\u00e7\u00f5es de Ensino Superior de Qu\u00edmica:<\/strong><\/u><\/p>\n<p>Adelir Aparecida Saczk\u00a0 \u00a0 \u00a0 \u00a0 \u00a0 \u00a0 \u00a0 \u00a0 \u00a0 \u00a0 \u00a0 UFLA<\/p>\n<p>Adilson C\u00e2ndido da Silva\u00a0 \u00a0 \u00a0 \u00a0 \u00a0 \u00a0 \u00a0 \u00a0 \u00a0 \u00a0UFOP<\/p>\n<p>Andr\u00e9 Fernando de Oliveira\u00a0 \u00a0 \u00a0 \u00a0 \u00a0 \u00a0 \u00a0 \u00a0UFV<\/p>\n<p>Antonio Carlos Doriguetto\u00a0 \u00a0 \u00a0 \u00a0 \u00a0 \u00a0 \u00a0 \u00a0 \u00a0UNIFAL-MG<\/p>\n<p>Antonio Carlos Sant Ana \u00a0\u00a0\u00a0\u00a0\u00a0\u00a0 \u00a0\u00a0\u00a0\u00a0\u00a0\u00a0\u00a0\u00a0\u00a0\u00a0\u00a0 UFJF<\/p>\n<p>Clebio Soares Nascimento J\u00fanior\u00a0 \u00a0 \u00a0 UFSJ- S\u00e3o Jo\u00e3o del-Rei<\/p>\n<p>Cristiane de Melo Cazal\u00a0\u00a0\u00a0\u00a0\u00a0\u00a0\u00a0\u00a0 \u00a0\u00a0\u00a0\u00a0\u00a0\u00a0\u00a0\u00a0\u00a0\u00a0\u00a0 IF Sudeste MG<\/p>\n<p>Daniel Alves Cerqueira\u00a0 \u00a0 \u00a0 \u00a0 \u00a0 \u00a0 \u00a0 \u00a0 \u00a0 \u00a0 \u00a0 \u00a0UFTM-Uberaba<\/p>\n<p>Eder Severino Xavier\u00a0 \u00a0\u00a0\u00a0\u00a0\u00a0\u00a0\u00a0\u00a0\u00a0\u00a0\u00a0\u00a0\u00a0\u00a0\u00a0\u00a0\u00a0\u00a0\u00a0\u00a0\u00a0\u00a0\u00a0 UFV-CRP<\/p>\n<p>Eder Tavares\u00a0 \u00a0 \u00a0 \u00a0 \u00a0 \u00a0 \u00a0 \u00a0 \u00a0 \u00a0 \u00a0 \u00a0 \u00a0 \u00a0 \u00a0 \u00a0 \u00a0 \u00a0 \u00a0 \u00a0UNIFEI<\/p>\n<p>Edson Nossol\u00a0 \u00a0 \u00a0 \u00a0 \u00a0 \u00a0 \u00a0 \u00a0 \u00a0 \u00a0 \u00a0 \u00a0 \u00a0 \u00a0 \u00a0 \u00a0 \u00a0 \u00a0\u00a0 UFU<\/p>\n<p>Elgte Elmin Borges de Paula\u00a0 \u00a0 \u00a0 \u00a0 \u00a0 \u00a0 \u00a0 \u00a0IF-SULDEMINAS<\/p>\n<p>Hallen Daniel Rezende Calado\u00a0 \u00a0 \u00a0 \u00a0 \u00a0 \u00a0UFMG<\/p>\n<p>Jos\u00e9 Augusto Ferreira Perez Villar\u00a0 \u00a0 \u00a0 UFSJ-campus Divin\u00f3polis<\/p>\n<p>Luiz Fernando Oliveira Maia\u00a0 \u00a0 \u00a0 \u00a0 \u00a0 \u00a0 \u00a0 \u00a0IF Norte de Minas Gerais- Campus Salinas<\/p>\n<p>Rafael de Oliveira Pedro\u00a0 \u00a0 \u00a0 \u00a0 \u00a0 \u00a0 \u00a0 \u00a0 \u00a0 \u00a0 \u00a0UEMG &#8211; Unidade Acad\u00eamica de Ituiutaba<\/p>\n<p>Raquel Vieira Mambrini\u00a0 \u00a0 \u00a0 \u00a0 \u00a0 \u00a0 \u00a0 \u00a0 \u00a0 \u00a0 \u00a0 CEFET-MG<\/p>\n<p>Wallans Torres Pio dos Santos\u00a0\u00a0\u00a0\u00a0\u00a0\u00a0\u00a0\u00a0\u00a0\u00a0 UFVJM<\/p>\n","protected":false},"excerpt":{"rendered":"<p>Bem vindo \u00e0 SBQ-MG ! Aqui voc\u00ea pode acompanhar as atividades da nossa secretaria. Contato: Secretaria Regional de Minas Gerais (2024-2026) A\/C.: Profa. Dra. Heveline Silva Departamento de Qu\u00edmica Universidade Federal de Minas Gerais CEP: 31270-901, Campus Pampulha Fone: (31) 3409-5772 Email:\u00a0sbqregionalmg@gmail.com Vice-Secret\u00e1ria Profa. Dra. Danielle Ferreira Dias Universidade Federal de Alfenas Tesoureiro Prof. Dr. [&hellip;]<\/p>\n","protected":false},"author":1,"featured_media":0,"parent":0,"menu_order":0,"comment_status":"closed","ping_status":"closed","template":"institucional","meta":{"footnotes":""},"_links":{"self":[{"href":"https:\/\/www.sbq.org.br\/minasgerais\/wp-json\/wp\/v2\/pages\/3"}],"collection":[{"href":"https:\/\/www.sbq.org.br\/minasgerais\/wp-json\/wp\/v2\/pages"}],"about":[{"href":"https:\/\/www.sbq.org.br\/minasgerais\/wp-json\/wp\/v2\/types\/page"}],"author":[{"embeddable":true,"href":"https:\/\/www.sbq.org.br\/minasgerais\/wp-json\/wp\/v2\/users\/1"}],"replies":[{"embeddable":true,"href":"https:\/\/www.sbq.org.br\/minasgerais\/wp-json\/wp\/v2\/comments?post=3"}],"version-history":[{"count":8,"href":"https:\/\/www.sbq.org.br\/minasgerais\/wp-json\/wp\/v2\/pages\/3\/revisions"}],"predecessor-version":[{"id":317,"href":"https:\/\/www.sbq.org.br\/minasgerais\/wp-json\/wp\/v2\/pages\/3\/revisions\/317"}],"wp:attachment":[{"href":"https:\/\/www.sbq.org.br\/minasgerais\/wp-json\/wp\/v2\/media?parent=3"}],"curies":[{"name":"wp","href":"https:\/\/api.w.org\/{rel}","templated":true}]}}