{"id":290,"date":"2025-07-22T10:45:42","date_gmt":"2025-07-22T13:45:42","guid":{"rendered":"https:\/\/www.sbq.org.br\/minasgerais\/?page_id=290"},"modified":"2025-08-14T10:34:09","modified_gmt":"2025-08-14T13:34:09","slug":"premio-destaque-em-pesquisa-2025","status":"publish","type":"page","link":"https:\/\/www.sbq.org.br\/minasgerais\/premio-destaque-em-pesquisa-2025\/","title":{"rendered":"Pr\u00eamio destaque em Pesquisa 2025"},"content":{"rendered":"\n<p>Est\u00e3o abertas, at\u00e9 dia 19\/8\/2025, as inscri\u00e7\u00f5es para o Pr\u00eamio Destaque em Pesquisa da SBQ regional MG para o ano de 2025. Acesse o <a href=\"https:\/\/www.sbq.org.br\/minasgerais\/wp-content\/uploads\/sites\/26\/2025\/08\/Edital_-Premio-Destaque-em-Pesquisa-ERSBQMG2025.pdf\" data-type=\"link\" data-id=\"https:\/\/www.sbq.org.br\/minasgerais\/wp-admin\/upload.php?item=292\" target=\"_blank\" rel=\"noreferrer noopener\">edital<\/a> e fique por dentro.<\/p>\n\n\n\n<p>Neste ano ser\u00e3o premiadas as categorias Pesquisador Pleno e Jovem Pesquisador.<\/p>\n\n\n\n<p>A premia\u00e7\u00e3o ser\u00e1 durante o 37\u00ba Encontro Regional da SBQ MG em Ouro Preto, no m\u00eas de outubro.<\/p>\n\n\n","protected":false},"excerpt":{"rendered":"<p>Est\u00e3o abertas, at\u00e9 dia 19\/8\/2025, as inscri\u00e7\u00f5es para o Pr\u00eamio Destaque em Pesquisa da SBQ regional MG para o ano de 2025. Acesse o edital e fique por dentro. Neste ano ser\u00e3o premiadas as categorias Pesquisador Pleno e Jovem Pesquisador. A premia\u00e7\u00e3o ser\u00e1 durante o 37\u00ba Encontro Regional da SBQ MG em Ouro Preto, no [&hellip;]<\/p>\n","protected":false},"author":27,"featured_media":0,"parent":0,"menu_order":0,"comment_status":"closed","ping_status":"closed","template":"","meta":{"footnotes":""},"_links":{"self":[{"href":"https:\/\/www.sbq.org.br\/minasgerais\/wp-json\/wp\/v2\/pages\/290"}],"collection":[{"href":"https:\/\/www.sbq.org.br\/minasgerais\/wp-json\/wp\/v2\/pages"}],"about":[{"href":"https:\/\/www.sbq.org.br\/minasgerais\/wp-json\/wp\/v2\/types\/page"}],"author":[{"embeddable":true,"href":"https:\/\/www.sbq.org.br\/minasgerais\/wp-json\/wp\/v2\/users\/27"}],"replies":[{"embeddable":true,"href":"https:\/\/www.sbq.org.br\/minasgerais\/wp-json\/wp\/v2\/comments?post=290"}],"version-history":[{"count":8,"href":"https:\/\/www.sbq.org.br\/minasgerais\/wp-json\/wp\/v2\/pages\/290\/revisions"}],"predecessor-version":[{"id":307,"href":"https:\/\/www.sbq.org.br\/minasgerais\/wp-json\/wp\/v2\/pages\/290\/revisions\/307"}],"wp:attachment":[{"href":"https:\/\/www.sbq.org.br\/minasgerais\/wp-json\/wp\/v2\/media?parent=290"}],"curies":[{"name":"wp","href":"https:\/\/api.w.org\/{rel}","templated":true}]}}