{"id":23,"date":"2015-03-03T20:17:09","date_gmt":"2015-03-03T23:17:09","guid":{"rendered":"https:\/\/www.sbq.org.br\/regional_minasgerais\/premio-destaque-em-pq-edicao-2014\/"},"modified":"2024-05-14T15:35:32","modified_gmt":"2024-05-14T18:35:32","slug":"premio-destaque-em-pq-edicao-2014","status":"publish","type":"page","link":"https:\/\/www.sbq.org.br\/minasgerais\/premio-destaque-em-pq-edicao-2014\/","title":{"rendered":"Pr\u00eamio Destaque em PQ, edi\u00e7\u00e3o 2014"},"content":{"rendered":"<p><span style=\"color: rgb(68, 68, 68); font-family: 'Helvetica Neue', Helvetica, Arial, sans-serif; font-size: 14px; line-height: 20px;\">A Diretoria da Secretaria Regional de Minas Gerais da Sociedade Brasileira de Qu\u00edmica, de acordo com consultas realizadas entre setembro e outubro de 2014, vem tornar p\u00fablico o Pr\u00eamio Destaque em Pesquisa SBQ-MG , edi\u00e7\u00e3o 2014. Confira no anexo:<\/span><\/p>\n<p><a href='http:\/\/www.sbq.org.br\/wp-content\/uploads\/sites\/26\/2023\/12\/premio-pq_senior_sbq-mg-2014.pdf'>http:\/\/www.sbq.org.br\/wp-content\/uploads\/sites\/26\/2023\/12\/premio-pq_senior_sbq-mg-2014.pdf<\/a><\/p>\n","protected":false},"excerpt":{"rendered":"<p>A Diretoria da Secretaria Regional de Minas Gerais da Sociedade Brasileira de Qu\u00edmica, de acordo com consultas realizadas entre setembro e outubro de 2014, vem tornar p\u00fablico o Pr\u00eamio Destaque em Pesquisa SBQ-MG , edi\u00e7\u00e3o 2014. Confira no anexo: http:\/\/www.sbq.org.br\/wp-content\/uploads\/sites\/26\/2023\/12\/premio-pq_senior_sbq-mg-2014.pdf<\/p>\n","protected":false},"author":1,"featured_media":0,"parent":0,"menu_order":0,"comment_status":"closed","ping_status":"closed","template":"wp-custom-template-links","meta":{"footnotes":""},"_links":{"self":[{"href":"https:\/\/www.sbq.org.br\/minasgerais\/wp-json\/wp\/v2\/pages\/23"}],"collection":[{"href":"https:\/\/www.sbq.org.br\/minasgerais\/wp-json\/wp\/v2\/pages"}],"about":[{"href":"https:\/\/www.sbq.org.br\/minasgerais\/wp-json\/wp\/v2\/types\/page"}],"author":[{"embeddable":true,"href":"https:\/\/www.sbq.org.br\/minasgerais\/wp-json\/wp\/v2\/users\/1"}],"replies":[{"embeddable":true,"href":"https:\/\/www.sbq.org.br\/minasgerais\/wp-json\/wp\/v2\/comments?post=23"}],"version-history":[{"count":1,"href":"https:\/\/www.sbq.org.br\/minasgerais\/wp-json\/wp\/v2\/pages\/23\/revisions"}],"predecessor-version":[{"id":218,"href":"https:\/\/www.sbq.org.br\/minasgerais\/wp-json\/wp\/v2\/pages\/23\/revisions\/218"}],"wp:attachment":[{"href":"https:\/\/www.sbq.org.br\/minasgerais\/wp-json\/wp\/v2\/media?parent=23"}],"curies":[{"name":"wp","href":"https:\/\/api.w.org\/{rel}","templated":true}]}}